{"id":6059,"date":"2020-09-16T16:44:07","date_gmt":"2020-09-16T14:44:07","guid":{"rendered":"http:\/\/fle-nl.com\/?page_id=6059"},"modified":"2024-07-31T16:12:38","modified_gmt":"2024-07-31T14:12:38","slug":"rse-et-developpement-durable","status":"publish","type":"page","link":"https:\/\/fle-nl.com\/fr\/presentation\/rse-et-developpement-durable\/","title":{"rendered":"RSE et d\u00e9veloppement durable"},"content":{"rendered":"<div  class=\"tatsu-v-OWrlFud tatsu-section  tatsu-section-custom-height tatsu-bg-overlay   tatsu-clearfix\" data-title=\"\"  data-headerscheme=\"background--dark\"><div class = \"tatsu-custom-height-wrap\"><div class='tatsu-section-pad clearfix' data-padding='{\"d\":\"50px 0% 50px 0%\"}' data-padding-top='50px'><div class=\"tatsu-row-wrap  tatsu-wrap tatsu-row-one-col tatsu-row-has-one-cols tatsu-medium-gutter tatsu-reg-cols  tatsu-clearfix tatsu-jSvSrXaTdr\" ><div  class=\"tatsu-row \" ><div  class=\"tatsu-column  tatsu-column-no-bg tatsu-one-col tatsu-column-image-none tatsu-column-effect-none  tatsu-Bfyqj_IiWl\"  data-parallax-speed=\"0\" style=\"\"><div class=\"tatsu-column-inner \" ><div class=\"tatsu-column-pad-wrap\"><div class=\"tatsu-column-pad\" ><div  class=\"tatsu-module tatsu-inline-text clearfix tatsu-8cHBD5t6am   \" ><style>.tatsu-8cHBD5t6am .tatsu-inline-text-inner{width: 100%;text-align: left;}@media only screen and (max-width: 767px) {.tatsu-8cHBD5t6am .tatsu-inline-text-inner{width: 100%;}}<\/style><div class=\"tatsu-inline-text-inner tatsu-align-center\">\n<h1 style=\"text-align: center;\"><span class=\"swatch-white\">RSE et d\u00e9veloppement durable<\/span><\/h1>\n<\/div><\/div><\/div><\/div><div class = \"tatsu-column-bg-image-wrap\"><div class = \"tatsu-column-bg-image tatsu-bg-lazyload\" data-src = \"\"><\/div><\/div><\/div><style>.tatsu-row > .tatsu-Bfyqj_IiWl.tatsu-column{width: 100%;}.tatsu-Bfyqj_IiWl.tatsu-column > .tatsu-column-inner > .tatsu-column-overlay{mix-blend-mode: none;}.tatsu-Bfyqj_IiWl > .tatsu-column-inner > .tatsu-top-divider{z-index: 9999;}.tatsu-Bfyqj_IiWl > .tatsu-column-inner > .tatsu-bottom-divider{z-index: 9999;}.tatsu-Bfyqj_IiWl > .tatsu-column-inner > .tatsu-left-divider{z-index: 9999;}.tatsu-Bfyqj_IiWl > .tatsu-column-inner > .tatsu-right-divider{z-index: 9999;}<\/style><\/div><\/div><\/div><\/div><div class=\"tatsu-section-background-wrap\"><div class = \"tatsu-section-background tatsu-bg-lazyload\" data-src = \"\"><\/div><\/div><div class=\"tatsu-overlay tatsu-section-overlay\"><\/div><\/div><style>.tatsu-v-OWrlFud .tatsu-section-pad{padding: 50px 0% 50px 0%;}.tatsu-v-OWrlFud > .tatsu-bottom-divider{z-index: 1000;}.tatsu-v-OWrlFud > .tatsu-top-divider{z-index: 9999;}.tatsu-v-OWrlFud .tatsu-section-overlay{background: rgba(178,223,154,1);mix-blend-mode: normal;}.tatsu-v-OWrlFud .tatsu-custom-height-wrap{align-items: center;min-height: 10vh;}<\/style><\/div><div  class=\"tatsu-qZTfVbIX8T tatsu-section  tatsu-bg-overlay   tatsu-clearfix\" data-title=\"\"  data-headerscheme=\"background--dark\"><div class='tatsu-section-pad clearfix' data-padding='{\"d\":\"91px 0px 0px 0px\"}' data-padding-top='91px'><div class=\"tatsu-row-wrap  tatsu-wrap tatsu-row-one-col tatsu-row-has-one-cols tatsu-medium-gutter tatsu-reg-cols  tatsu-clearfix tatsu-87_XAMiQsP\" ><div  class=\"tatsu-row \" ><div  class=\"tatsu-column  tatsu-bg-overlay tatsu-one-col tatsu-column-image-none tatsu-column-effect-none  tatsu-Xn0mh9zvW\"  data-parallax-speed=\"0\" style=\"\"><div class=\"tatsu-column-inner \" ><div class=\"tatsu-column-pad-wrap\"><div class=\"tatsu-column-pad\" ><div  class=\"tatsu-module tatsu-inline-text clearfix tatsu-2ltCu9y0X   \" ><style>.tatsu-2ltCu9y0X .tatsu-inline-text-inner{width: 100%;text-align: left;}@media only screen and (max-width: 767px) {.tatsu-2ltCu9y0X .tatsu-inline-text-inner{width: 100%;}}<\/style><div class=\"tatsu-inline-text-inner tatsu-align-center\">\n<p class=\"MsoNormal\"><span lang=\"FR\"><span class=\"palette-0 MsoNormal\">Plus que jamais d&rsquo;actualit\u00e9 : la responsabilit\u00e9 sociale des entreprises et le transport durable. Des sujets que nous prenons tr\u00e8s au s\u00e9rieux chez Freight Line Europe, parce que nous voulons contribuer \u00e0 un monde meilleur.<\/span><\/span><\/p>\n<\/div><\/div><\/div><\/div><div class = \"tatsu-column-bg-image-wrap\"><div class = \"tatsu-column-bg-image tatsu-bg-lazyload\" data-src = \"\"><\/div><\/div><div class=\"tatsu-overlay tatsu-column-overlay tatsu-animate-none\" ><\/div><\/div><style>.tatsu-row > .tatsu-Xn0mh9zvW.tatsu-column{width: 100%;}.tatsu-Xn0mh9zvW.tatsu-column > .tatsu-column-inner > .tatsu-column-overlay{mix-blend-mode: normal;}.tatsu-Xn0mh9zvW > .tatsu-column-inner > .tatsu-top-divider{z-index: 9999;}.tatsu-Xn0mh9zvW > .tatsu-column-inner > .tatsu-bottom-divider{z-index: 9999;}.tatsu-Xn0mh9zvW > .tatsu-column-inner > .tatsu-left-divider{z-index: 9999;}.tatsu-Xn0mh9zvW > .tatsu-column-inner > .tatsu-right-divider{z-index: 9999;}@media only screen and (max-width:1377px) {.tatsu-row > .tatsu-Xn0mh9zvW.tatsu-column{width: 100%;}}@media only screen and (min-width:768px) and (max-width: 1024px) {.tatsu-row > .tatsu-Xn0mh9zvW.tatsu-column{width: 100%;}}@media only screen and (max-width: 767px) {.tatsu-row > .tatsu-Xn0mh9zvW.tatsu-column{width: 100%;}}<\/style><\/div><\/div><\/div><\/div><div class=\"tatsu-section-background-wrap\"><div class = \"tatsu-section-background tatsu-bg-lazyload\" data-src = \"\"><\/div><\/div><div class=\"tatsu-overlay tatsu-section-overlay\"><\/div><style>.tatsu-qZTfVbIX8T.tatsu-section{background-color: rgba(255,255,255,1);}.tatsu-qZTfVbIX8T .tatsu-section-pad{padding: 91px 0px 0px 0px;}.tatsu-qZTfVbIX8T .tatsu-section-offset-wrap{transform: translateY(-0px);}.tatsu-qZTfVbIX8T > .tatsu-bottom-divider{z-index: 9999;}.tatsu-qZTfVbIX8T > .tatsu-top-divider{z-index: 9999;}.tatsu-qZTfVbIX8T .tatsu-section-overlay{mix-blend-mode: normal;}<\/style><\/div><div  class=\"tatsu-J_QCr47unv tatsu-section  tatsu-bg-overlay   tatsu-clearfix\" data-title=\"\"  data-headerscheme=\"background--dark\"><div class='tatsu-section-pad clearfix' data-padding='{\"d\":\"90px 0px 90px 0px\"}' data-padding-top='90px'><div class=\"tatsu-row-wrap  tatsu-wrap tatsu-row-has-one-half tatsu-row-has-two-cols tatsu-large-gutter tatsu-reg-cols  tatsu-clearfix tatsu-SRLiqyI4u7\" ><div  class=\"tatsu-row \" ><div  class=\"tatsu-column  tatsu-bg-overlay tatsu-one-half tatsu-column-image-none tatsu-column-effect-none  tatsu-BqZO9EL4a\"  data-parallax-speed=\"0\" style=\"\"><div class=\"tatsu-column-inner \" ><div class=\"tatsu-column-pad-wrap\"><div class=\"tatsu-column-pad\" ><div  class=\"tatsu-module tatsu-text-block-wrap tatsu-Hyr6j_gJT  \"><div class=\"tatsu-text-inner tatsu-align-center  clearfix\" ><style>.tatsu-Hyr6j_gJT.tatsu-text-block-wrap .tatsu-text-inner{width: 100%;text-align: left;color: rgba(0,161,230,1) ;}.tatsu-Hyr6j_gJT .tatsu-text-inner *{color: rgba(0,161,230,1) ;}<\/style>\n<h3><strong>Quoi de mieux que d&rsquo;aider les gens sur le chemin?<\/strong><\/h3>\n<\/div><\/div><div  class=\"tatsu-module tatsu-inline-text clearfix tatsu-TBJuJ3Kq2   \" ><style>.tatsu-TBJuJ3Kq2 .tatsu-inline-text-inner{width: 100%;text-align: left;}@media only screen and (max-width: 767px) {.tatsu-TBJuJ3Kq2 .tatsu-inline-text-inner{width: 100%;}}<\/style><div class=\"tatsu-inline-text-inner tatsu-align-center\">\n<p class=\"MsoNormal\"><span class=\"palette-0 MsoNormal\" lang=\"FR\">Tout le monde n&rsquo;a pas les m\u00eames chances dans ce monde. En tant qu&rsquo;entrepreneurs, nous pouvons faire la diff\u00e9rence. Surtout en tant qu&rsquo;entrepreneur socialement responsable comme nous le sommes chez Freight Line Europe. Ces derni\u00e8res ann\u00e9es, nous avons contribu\u00e9 \u00e0 faire avancer diverses initiatives en faveur de personnes, de fondations et d&rsquo;associations.\u00a0 Depuis de nombreuses ann\u00e9es, nous travaillons en \u00e9troite collaboration avec Team Westland, un \u00e9v\u00e9nement local annuel qui vise \u00e0 collecter autant d&rsquo;argent que possible pour la lutte contre le cancer. <\/span><\/p>\n<p>\u00a0<\/p>\n<p class=\"MsoNormal\"><span lang=\"FR\"><span class=\"palette-0 MsoNormal\">Nous leur apportons un soutien financier, du mat\u00e9riel et de la main-d&rsquo;\u0153uvre. Parce qu&rsquo;il y a toujours un chemin \u00e0 parcourir pour une bonne cause!<\/span><\/span><\/p>\n<\/div><\/div><ul  class=\"tatsu-module tatsu-list tatsu-2h0PtpIRvd    tatsu-list-vertical-align-center tatsu-lists-icon\" ><style>.tatsu-2h0PtpIRvd{margin: 0px 0px 30px 0px;}.tatsu-2h0PtpIRvd .tatsu-list-content{margin: 0 0 12px 0px;}.tatsu-2h0PtpIRvd .tatsu-list-content::before, .tatsu-2h0PtpIRvd .tatsu-icon{color: rgba(34,147,215,1) ;}<\/style><li  class=\"tatsu-list-content tatsu-OC1wV3RKR   \" ><div class=\"tatsu-list-icon-wrap\" ><i class=\"tatsu-icon tatsu-icon-heart \"><\/i><\/div><div class=\"tatsu-list-inner\">\n<h6><a href=\"https:\/\/www.teamwestland.nl\/\">Team Westland<\/a><\/h6>\n<\/div><style>.tatsu-OC1wV3RKR{border-style: solid;}<\/style><\/li><\/ul><\/div><\/div><div class = \"tatsu-column-bg-image-wrap\"><div class = \"tatsu-column-bg-image tatsu-bg-lazyload\" data-src = \"\"><\/div><\/div><div class=\"tatsu-overlay tatsu-column-overlay tatsu-animate-none\" ><\/div><\/div><style>.tatsu-row > .tatsu-BqZO9EL4a.tatsu-column{width: 50%;}.tatsu-BqZO9EL4a.tatsu-column > .tatsu-column-inner > .tatsu-column-overlay{mix-blend-mode: normal;}.tatsu-BqZO9EL4a > .tatsu-column-inner > .tatsu-top-divider{z-index: 9999;}.tatsu-BqZO9EL4a > .tatsu-column-inner > .tatsu-bottom-divider{z-index: 9999;}.tatsu-BqZO9EL4a > .tatsu-column-inner > .tatsu-left-divider{z-index: 9999;}.tatsu-BqZO9EL4a > .tatsu-column-inner > .tatsu-right-divider{z-index: 9999;}@media only screen and (max-width:1377px) {.tatsu-row > .tatsu-BqZO9EL4a.tatsu-column{width: 50%;}}@media only screen and (min-width:768px) and (max-width: 1024px) {.tatsu-row > .tatsu-BqZO9EL4a.tatsu-column{width: 50%;}}@media only screen and (max-width: 767px) {.tatsu-row > .tatsu-BqZO9EL4a.tatsu-column{width: 100%;}}<\/style><\/div><div  class=\"tatsu-column  tatsu-bg-overlay tatsu-one-half tatsu-column-image-none tatsu-column-effect-none  tatsu-irxyaVaffw\"  data-parallax-speed=\"0\" style=\"\"><div class=\"tatsu-column-inner \" ><div class=\"tatsu-column-pad-wrap\"><div class=\"tatsu-column-pad\" ><div  class=\"tatsu-module tatsu-text-block-wrap tatsu-BJopj_eyp  \"><div class=\"tatsu-text-inner tatsu-align-center  clearfix\" ><style>.tatsu-BJopj_eyp.tatsu-text-block-wrap .tatsu-text-inner{width: 100%;text-align: left;color: rgba(0,161,230,1) ;}.tatsu-BJopj_eyp .tatsu-text-inner *{color: rgba(0,161,230,1) ;}<\/style>\n<h3><strong>Plus loin dans le d\u00e9veloppement durable<\/strong><\/h3>\n<\/div><\/div><div  class=\"tatsu-module tatsu-inline-text clearfix tatsu-UFRoRSNdE   \" ><style>.tatsu-UFRoRSNdE .tatsu-inline-text-inner{width: 100%;text-align: left;}@media only screen and (max-width: 767px) {.tatsu-UFRoRSNdE .tatsu-inline-text-inner{width: 100%;}}<\/style><div class=\"tatsu-inline-text-inner tatsu-align-center\">\n<p class=\"MsoNormal\"><span class=\"palette-0 MsoNormal\" lang=\"FR\">Chez Freight Line Europe, nous faisons tout ce qui est en notre pouvoir pour minimiser notre impact sur l&rsquo;environnement. Une occasion en or pour une entreprise de transport qui a l&rsquo;habitude de prendre ses responsabilit\u00e9s dans ce domaine. C&rsquo;est pourquoi nous rempla\u00e7ons nos \u00e9quipements plus t\u00f4t que la moyenne, afin de toujours disposer des moteurs les plus propres. Il est tout aussi important de conduire de mani\u00e8re responsable. <\/span><\/p>\n<p class=\"MsoNormal\"><span class=\"palette-0 MsoNormal\" lang=\"FR\">C&rsquo;est pourquoi la formation \u00e0 la conduite est principalement ax\u00e9e sur l&rsquo;utilisation \u00e9conomique du carburant.\u00a0 Les conducteurs qui conduisent de mani\u00e8re consciente peuvent compter sur une r\u00e9compense dans le cadre d&rsquo;un programme de r\u00e9compense. <\/span><\/p>\n<p><span class=\"palette-0 MsoNormal\"><span style=\"font-size: 20px;\">Une autre fa\u00e7on de r\u00e9duire au minimum le nombre de kilom\u00e8tres inutilis\u00e9s est de planifier des trajets intelligents. En choisissant l&rsquo;itin\u00e9raire le plus efficace, nos clients et nous-m\u00eames r\u00e9alisons des \u00e9conomies consid\u00e9rables. En outre, cela contribue \u00e0 la r\u00e9duction des \u00e9missions de CO2, et cela ne concerne pas seulement les kilom\u00e8tres de transport. Nos installations sans gaz \u00e0 Maasdijk sont parmi les plus durables du Honderdland Business Park. Les 800 panneaux solaires install\u00e9s sur notre toit suffisent \u00e0 couvrir nos propres besoins en \u00e9lectricit\u00e9, soit les besoins \u00e9nerg\u00e9tiques annuels de 126 m\u00e9nages. Tout l&rsquo;\u00e9clairage est bien s\u00fbr \u00e0 LED, ce qui est \u00e9conomique.<\/span>\u00a0<\/span><\/p>\n<\/div><\/div><\/div><\/div><div class = \"tatsu-column-bg-image-wrap\"><div class = \"tatsu-column-bg-image tatsu-bg-lazyload\" data-src = \"\"><\/div><\/div><div class=\"tatsu-overlay tatsu-column-overlay tatsu-animate-none\" ><\/div><\/div><style>.tatsu-row > .tatsu-irxyaVaffw.tatsu-column{width: 50%;}.tatsu-irxyaVaffw.tatsu-column > .tatsu-column-inner > .tatsu-column-overlay{mix-blend-mode: normal;}.tatsu-irxyaVaffw > .tatsu-column-inner > .tatsu-top-divider{z-index: 9999;}.tatsu-irxyaVaffw > .tatsu-column-inner > .tatsu-bottom-divider{z-index: 9999;}.tatsu-irxyaVaffw > .tatsu-column-inner > .tatsu-left-divider{z-index: 9999;}.tatsu-irxyaVaffw > .tatsu-column-inner > .tatsu-right-divider{z-index: 9999;}@media only screen and (max-width:1377px) {.tatsu-row > .tatsu-irxyaVaffw.tatsu-column{width: 50%;}}@media only screen and (min-width:768px) and (max-width: 1024px) {.tatsu-row > .tatsu-irxyaVaffw.tatsu-column{width: 50%;}}@media only screen and (max-width: 767px) {.tatsu-row > .tatsu-irxyaVaffw.tatsu-column{width: 100%;}}<\/style><\/div><\/div><\/div><\/div><div class=\"tatsu-section-background-wrap\"><div class = \"tatsu-section-background tatsu-bg-lazyload\" data-src = \"\"><\/div><\/div><div class=\"tatsu-overlay tatsu-section-overlay\"><\/div><style>.tatsu-J_QCr47unv .tatsu-section-pad{padding: 90px 0px 90px 0px;}.tatsu-J_QCr47unv .tatsu-section-offset-wrap{transform: translateY(-0px);}.tatsu-J_QCr47unv > .tatsu-bottom-divider{z-index: 9999;}.tatsu-J_QCr47unv > .tatsu-top-divider{z-index: 9999;}.tatsu-J_QCr47unv .tatsu-section-overlay{mix-blend-mode: normal;}<\/style><\/div><div  class=\"tatsu-gZqu-V1SYU tatsu-section  tatsu-bg-overlay   tatsu-clearfix\" data-title=\"\"  data-headerscheme=\"background--dark\"><div class='tatsu-section-pad clearfix' data-padding='{\"d\":\"90px 0px 90px 0px\"}' data-padding-top='90px'><div class=\"tatsu-row-wrap  tatsu-wrap tatsu-row-has-one-half tatsu-row-has-two-cols tatsu-medium-gutter tatsu-reg-cols  tatsu-clearfix tatsu-A56R30ARbd\" ><div  class=\"tatsu-row \" ><div  class=\"tatsu-column  tatsu-bg-overlay tatsu-one-half tatsu-column-image-none tatsu-column-effect-none  tatsu-Ji8fbbSW1\"  data-parallax-speed=\"0\" style=\"\"><div class=\"tatsu-column-inner \" ><div class=\"tatsu-column-pad-wrap\"><div class=\"tatsu-column-pad\" ><div  class=\"tatsu-module tatsu-text-block-wrap tatsu-ryMDhOx16  \"><div class=\"tatsu-text-inner tatsu-align-center  clearfix\" ><style>.tatsu-ryMDhOx16.tatsu-text-block-wrap .tatsu-text-inner{width: 100%;text-align: left;color: rgba(255,255,255,1) ;}.tatsu-ryMDhOx16 .tatsu-text-inner *{color: rgba(255,255,255,1) ;}<\/style>\n<h3><strong>Les personnes font la diff\u00e9rence<\/strong><\/h3>\n<\/div><\/div><div  class=\"tatsu-module tatsu-inline-text clearfix tatsu-O2n_lfvXE   \" ><style>.tatsu-O2n_lfvXE .tatsu-inline-text-inner{width: 100%;text-align: left;}@media only screen and (max-width: 767px) {.tatsu-O2n_lfvXE .tatsu-inline-text-inner{width: 100%;}}<\/style><div class=\"tatsu-inline-text-inner tatsu-align-center\">\n<p class=\"MsoNormal\"><span lang=\"FR\"><span class=\"palette-1 MsoNormal\">De quoi s&rsquo;agit-il vraiment dans les transports ? Les personnes. Il s&rsquo;agit de personnes qui font tout ce qui est en leur pouvoir pour fournir le service parfait pour lequel nous sommes connus depuis 2007. C&rsquo;est pourquoi nous ne sommes pas seulement un employeur agr\u00e9able pour nos collaborateurs, mais aussi une organisation qui les aide \u00e0 se d\u00e9velopper et qui cr\u00e9e des opportunit\u00e9s pour l&rsquo;avenir. Chez nous, vous trouverez toujours les bonnes personnes. \u00c0 votre service!<\/span><\/span><\/p>\n<\/div><\/div><\/div><\/div><div class = \"tatsu-column-bg-image-wrap\"><div class = \"tatsu-column-bg-image tatsu-bg-lazyload\" data-src = \"\"><\/div><\/div><div class=\"tatsu-overlay tatsu-column-overlay tatsu-animate-none\" ><\/div><\/div><style>.tatsu-row > .tatsu-Ji8fbbSW1.tatsu-column{width: 50%;}.tatsu-Ji8fbbSW1.tatsu-column > .tatsu-column-inner > .tatsu-column-overlay{mix-blend-mode: normal;}.tatsu-Ji8fbbSW1 > .tatsu-column-inner > .tatsu-top-divider{z-index: 9999;}.tatsu-Ji8fbbSW1 > .tatsu-column-inner > .tatsu-bottom-divider{z-index: 9999;}.tatsu-Ji8fbbSW1 > .tatsu-column-inner > .tatsu-left-divider{z-index: 9999;}.tatsu-Ji8fbbSW1 > .tatsu-column-inner > .tatsu-right-divider{z-index: 9999;}@media only screen and (max-width:1377px) {.tatsu-row > .tatsu-Ji8fbbSW1.tatsu-column{width: 50%;}}@media only screen and (min-width:768px) and (max-width: 1024px) {.tatsu-row > .tatsu-Ji8fbbSW1.tatsu-column{width: 50%;}}@media only screen and (max-width: 767px) {.tatsu-row > .tatsu-Ji8fbbSW1.tatsu-column{width: 100%;}}<\/style><\/div><div  class=\"tatsu-column  tatsu-bg-overlay tatsu-one-half tatsu-column-image-none tatsu-column-effect-none  tatsu-H1e5b6_e1p\"  data-parallax-speed=\"0\" style=\"\"><div class=\"tatsu-column-inner \" ><div class=\"tatsu-column-pad-wrap\"><div class=\"tatsu-column-pad\" ><div  class=\"tatsu-single-image tatsu-module tatsu-image-lazyload tatsu-external-image tatsu-rkyfp_g16  \" ><div class=\"tatsu-single-image-inner \" style=\"\" ><div class = \"tatsu-single-image-padding-wrap\" style = \"\" ><\/div><img class = \"tatsu-gradient-border\" data-src = \"http:\/\/fle-nl.com\/wp-content\/uploads\/2024\/07\/Freight-Line_augustus_SylvanaLansu-9-scaled.jpg\" alt =\" \"  src =\"data:image\/png;base64,iVBORw0KGgoAAAANSUhEUgAAAAEAAAABCAQAAAC1HAwCAAAAC0lEQVR42mNkYAAAAAYAAjCB0C8AAAAASUVORK5CYII=\"  \/><\/div><style>.tatsu-rkyfp_g16 .tatsu-single-image-inner{border-style: solid;max-width: 100%;}.tatsu-rkyfp_g16.tatsu-single-image{transform: translate3d(0px,0px, 0);}<\/style><\/div><\/div><\/div><div class = \"tatsu-column-bg-image-wrap\"><div class = \"tatsu-column-bg-image tatsu-bg-lazyload\" data-src = \"\"><\/div><\/div><div class=\"tatsu-overlay tatsu-column-overlay tatsu-animate-none\" ><\/div><\/div><style>.tatsu-row > .tatsu-H1e5b6_e1p.tatsu-column{width: 50%;}.tatsu-H1e5b6_e1p.tatsu-column > .tatsu-column-inner > .tatsu-column-overlay{mix-blend-mode: normal;}.tatsu-H1e5b6_e1p > .tatsu-column-inner > .tatsu-top-divider{z-index: 9999;}.tatsu-H1e5b6_e1p > .tatsu-column-inner > .tatsu-bottom-divider{z-index: 9999;}.tatsu-H1e5b6_e1p > .tatsu-column-inner > .tatsu-left-divider{z-index: 9999;}.tatsu-H1e5b6_e1p > .tatsu-column-inner > .tatsu-right-divider{z-index: 9999;}@media only screen and (max-width:1377px) {.tatsu-row > .tatsu-H1e5b6_e1p.tatsu-column{width: 50%;}}@media only screen and (min-width:768px) and (max-width: 1024px) {.tatsu-row > .tatsu-H1e5b6_e1p.tatsu-column{width: 50%;}}@media only screen and (max-width: 767px) {.tatsu-row > .tatsu-H1e5b6_e1p.tatsu-column{width: 100%;}}<\/style><\/div><\/div><\/div><\/div><div class=\"tatsu-section-background-wrap\"><div class = \"tatsu-section-background tatsu-bg-lazyload\" data-src = \"\"><\/div><\/div><div class=\"tatsu-overlay tatsu-section-overlay\"><\/div><style>.tatsu-gZqu-V1SYU.tatsu-section{background-color: rgba(218,180,221,1);}.tatsu-gZqu-V1SYU .tatsu-section-pad{padding: 90px 0px 90px 0px;}.tatsu-gZqu-V1SYU .tatsu-section-offset-wrap{transform: translateY(-0px);}.tatsu-gZqu-V1SYU > .tatsu-bottom-divider{z-index: 9999;}.tatsu-gZqu-V1SYU > .tatsu-top-divider{z-index: 9999;}.tatsu-gZqu-V1SYU .tatsu-section-overlay{mix-blend-mode: normal;}<\/style><\/div>\n","protected":false},"excerpt":{"rendered":"<div><a href=\"https:\/\/fle-nl.com\/fr\/presentation\/rse-et-developpement-durable\/\" class=\"exp-read-more exp-read-more-underlined\">Read More<\/a><\/div>\n","protected":false},"author":1,"featured_media":0,"parent":6049,"menu_order":0,"comment_status":"closed","ping_status":"closed","template":"","meta":{"footnotes":""},"class_list":["post-6059","page","type-page","status-publish","hentry"],"yoast_head":"<!-- This site is optimized with the Yoast SEO plugin v27.4 - https:\/\/yoast.com\/product\/yoast-seo-wordpress\/ -->\n<title>RSE et d\u00e9veloppement durable - Freight Line Europe<\/title>\n<meta name=\"robots\" content=\"index, follow, max-snippet:-1, max-image-preview:large, max-video-preview:-1\" \/>\n<link rel=\"canonical\" href=\"https:\/\/fle-nl.com\/fr\/presentation\/rse-et-developpement-durable\/\" \/>\n<meta property=\"og:locale\" content=\"fr_FR\" \/>\n<meta property=\"og:type\" content=\"article\" \/>\n<meta property=\"og:title\" content=\"RSE et d\u00e9veloppement durable - Freight Line Europe\" \/>\n<meta property=\"og:description\" content=\"Read More\" \/>\n<meta property=\"og:url\" content=\"https:\/\/fle-nl.com\/fr\/presentation\/rse-et-developpement-durable\/\" \/>\n<meta property=\"og:site_name\" content=\"Freight Line Europe\" \/>\n<meta property=\"article:publisher\" content=\"https:\/\/www.facebook.com\/freightlineeurope\/\" \/>\n<meta property=\"article:modified_time\" content=\"2024-07-31T14:12:38+00:00\" \/>\n<meta name=\"twitter:card\" content=\"summary_large_image\" \/>\n<meta name=\"twitter:label1\" content=\"Dur\u00e9e de lecture estim\u00e9e\" \/>\n\t<meta name=\"twitter:data1\" content=\"20 minutes\" \/>\n<!-- \/ Yoast SEO plugin. -->","yoast_head_json":{"title":"RSE et d\u00e9veloppement durable - Freight Line Europe","robots":{"index":"index","follow":"follow","max-snippet":"max-snippet:-1","max-image-preview":"max-image-preview:large","max-video-preview":"max-video-preview:-1"},"canonical":"https:\/\/fle-nl.com\/fr\/presentation\/rse-et-developpement-durable\/","og_locale":"fr_FR","og_type":"article","og_title":"RSE et d\u00e9veloppement durable - Freight Line Europe","og_description":"Read More","og_url":"https:\/\/fle-nl.com\/fr\/presentation\/rse-et-developpement-durable\/","og_site_name":"Freight Line Europe","article_publisher":"https:\/\/www.facebook.com\/freightlineeurope\/","article_modified_time":"2024-07-31T14:12:38+00:00","twitter_card":"summary_large_image","twitter_misc":{"Dur\u00e9e de lecture estim\u00e9e":"20 minutes"},"schema":{"@context":"https:\/\/schema.org","@graph":[{"@type":"WebPage","@id":"https:\/\/fle-nl.com\/fr\/presentation\/rse-et-developpement-durable\/","url":"https:\/\/fle-nl.com\/fr\/presentation\/rse-et-developpement-durable\/","name":"RSE et d\u00e9veloppement durable - Freight Line Europe","isPartOf":{"@id":"https:\/\/fle-nl.com\/#website"},"datePublished":"2020-09-16T14:44:07+00:00","dateModified":"2024-07-31T14:12:38+00:00","breadcrumb":{"@id":"https:\/\/fle-nl.com\/fr\/presentation\/rse-et-developpement-durable\/#breadcrumb"},"inLanguage":"fr-FR","potentialAction":[{"@type":"ReadAction","target":["https:\/\/fle-nl.com\/fr\/presentation\/rse-et-developpement-durable\/"]}]},{"@type":"BreadcrumbList","@id":"https:\/\/fle-nl.com\/fr\/presentation\/rse-et-developpement-durable\/#breadcrumb","itemListElement":[{"@type":"ListItem","position":1,"name":"Geconditioneerd transport","item":"https:\/\/fle-nl.com\/fr\/"},{"@type":"ListItem","position":2,"name":"Pr\u00e9sentation","item":"https:\/\/fle-nl.com\/fr\/presentation\/"},{"@type":"ListItem","position":3,"name":"RSE et d\u00e9veloppement durable"}]},{"@type":"WebSite","@id":"https:\/\/fle-nl.com\/#website","url":"https:\/\/fle-nl.com\/","name":"Freight Line Europe","description":"Votre partenaire de confiance pour le transport frigorifique!","publisher":{"@id":"https:\/\/fle-nl.com\/#organization"},"potentialAction":[{"@type":"SearchAction","target":{"@type":"EntryPoint","urlTemplate":"https:\/\/fle-nl.com\/?s={search_term_string}"},"query-input":{"@type":"PropertyValueSpecification","valueRequired":true,"valueName":"search_term_string"}}],"inLanguage":"fr-FR"},{"@type":"Organization","@id":"https:\/\/fle-nl.com\/#organization","name":"Freight Line Europe","url":"https:\/\/fle-nl.com\/","logo":{"@type":"ImageObject","inLanguage":"fr-FR","@id":"https:\/\/fle-nl.com\/#\/schema\/logo\/image\/","url":"https:\/\/fle-nl.com\/wp-content\/uploads\/2024\/09\/FLE_BLAUWaRTBOARD-1-cropped.png","contentUrl":"https:\/\/fle-nl.com\/wp-content\/uploads\/2024\/09\/FLE_BLAUWaRTBOARD-1-cropped.png","width":856,"height":679,"caption":"Freight Line Europe"},"image":{"@id":"https:\/\/fle-nl.com\/#\/schema\/logo\/image\/"},"sameAs":["https:\/\/www.facebook.com\/freightlineeurope\/","https:\/\/instagram.com\/freightlineeurope","https:\/\/linkedin.com\/freightlineeurope","https:\/\/www.youtube.com\/@freightlineeurope"]}]}},"_links":{"self":[{"href":"https:\/\/fle-nl.com\/fr\/wp-json\/wp\/v2\/pages\/6059","targetHints":{"allow":["GET"]}}],"collection":[{"href":"https:\/\/fle-nl.com\/fr\/wp-json\/wp\/v2\/pages"}],"about":[{"href":"https:\/\/fle-nl.com\/fr\/wp-json\/wp\/v2\/types\/page"}],"author":[{"embeddable":true,"href":"https:\/\/fle-nl.com\/fr\/wp-json\/wp\/v2\/users\/1"}],"replies":[{"embeddable":true,"href":"https:\/\/fle-nl.com\/fr\/wp-json\/wp\/v2\/comments?post=6059"}],"version-history":[{"count":5,"href":"https:\/\/fle-nl.com\/fr\/wp-json\/wp\/v2\/pages\/6059\/revisions"}],"predecessor-version":[{"id":8884,"href":"https:\/\/fle-nl.com\/fr\/wp-json\/wp\/v2\/pages\/6059\/revisions\/8884"}],"up":[{"embeddable":true,"href":"https:\/\/fle-nl.com\/fr\/wp-json\/wp\/v2\/pages\/6049"}],"wp:attachment":[{"href":"https:\/\/fle-nl.com\/fr\/wp-json\/wp\/v2\/media?parent=6059"}],"curies":[{"name":"wp","href":"https:\/\/api.w.org\/{rel}","templated":true}]}}