{"id":6064,"date":"2020-09-16T16:48:11","date_gmt":"2020-09-16T14:48:11","guid":{"rendered":"http:\/\/fle-nl.com\/?page_id=6064"},"modified":"2024-04-24T10:49:58","modified_gmt":"2024-04-24T08:49:58","slug":"que-defendons-nous","status":"publish","type":"page","link":"https:\/\/fle-nl.com\/fr\/presentation\/que-defendons-nous\/","title":{"rendered":"Que d\u00e9fendons-nous?"},"content":{"rendered":"<div  class=\"tatsu-XAsCzDvEB tatsu-section  tatsu-section-custom-height tatsu-bg-overlay   tatsu-clearfix\" data-title=\"\"  data-headerscheme=\"background--dark\"><div class = \"tatsu-custom-height-wrap\"><div class='tatsu-section-pad clearfix' data-padding='{\"d\":\"50px 0% 50px 0%\"}' data-padding-top='50px'><div class=\"tatsu-row-wrap  tatsu-wrap tatsu-row-one-col tatsu-row-has-one-cols tatsu-medium-gutter tatsu-reg-cols  tatsu-clearfix tatsu-4DqOaqDIeT\" ><div  class=\"tatsu-row \" ><div  class=\"tatsu-column  tatsu-column-no-bg tatsu-one-col tatsu-column-image-none tatsu-column-effect-none  tatsu-fhih7-8wPt\"  data-parallax-speed=\"0\" style=\"\"><div class=\"tatsu-column-inner \" ><div class=\"tatsu-column-pad-wrap\"><div class=\"tatsu-column-pad\" ><div  class=\"tatsu-module tatsu-inline-text clearfix tatsu-sh0X3xJnlW   \" ><style>.tatsu-sh0X3xJnlW .tatsu-inline-text-inner{width: 100%;text-align: left;}@media only screen and (max-width: 767px) {.tatsu-sh0X3xJnlW .tatsu-inline-text-inner{width: 100%;}}<\/style><div class=\"tatsu-inline-text-inner tatsu-align-center\">\n<h1 style=\"text-align: center;\"><span class=\"swatch-white\">Que d\u00e9fendons-nous?<\/span><\/h1>\n<\/div><\/div><\/div><\/div><div class = \"tatsu-column-bg-image-wrap\"><div class = \"tatsu-column-bg-image tatsu-bg-lazyload\" data-src = \"\"><\/div><\/div><\/div><style>.tatsu-row > .tatsu-fhih7-8wPt.tatsu-column{width: 100%;}.tatsu-fhih7-8wPt.tatsu-column > .tatsu-column-inner > .tatsu-column-overlay{mix-blend-mode: none;}.tatsu-fhih7-8wPt > .tatsu-column-inner > .tatsu-top-divider{z-index: 9999;}.tatsu-fhih7-8wPt > .tatsu-column-inner > .tatsu-bottom-divider{z-index: 9999;}.tatsu-fhih7-8wPt > .tatsu-column-inner > .tatsu-left-divider{z-index: 9999;}.tatsu-fhih7-8wPt > .tatsu-column-inner > .tatsu-right-divider{z-index: 9999;}<\/style><\/div><\/div><\/div><\/div><div class=\"tatsu-section-background-wrap\"><div class = \"tatsu-section-background tatsu-bg-lazyload\" data-src = \"\"><\/div><\/div><div class=\"tatsu-overlay tatsu-section-overlay\"><\/div><\/div><style>.tatsu-XAsCzDvEB .tatsu-section-pad{padding: 50px 0% 50px 0%;}.tatsu-XAsCzDvEB > .tatsu-bottom-divider{z-index: 1000;}.tatsu-XAsCzDvEB > .tatsu-top-divider{z-index: 9999;}.tatsu-XAsCzDvEB .tatsu-section-overlay{background: rgba(0,161,230,1);mix-blend-mode: normal;}.tatsu-XAsCzDvEB .tatsu-custom-height-wrap{align-items: center;min-height: 10vh;}<\/style><\/div><div id=\"performance\" class=\"tatsu-L8j0wVNIM tatsu-section    tatsu-clearfix\" data-title=\"\"  data-headerscheme=\"background--dark\"><div class='tatsu-section-pad clearfix' data-padding='{\"d\":\"90px 0px 90px 0px\",\"m\":\"90px 0px 90px 0px \",\"t\":\"90px 0px 90px 0px \"}' data-padding-top='90px'><div class=\"tatsu-row-wrap  tatsu-wrap tatsu-row-has-one-half tatsu-row-has-two-cols tatsu-large-gutter tatsu-reg-cols  tatsu-clearfix tatsu-2aRPsLL09Z\" ><div  class=\"tatsu-row \" ><div  class=\"tatsu-column  tatsu-column-no-bg tatsu-one-half tatsu-column-align-top tatsu-column-image-none tatsu-column-effect-none  tatsu-wR6L9DPu8X\"  data-parallax-speed=\"0\" style=\"\"><div class=\"tatsu-column-inner \" ><div class=\"tatsu-column-pad-wrap\"><div class=\"tatsu-column-pad\" ><div  class=\"tatsu-module tatsu-inline-text clearfix tatsu-ySlUGj8B1l   \" ><style>.tatsu-ySlUGj8B1l .tatsu-inline-text-inner{width: 100%;text-align: left;}<\/style><div class=\"tatsu-inline-text-inner \">\n<p class=\"MsoNormal\"><span class=\"palette-0 MsoNormal\"><strong><span lang=\"FR\">7 points de rep\u00e8re pour notre strat\u00e9gie<\/span><\/strong><\/span><\/p>\n<p>\u00a0<\/p>\n<p class=\"MsoNormal\"><span lang=\"FR\"><span class=\"palette-0 MsoNormal\">Chez Freight Line Europe, nos valeurs fondamentales sont les sept panneaux indicateurs qui d\u00e9terminent notre itin\u00e9raire \u00e0 travers le Benelux, la Grande-Bretagne et la France.\u00a0<\/span><\/span><\/p>\n<\/div><\/div><div class=\"tatsu-row-wrap  tatsu-row-has-one-half tatsu-row-has-two-cols tatsu-small-gutter tatsu-reg-cols tatsu-inner-row-wrap  tatsu-clearfix tatsu-2fhVKRnC7L\" ><div  class=\"tatsu-row \" ><div  class=\"tatsu-column  tatsu-bg-overlay tatsu-one-half tatsu-column-image- tatsu-column-effect-  tatsu-rXar8WXCb\"  data-parallax-speed=\"0\" style=\"\"><div class=\"tatsu-column-inner \" ><div class=\"tatsu-column-pad-wrap\"><div class=\"tatsu-column-pad\" ><ul  class=\"tatsu-module tatsu-list tatsu-cgAutW9OBg    tatsu-lists-icon\" ><style>.tatsu-cgAutW9OBg{margin: 0px 0px 30px 0px;}.tatsu-cgAutW9OBg .tatsu-list-content{margin: 0 0 12px 0px;}.tatsu-cgAutW9OBg .tatsu-list-content::before, .tatsu-cgAutW9OBg .tatsu-icon{color: rgba(0,161,230,1) ;}<\/style><li  class=\"tatsu-list-content tatsu-_Wk7D90efm   \" ><div class=\"tatsu-list-icon-wrap\" ><i class=\"tatsu-icon tatsu-icon-check \"><\/i><\/div><div class=\"tatsu-list-inner\">\n<h6>Orientation vers les services<\/h6>\n<\/div><style>.tatsu-_Wk7D90efm .tatsu-icon, .tatsu-_Wk7D90efm.tatsu-list-content::before{color: #2196F3 ;}.tatsu-_Wk7D90efm{border-style: solid;}<\/style><\/li><li  class=\"tatsu-list-content tatsu-5vZLe3u9Y6   \" ><div class=\"tatsu-list-icon-wrap\" ><i class=\"tatsu-icon tatsu-icon-check \"><\/i><\/div><div class=\"tatsu-list-inner\">\n<h6>Qualit\u00e9<\/h6>\n<\/div><style>.tatsu-5vZLe3u9Y6 .tatsu-icon, .tatsu-5vZLe3u9Y6.tatsu-list-content::before{color: #2196F3 ;}.tatsu-5vZLe3u9Y6{border-style: solid;}<\/style><\/li><li  class=\"tatsu-list-content tatsu-4vB2bIV7WH   \" ><div class=\"tatsu-list-icon-wrap\" ><i class=\"tatsu-icon tatsu-icon-check \"><\/i><\/div><div class=\"tatsu-list-inner\">\n<h6>D\u00e9vouement<\/h6>\n<\/div><style>.tatsu-4vB2bIV7WH .tatsu-icon, .tatsu-4vB2bIV7WH.tatsu-list-content::before{color: #2196F3 ;}.tatsu-4vB2bIV7WH{border-style: solid;}<\/style><\/li><li  class=\"tatsu-list-content tatsu-Ocx_u65eVi   \" ><div class=\"tatsu-list-icon-wrap\" ><i class=\"tatsu-icon tatsu-icon-check \"><\/i><\/div><div class=\"tatsu-list-inner\">\n<h6>Flexibilit\u00e9<\/h6>\n<\/div><style>.tatsu-Ocx_u65eVi .tatsu-icon, .tatsu-Ocx_u65eVi.tatsu-list-content::before{color: #2196F3 ;}.tatsu-Ocx_u65eVi{border-style: solid;}<\/style><\/li><\/ul><\/div><\/div><div class = \"tatsu-column-bg-image-wrap\"><div class = \"tatsu-column-bg-image tatsu-bg-lazyload\" data-src = \"\"><\/div><\/div><div class=\"tatsu-overlay tatsu-column-overlay tatsu-animate-none\" ><\/div><\/div><style>.tatsu-row > .tatsu-rXar8WXCb.tatsu-column{width: 50%;}.tatsu-rXar8WXCb.tatsu-column{margin: 0px 0px 30px 0px !important;}.tatsu-rXar8WXCb.tatsu-column > .tatsu-column-inner > .tatsu-column-overlay{mix-blend-mode: normal;}.tatsu-rXar8WXCb > .tatsu-column-inner > .tatsu-top-divider{z-index: 9999;}.tatsu-rXar8WXCb > .tatsu-column-inner > .tatsu-bottom-divider{z-index: 9999;}.tatsu-rXar8WXCb > .tatsu-column-inner > .tatsu-left-divider{z-index: 9999;}.tatsu-rXar8WXCb > .tatsu-column-inner > .tatsu-right-divider{z-index: 9999;}@media only screen and (max-width:1377px) {.tatsu-row > .tatsu-rXar8WXCb.tatsu-column{width: 50%;}}@media only screen and (min-width:768px) and (max-width: 1024px) {.tatsu-row > .tatsu-rXar8WXCb.tatsu-column{width: 50%;}}@media only screen and (max-width: 767px) {.tatsu-row > .tatsu-rXar8WXCb.tatsu-column{width: 100%;}}<\/style><\/div><div  class=\"tatsu-column  tatsu-bg-overlay tatsu-one-half tatsu-column-image- tatsu-column-effect-  tatsu-0OeGi6VIG6\"  data-parallax-speed=\"0\" style=\"\"><div class=\"tatsu-column-inner \" ><div class=\"tatsu-column-pad-wrap\"><div class=\"tatsu-column-pad\" ><ul  class=\"tatsu-module tatsu-list tatsu-v41-rgp0-Dc    tatsu-lists-icon\" ><style>.tatsu-v41-rgp0-Dc{margin: 0px 0px 30px 0px;}.tatsu-v41-rgp0-Dc .tatsu-list-content{margin: 0 0 12px 0px;}.tatsu-v41-rgp0-Dc .tatsu-list-content::before, .tatsu-v41-rgp0-Dc .tatsu-icon{color: rgba(0,161,230,1) ;}<\/style><li  class=\"tatsu-list-content tatsu-mxiBMIDK4Ba   \" ><div class=\"tatsu-list-icon-wrap\" ><i class=\"tatsu-icon tatsu-icon-check \"><\/i><\/div><div class=\"tatsu-list-inner\">\n<h6>Fiabilit\u00e9<\/h6>\n<\/div><style>.tatsu-mxiBMIDK4Ba .tatsu-icon, .tatsu-mxiBMIDK4Ba.tatsu-list-content::before{color: #2196F3 ;}.tatsu-mxiBMIDK4Ba{border-style: solid;}<\/style><\/li><li  class=\"tatsu-list-content tatsu-QLSoVaGHeWi   \" ><div class=\"tatsu-list-icon-wrap\" ><i class=\"tatsu-icon tatsu-icon-check \"><\/i><\/div><div class=\"tatsu-list-inner\">\n<h6>Durabilit\u00e9<\/h6>\n<\/div><style>.tatsu-QLSoVaGHeWi .tatsu-icon, .tatsu-QLSoVaGHeWi.tatsu-list-content::before{color: #2196F3 ;}.tatsu-QLSoVaGHeWi{border-style: solid;}<\/style><\/li><li  class=\"tatsu-list-content tatsu-L_aAMDP8qj-   \" ><div class=\"tatsu-list-icon-wrap\" ><i class=\"tatsu-icon tatsu-icon-check \"><\/i><\/div><div class=\"tatsu-list-inner\">\n<h6>Humanit\u00e9<\/h6>\n<\/div><style>.tatsu-L_aAMDP8qj- .tatsu-icon, .tatsu-L_aAMDP8qj-.tatsu-list-content::before{color: #2196F3 ;}.tatsu-L_aAMDP8qj-{border-style: solid;}<\/style><\/li><\/ul><\/div><\/div><div class = \"tatsu-column-bg-image-wrap\"><div class = \"tatsu-column-bg-image tatsu-bg-lazyload\" data-src = \"\"><\/div><\/div><div class=\"tatsu-overlay tatsu-column-overlay tatsu-animate-none\" ><\/div><\/div><style>.tatsu-row > .tatsu-0OeGi6VIG6.tatsu-column{width: 50%;}.tatsu-0OeGi6VIG6.tatsu-column > .tatsu-column-inner > .tatsu-column-overlay{mix-blend-mode: normal;}.tatsu-0OeGi6VIG6 > .tatsu-column-inner > .tatsu-top-divider{z-index: 9999;}.tatsu-0OeGi6VIG6 > .tatsu-column-inner > .tatsu-bottom-divider{z-index: 9999;}.tatsu-0OeGi6VIG6 > .tatsu-column-inner > .tatsu-left-divider{z-index: 9999;}.tatsu-0OeGi6VIG6 > .tatsu-column-inner > .tatsu-right-divider{z-index: 9999;}@media only screen and (max-width:1377px) {.tatsu-row > .tatsu-0OeGi6VIG6.tatsu-column{width: 50%;}}@media only screen and (min-width:768px) and (max-width: 1024px) {.tatsu-row > .tatsu-0OeGi6VIG6.tatsu-column{width: 50%;}}@media only screen and (max-width: 767px) {.tatsu-row > .tatsu-0OeGi6VIG6.tatsu-column{width: 100%;}}<\/style><\/div><\/div><\/div><div  class=\"tatsu-module tatsu-inline-text clearfix tatsu-s7w-0aSAE   \" ><style>.tatsu-s7w-0aSAE .tatsu-inline-text-inner{width: 100%;text-align: left;}@media only screen and (max-width: 767px) {.tatsu-s7w-0aSAE .tatsu-inline-text-inner{width: 100%;}}<\/style><div class=\"tatsu-inline-text-inner tatsu-align-center\">\n<p class=\"MsoNormal\"><span lang=\"FR\"><span class=\"palette-0 MsoNormal\">Ces sept valeurs fondamentales sont essentielles \u00e0 tout ce que nous faisons. Elles apportent de la clart\u00e9 et d\u00e9terminent la direction que Freight Line prendra \u00e0 l\u2019avenir. Cela donne \u00e0 nos clients et \u00e0 nos employ\u00e9s quelque chose \u00e0 quoi s\u2019accrocher.<\/span><\/span><\/p>\n<\/div><\/div><\/div><\/div><div class = \"tatsu-column-bg-image-wrap\"><div class = \"tatsu-column-bg-image tatsu-bg-lazyload\" data-src = \"\"><\/div><\/div><\/div><style>.tatsu-row > .tatsu-wR6L9DPu8X.tatsu-column{width: 50%;}.tatsu-wR6L9DPu8X.tatsu-column > .tatsu-column-inner > .tatsu-column-overlay{mix-blend-mode: none;}.tatsu-wR6L9DPu8X > .tatsu-column-inner > .tatsu-top-divider{z-index: 9999;}.tatsu-wR6L9DPu8X > .tatsu-column-inner > .tatsu-bottom-divider{z-index: 9999;}.tatsu-wR6L9DPu8X > .tatsu-column-inner > .tatsu-left-divider{z-index: 9999;}.tatsu-wR6L9DPu8X > .tatsu-column-inner > .tatsu-right-divider{z-index: 9999;}@media only screen and (max-width:1377px) {.tatsu-row > .tatsu-wR6L9DPu8X.tatsu-column{width: 50%;}}@media only screen and (min-width:768px) and (max-width: 1024px) {.tatsu-row > .tatsu-wR6L9DPu8X.tatsu-column{width: 100%;}}@media only screen and (max-width: 767px) {.tatsu-row > .tatsu-wR6L9DPu8X.tatsu-column{width: 100%;}}<\/style><\/div><div  class=\"tatsu-column  tatsu-column-no-bg tatsu-one-half tatsu-column-align-top tatsu-column-image-none tatsu-column-effect-none  tatsu-X0xdzNIheK\"  data-parallax-speed=\"0\" style=\"\"><div class=\"tatsu-column-inner \" ><div class=\"tatsu-column-pad-wrap\"><div class=\"tatsu-column-pad\" ><div  class=\"tatsu-single-image tatsu-module align-center tatsu-external-image tatsu-09yF1tYBil  \" ><div class=\"tatsu-single-image-inner \" style=\"\" ><div class = \"tatsu-single-image-padding-wrap\" style = \"\" ><\/div><img class = \"tatsu-gradient-border\" src = \"http:\/\/fle-nl.com\/wp-content\/uploads\/2024\/04\/Copy-of-Copy-of-We-wensen-je-een.jpg\" alt =\" \"  \/><\/div><style>.tatsu-09yF1tYBil .tatsu-single-image-inner{border-style: solid;max-width: 100%;}.tatsu-09yF1tYBil.tatsu-single-image{transform: translate3d(0px,0px, 0);}<\/style><\/div><\/div><\/div><div class = \"tatsu-column-bg-image-wrap\"><div class = \"tatsu-column-bg-image tatsu-bg-lazyload\" data-src = \"\"><\/div><\/div><\/div><style>.tatsu-row > .tatsu-X0xdzNIheK.tatsu-column{width: 50%;}.tatsu-X0xdzNIheK.tatsu-column > .tatsu-column-inner > .tatsu-column-overlay{mix-blend-mode: none;}.tatsu-X0xdzNIheK > .tatsu-column-inner > .tatsu-top-divider{z-index: 9999;}.tatsu-X0xdzNIheK > .tatsu-column-inner > .tatsu-bottom-divider{z-index: 9999;}.tatsu-X0xdzNIheK > .tatsu-column-inner > .tatsu-left-divider{z-index: 9999;}.tatsu-X0xdzNIheK > .tatsu-column-inner > .tatsu-right-divider{z-index: 9999;}@media only screen and (max-width:1377px) {.tatsu-row > .tatsu-X0xdzNIheK.tatsu-column{width: 50%;}}@media only screen and (min-width:768px) and (max-width: 1024px) {.tatsu-row > .tatsu-X0xdzNIheK.tatsu-column{width: 100%;}.tatsu-X0xdzNIheK.tatsu-column > .tatsu-column-inner > .tatsu-column-pad-wrap > .tatsu-column-pad{padding: 50px 15% 0px 15%;}}@media only screen and (max-width: 767px) {.tatsu-row > .tatsu-X0xdzNIheK.tatsu-column{width: 100%;}.tatsu-X0xdzNIheK.tatsu-column > .tatsu-column-inner > .tatsu-column-pad-wrap > .tatsu-column-pad{padding: 0px 0px 0px 0px ;}}<\/style><\/div><\/div><\/div><\/div><div class=\"tatsu-section-background-wrap\"><div class = \"tatsu-section-background tatsu-bg-lazyload\" data-src = \"\"><\/div><\/div><style>.tatsu-L8j0wVNIM.tatsu-section{background-color: rgba(255,255,255,1);}.tatsu-L8j0wVNIM .tatsu-section-pad{padding: 90px 0px 90px 0px;}.tatsu-L8j0wVNIM > .tatsu-bottom-divider{z-index: 9999;}.tatsu-L8j0wVNIM > .tatsu-top-divider{z-index: 9999;}@media only screen and (min-width:768px) and (max-width: 1024px) {.tatsu-L8j0wVNIM .tatsu-section-pad{padding: 90px 0px 90px 0px ;}}@media only screen and (max-width: 767px) {.tatsu-L8j0wVNIM .tatsu-section-pad{padding: 90px 0px 90px 0px ;}}<\/style><\/div>\n","protected":false},"excerpt":{"rendered":"<div><a href=\"https:\/\/fle-nl.com\/fr\/presentation\/que-defendons-nous\/\" class=\"exp-read-more exp-read-more-underlined\">Read More<\/a><\/div>\n","protected":false},"author":1,"featured_media":0,"parent":6049,"menu_order":0,"comment_status":"closed","ping_status":"closed","template":"","meta":{"footnotes":""},"class_list":["post-6064","page","type-page","status-publish","hentry"],"yoast_head":"<!-- This site is optimized with the Yoast SEO plugin v27.6 - https:\/\/yoast.com\/product\/yoast-seo-wordpress\/ -->\n<title>Que d\u00e9fendons-nous? - Freight Line Europe<\/title>\n<meta name=\"robots\" content=\"index, follow, max-snippet:-1, max-image-preview:large, max-video-preview:-1\" \/>\n<link rel=\"canonical\" href=\"https:\/\/fle-nl.com\/fr\/presentation\/que-defendons-nous\/\" \/>\n<meta property=\"og:locale\" content=\"fr_FR\" \/>\n<meta property=\"og:type\" content=\"article\" \/>\n<meta property=\"og:title\" content=\"Que d\u00e9fendons-nous? - Freight Line Europe\" \/>\n<meta property=\"og:description\" content=\"Read More\" \/>\n<meta property=\"og:url\" content=\"https:\/\/fle-nl.com\/fr\/presentation\/que-defendons-nous\/\" \/>\n<meta property=\"og:site_name\" content=\"Freight Line Europe\" \/>\n<meta property=\"article:publisher\" content=\"https:\/\/www.facebook.com\/freightlineeurope\/\" \/>\n<meta property=\"article:modified_time\" content=\"2024-04-24T08:49:58+00:00\" \/>\n<meta name=\"twitter:card\" content=\"summary_large_image\" \/>\n<meta name=\"twitter:label1\" content=\"Dur\u00e9e de lecture estim\u00e9e\" \/>\n\t<meta name=\"twitter:data1\" content=\"14 minutes\" \/>\n<!-- \/ Yoast SEO plugin. -->","yoast_head_json":{"title":"Que d\u00e9fendons-nous? - Freight Line Europe","robots":{"index":"index","follow":"follow","max-snippet":"max-snippet:-1","max-image-preview":"max-image-preview:large","max-video-preview":"max-video-preview:-1"},"canonical":"https:\/\/fle-nl.com\/fr\/presentation\/que-defendons-nous\/","og_locale":"fr_FR","og_type":"article","og_title":"Que d\u00e9fendons-nous? - Freight Line Europe","og_description":"Read More","og_url":"https:\/\/fle-nl.com\/fr\/presentation\/que-defendons-nous\/","og_site_name":"Freight Line Europe","article_publisher":"https:\/\/www.facebook.com\/freightlineeurope\/","article_modified_time":"2024-04-24T08:49:58+00:00","twitter_card":"summary_large_image","twitter_misc":{"Dur\u00e9e de lecture estim\u00e9e":"14 minutes"},"schema":{"@context":"https:\/\/schema.org","@graph":[{"@type":"WebPage","@id":"https:\/\/fle-nl.com\/fr\/presentation\/que-defendons-nous\/","url":"https:\/\/fle-nl.com\/fr\/presentation\/que-defendons-nous\/","name":"Que d\u00e9fendons-nous? - Freight Line Europe","isPartOf":{"@id":"https:\/\/fle-nl.com\/#website"},"datePublished":"2020-09-16T14:48:11+00:00","dateModified":"2024-04-24T08:49:58+00:00","breadcrumb":{"@id":"https:\/\/fle-nl.com\/fr\/presentation\/que-defendons-nous\/#breadcrumb"},"inLanguage":"fr-FR","potentialAction":[{"@type":"ReadAction","target":["https:\/\/fle-nl.com\/fr\/presentation\/que-defendons-nous\/"]}]},{"@type":"BreadcrumbList","@id":"https:\/\/fle-nl.com\/fr\/presentation\/que-defendons-nous\/#breadcrumb","itemListElement":[{"@type":"ListItem","position":1,"name":"Geconditioneerd transport","item":"https:\/\/fle-nl.com\/fr\/"},{"@type":"ListItem","position":2,"name":"Pr\u00e9sentation","item":"https:\/\/fle-nl.com\/fr\/presentation\/"},{"@type":"ListItem","position":3,"name":"Que d\u00e9fendons-nous?"}]},{"@type":"WebSite","@id":"https:\/\/fle-nl.com\/#website","url":"https:\/\/fle-nl.com\/","name":"Freight Line Europe","description":"Votre partenaire de confiance pour le transport frigorifique!","publisher":{"@id":"https:\/\/fle-nl.com\/#organization"},"potentialAction":[{"@type":"SearchAction","target":{"@type":"EntryPoint","urlTemplate":"https:\/\/fle-nl.com\/?s={search_term_string}"},"query-input":{"@type":"PropertyValueSpecification","valueRequired":true,"valueName":"search_term_string"}}],"inLanguage":"fr-FR"},{"@type":"Organization","@id":"https:\/\/fle-nl.com\/#organization","name":"Freight Line Europe","url":"https:\/\/fle-nl.com\/","logo":{"@type":"ImageObject","inLanguage":"fr-FR","@id":"https:\/\/fle-nl.com\/#\/schema\/logo\/image\/","url":"https:\/\/fle-nl.com\/wp-content\/uploads\/2024\/09\/FLE_BLAUWaRTBOARD-1-cropped.png","contentUrl":"https:\/\/fle-nl.com\/wp-content\/uploads\/2024\/09\/FLE_BLAUWaRTBOARD-1-cropped.png","width":856,"height":679,"caption":"Freight Line Europe"},"image":{"@id":"https:\/\/fle-nl.com\/#\/schema\/logo\/image\/"},"sameAs":["https:\/\/www.facebook.com\/freightlineeurope\/","https:\/\/instagram.com\/freightlineeurope","https:\/\/linkedin.com\/freightlineeurope","https:\/\/www.youtube.com\/@freightlineeurope"]}]}},"_links":{"self":[{"href":"https:\/\/fle-nl.com\/fr\/wp-json\/wp\/v2\/pages\/6064","targetHints":{"allow":["GET"]}}],"collection":[{"href":"https:\/\/fle-nl.com\/fr\/wp-json\/wp\/v2\/pages"}],"about":[{"href":"https:\/\/fle-nl.com\/fr\/wp-json\/wp\/v2\/types\/page"}],"author":[{"embeddable":true,"href":"https:\/\/fle-nl.com\/fr\/wp-json\/wp\/v2\/users\/1"}],"replies":[{"embeddable":true,"href":"https:\/\/fle-nl.com\/fr\/wp-json\/wp\/v2\/comments?post=6064"}],"version-history":[{"count":5,"href":"https:\/\/fle-nl.com\/fr\/wp-json\/wp\/v2\/pages\/6064\/revisions"}],"predecessor-version":[{"id":8595,"href":"https:\/\/fle-nl.com\/fr\/wp-json\/wp\/v2\/pages\/6064\/revisions\/8595"}],"up":[{"embeddable":true,"href":"https:\/\/fle-nl.com\/fr\/wp-json\/wp\/v2\/pages\/6049"}],"wp:attachment":[{"href":"https:\/\/fle-nl.com\/fr\/wp-json\/wp\/v2\/media?parent=6064"}],"curies":[{"name":"wp","href":"https:\/\/api.w.org\/{rel}","templated":true}]}}