{"id":6069,"date":"2020-09-16T16:52:48","date_gmt":"2020-09-16T14:52:48","guid":{"rendered":"http:\/\/fle-nl.com\/?page_id=6069"},"modified":"2024-08-20T14:30:45","modified_gmt":"2024-08-20T12:30:45","slug":"certifications-et-formations","status":"publish","type":"page","link":"https:\/\/fle-nl.com\/fr\/presentation\/certifications-et-formations\/","title":{"rendered":"Certifications et formations"},"content":{"rendered":"<div  class=\"tatsu-WmBwG_qvD tatsu-section  tatsu-section-custom-height tatsu-bg-overlay   tatsu-clearfix\" data-title=\"\"  data-headerscheme=\"background--dark\"><div class = \"tatsu-custom-height-wrap\"><div class='tatsu-section-pad clearfix' data-padding='{\"d\":\"50px 0% 50px 0%\"}' data-padding-top='50px'><div class=\"tatsu-row-wrap  tatsu-wrap tatsu-row-one-col tatsu-row-has-one-cols tatsu-medium-gutter tatsu-reg-cols  tatsu-clearfix tatsu-p9cmxxYZtm\" ><div  class=\"tatsu-row \" ><div  class=\"tatsu-column  tatsu-column-no-bg tatsu-one-col tatsu-column-image-none tatsu-column-effect-none  tatsu-z6pAEVPyl2\"  data-parallax-speed=\"0\" style=\"\"><div class=\"tatsu-column-inner \" ><div class=\"tatsu-column-pad-wrap\"><div class=\"tatsu-column-pad\" ><div  class=\"tatsu-module tatsu-inline-text clearfix tatsu-2GXGdxdy3X   \" ><style>.tatsu-2GXGdxdy3X .tatsu-inline-text-inner{width: 100%;text-align: left;}@media only screen and (max-width: 767px) {.tatsu-2GXGdxdy3X .tatsu-inline-text-inner{width: 100%;}}<\/style><div class=\"tatsu-inline-text-inner tatsu-align-center\">\n<h1 style=\"text-align: center;\"><span class=\"swatch-white\">Certifications et formations<\/span><\/h1>\n<\/div><\/div><\/div><\/div><div class = \"tatsu-column-bg-image-wrap\"><div class = \"tatsu-column-bg-image tatsu-bg-lazyload\" data-src = \"\"><\/div><\/div><\/div><style>.tatsu-row > .tatsu-z6pAEVPyl2.tatsu-column{width: 100%;}.tatsu-z6pAEVPyl2.tatsu-column > .tatsu-column-inner > .tatsu-column-overlay{mix-blend-mode: none;}.tatsu-z6pAEVPyl2 > .tatsu-column-inner > .tatsu-top-divider{z-index: 9999;}.tatsu-z6pAEVPyl2 > .tatsu-column-inner > .tatsu-bottom-divider{z-index: 9999;}.tatsu-z6pAEVPyl2 > .tatsu-column-inner > .tatsu-left-divider{z-index: 9999;}.tatsu-z6pAEVPyl2 > .tatsu-column-inner > .tatsu-right-divider{z-index: 9999;}<\/style><\/div><\/div><\/div><\/div><div class=\"tatsu-section-background-wrap\"><div class = \"tatsu-section-background tatsu-bg-lazyload\" data-src = \"\"><\/div><\/div><div class=\"tatsu-overlay tatsu-section-overlay\"><\/div><\/div><style>.tatsu-WmBwG_qvD .tatsu-section-pad{padding: 50px 0% 50px 0%;}.tatsu-WmBwG_qvD > .tatsu-bottom-divider{z-index: 1000;}.tatsu-WmBwG_qvD > .tatsu-top-divider{z-index: 9999;}.tatsu-WmBwG_qvD .tatsu-section-overlay{background: rgba(0,161,230,1);mix-blend-mode: normal;}.tatsu-WmBwG_qvD .tatsu-custom-height-wrap{align-items: center;min-height: 10vh;}<\/style><\/div><div  class=\"tatsu-o--f54bam_ tatsu-section  tatsu-bg-overlay   tatsu-clearfix\" data-title=\"\"  data-headerscheme=\"background--dark\"><div class='tatsu-section-pad clearfix' data-padding='{\"d\":\"90px 0px 90px 0px\"}' data-padding-top='90px'><div class=\"tatsu-row-wrap  tatsu-wrap tatsu-row-one-col tatsu-row-has-one-cols tatsu-medium-gutter tatsu-reg-cols  tatsu-clearfix tatsu-Th2k1Rn74C\" ><div  class=\"tatsu-row \" ><div  class=\"tatsu-column  tatsu-bg-overlay tatsu-one-col tatsu-column-image-none tatsu-column-effect-none  tatsu-SDuLpzet5\"  data-parallax-speed=\"0\" style=\"\"><div class=\"tatsu-column-inner \" ><div class=\"tatsu-column-pad-wrap\"><div class=\"tatsu-column-pad\" ><div  class=\"tatsu-module tatsu-inline-text clearfix tatsu-3iyfAV-yi   \" ><style>.tatsu-3iyfAV-yi .tatsu-inline-text-inner{width: 100%;text-align: left;}@media only screen and (max-width: 767px) {.tatsu-3iyfAV-yi .tatsu-inline-text-inner{width: 100%;}}<\/style><div class=\"tatsu-inline-text-inner tatsu-align-center\">\n<p class=\"MsoNormal\"><span class=\"palette-0 MsoNormal\" lang=\"FR\">Les belles paroles ne servent \u00e0 rien, et il en va de m\u00eame pour nous.\u00a0 C&rsquo;est pourquoi nous pr\u00e9f\u00e9rons d\u00e9montrer notre qualit\u00e9 \u00e0 l&rsquo;aide de normes objectives. En tant qu&rsquo;entreprise de transport, nous disposons du certificat BRC Global Standard for Storage and Distribution. En d&rsquo;autres termes : la r\u00e9f\u00e9rence du secteur en mati\u00e8re de stockage, de distribution et de transport de denr\u00e9es alimentaires, d&#8217;emballages et de produits de consommation. <\/span><\/p>\n<p>\u00a0<\/p>\n<p class=\"MsoNormal\"><span lang=\"FR\"><span class=\"palette-0 MsoNormal\">Notre propre syst\u00e8me de gestion de la qualit\u00e9 constitue la base de cette certification. Ainsi, nous ma\u00eetrisons et ma\u00eetriserons tous les processus li\u00e9s \u00e0 la qualit\u00e9 et \u00e0 la s\u00e9curit\u00e9 alimentaire, et nous avons optimis\u00e9 nos processus de travail sur la base du syst\u00e8me de gestion de la qualit\u00e9.<\/span><\/span><\/p>\n<\/div><\/div><div  class=\"tatsu-module tatsu-text-block-wrap tatsu-HJmbAOg16  \"><div class=\"tatsu-text-inner tatsu-align-center  clearfix\" ><style>.tatsu-HJmbAOg16.tatsu-text-block-wrap .tatsu-text-inner{width: 100%;text-align: left;color: rgba(0,161,230,1) ;}.tatsu-HJmbAOg16 .tatsu-text-inner *{color: rgba(0,161,230,1) ;}<\/style>\n<h2>Certifications<\/h2>\n<\/div><\/div><div  class=\"tatsu-module tatsu-inline-text clearfix tatsu-pey_n-Gzd   \" ><style>.tatsu-pey_n-Gzd .tatsu-inline-text-inner{width: 100%;text-align: left;}@media only screen and (max-width: 767px) {.tatsu-pey_n-Gzd .tatsu-inline-text-inner{width: 100%;}}<\/style><div class=\"tatsu-inline-text-inner tatsu-align-center\">\n<p><span class=\"palette-0\">Freight Line Europe dispose des certifications suivantes:<\/span><\/p>\n<\/div><\/div><ul  class=\"tatsu-module tatsu-list tatsu-g4R62gKZOA    tatsu-list-vertical-align-center tatsu-lists-icon\" ><style>.tatsu-g4R62gKZOA{margin: 0 0 0 0px;padding: 0 0 0 0px;}.tatsu-g4R62gKZOA .tatsu-list-content{margin: 0 0 12px 0px;}.tatsu-g4R62gKZOA .tatsu-list-content::before, .tatsu-g4R62gKZOA .tatsu-icon{color: rgba(34,147,215,1) ;}<\/style><li  class=\"tatsu-list-content tatsu-temYKFOTc   \" ><div class=\"tatsu-list-icon-wrap\" ><i class=\"tatsu-icon tatsu-icon-award \"><\/i><\/div><div class=\"tatsu-list-inner\">\n<p><a href=\"https:\/\/fle-nl.com\/wp-content\/uploads\/2024\/08\/BRC-SD-v1.1-certificate-Freight-Line-Europe-B.V.-geldig-tm-23-7-2025.pdf\">BRC <\/a><\/p>\n<\/div><style>.tatsu-temYKFOTc{border-style: solid;}<\/style><\/li><\/ul><ul  class=\"tatsu-module tatsu-list tatsu-SJiyEJq5A    tatsu-list-vertical-align-center tatsu-lists-icon\" ><style>.tatsu-SJiyEJq5A{margin: 0 0 0 0px;padding: 0 0 0 0px;}.tatsu-SJiyEJq5A .tatsu-list-content{margin: 0 0 12px 0px;}.tatsu-SJiyEJq5A .tatsu-list-content::before, .tatsu-SJiyEJq5A .tatsu-icon{color: rgba(34,147,215,1) ;}<\/style><li  class=\"tatsu-list-content tatsu-S1gsJE15q0   \" ><div class=\"tatsu-list-icon-wrap\" ><i class=\"tatsu-icon tatsu-icon-award \"><\/i><\/div><div class=\"tatsu-list-inner\">\n<p><a href=\"https:\/\/fle-nl.com\/wp-content\/uploads\/2024\/08\/IFS-Logistics-certificate-Freight-Line-Europe-geldig-tm-30-7-2025.pdf\">IFS<\/a><\/p>\n<\/div><style>.tatsu-S1gsJE15q0{border-style: solid;}<\/style><\/li><\/ul><div  class=\"tatsu-module tatsu-text-block-wrap tatsu-SJM7GY0Ga  \"><div class=\"tatsu-text-inner tatsu-align-center  clearfix\" ><style>.tatsu-SJM7GY0Ga.tatsu-text-block-wrap .tatsu-text-inner{width: 100%;text-align: left;color: rgba(0,161,230,1) ;}.tatsu-SJM7GY0Ga .tatsu-text-inner *{color: rgba(0,161,230,1) ;}<\/style>\n<h3><strong>Formation sur la route et au bureau<\/strong><\/h3>\n<\/div><\/div><div  class=\"tatsu-module tatsu-text-block-wrap tatsu-HyvQfFAfp  \"><div class=\"tatsu-text-inner tatsu-align-center  clearfix\" ><style>.tatsu-HyvQfFAfp.tatsu-text-block-wrap .tatsu-text-inner{width: 100%;text-align: left;color: rgba(0,161,230,1) ;}.tatsu-HyvQfFAfp .tatsu-text-inner *{color: rgba(0,161,230,1) ;}<\/style>\n<p>Aller plus loin que les autres. Chez Freight Line Europe, cela ne s&rsquo;applique pas seulement \u00e0 la route, en Grande-Bretagne et en France. Nous allons volontiers plus loin pour am\u00e9liorer la formation continue de nos collaborateurs. Nos chauffeurs peuvent compter sur un programme de formation interne intensif. Gr\u00e2ce \u00e0 notre propre programme de recrutement et de s\u00e9lection, nous pouvons contr\u00f4ler la qualit\u00e9 de nos nouveaux employ\u00e9s. En cas de modification des r\u00e9glementations, telles que le Code 95 ou le d\u00e9cret sur les temps de conduite, ou si la norme BRC S&#038;D n\u00e9cessite des ajustements, nous veillons \u00e0 ce que notre travail soit align\u00e9 en cons\u00e9quence. La prochaine formation ou instruction est pr\u00eate pour eux.<\/p>\n<p>Les employ\u00e9s de bureau se tiennent \u00e9galement au courant. Ils suivent des cours pour utiliser plus efficacement les logiciels et des formations pour passer \u00e0 l&rsquo;\u00e9tape suivante de leur CV.\u00a0 En tant qu&#8217;employeur, nous trouvons qu&rsquo;il est tr\u00e8s important de s&rsquo;amuser et de se sentir stimul\u00e9 au travail, car nos clients peuvent voir que nous sommes enthousiastes et motiv\u00e9s pour travailler pour eux.<\/p>\n<\/div><\/div><div  class=\"tatsu-module tatsu-text-block-wrap tatsu-S1ItfK0Ga  \"><div class=\"tatsu-text-inner tatsu-align-center  clearfix\" ><style>.tatsu-S1ItfK0Ga.tatsu-text-block-wrap .tatsu-text-inner{width: 100%;text-align: left;color: rgba(0,161,230,1) ;}.tatsu-S1ItfK0Ga .tatsu-text-inner *{color: rgba(0,161,230,1) ;}<\/style>\n<h3><strong>Entreprise de formation reconnue pour ses talents<\/strong><\/h3>\n<\/div><\/div><div  class=\"tatsu-module tatsu-text-block-wrap tatsu-S1v9MK0f6  \"><div class=\"tatsu-text-inner tatsu-align-center  clearfix\" ><style>.tatsu-S1v9MK0f6.tatsu-text-block-wrap .tatsu-text-inner{width: 100%;text-align: left;color: rgba(0,161,230,1) ;}.tatsu-S1v9MK0f6 .tatsu-text-inner *{color: rgba(0,161,230,1) ;}<\/style>\n<p>S&rsquo;il est un secteur o\u00f9 les possibilit\u00e9s sont litt\u00e9ralement illimit\u00e9es, c&rsquo;est bien celui du transport et de la logistique, en particulier au sein d&rsquo;une entreprise de transport international comme Freight Line Europe. Les \u00e9tudiants des programmes HBO et MBO (coll\u00e8ge) ont la possibilit\u00e9 d&rsquo;acqu\u00e9rir de l&rsquo;exp\u00e9rience par le biais d&rsquo;un stage. Nous sommes \u00e9galement ouverts aux apprentissages. L&rsquo;encadrement professionnel est garanti : nous sommes reconnus comme entreprise formatrice par les CFF. Int\u00e9ress\u00e9(e) par le HBO ou le MBO ? Notre d\u00e9partement RH peut vous en dire plus.<\/p>\n<\/div><\/div><\/div><\/div><div class = \"tatsu-column-bg-image-wrap\"><div class = \"tatsu-column-bg-image tatsu-bg-lazyload\" data-src = \"\"><\/div><\/div><div class=\"tatsu-overlay tatsu-column-overlay tatsu-animate-none\" ><\/div><\/div><style>.tatsu-row > .tatsu-SDuLpzet5.tatsu-column{width: 100%;}.tatsu-SDuLpzet5.tatsu-column > .tatsu-column-inner > .tatsu-column-overlay{mix-blend-mode: normal;}.tatsu-SDuLpzet5 > .tatsu-column-inner > .tatsu-top-divider{z-index: 9999;}.tatsu-SDuLpzet5 > .tatsu-column-inner > .tatsu-bottom-divider{z-index: 9999;}.tatsu-SDuLpzet5 > .tatsu-column-inner > .tatsu-left-divider{z-index: 9999;}.tatsu-SDuLpzet5 > .tatsu-column-inner > .tatsu-right-divider{z-index: 9999;}@media only screen and (max-width:1377px) {.tatsu-row > .tatsu-SDuLpzet5.tatsu-column{width: 100%;}}@media only screen and (min-width:768px) and (max-width: 1024px) {.tatsu-row > .tatsu-SDuLpzet5.tatsu-column{width: 100%;}}@media only screen and (max-width: 767px) {.tatsu-row > .tatsu-SDuLpzet5.tatsu-column{width: 100%;}}<\/style><\/div><\/div><\/div><\/div><div class=\"tatsu-section-background-wrap\"><div class = \"tatsu-section-background tatsu-bg-lazyload\" data-src = \"\"><\/div><\/div><div class=\"tatsu-overlay tatsu-section-overlay\"><\/div><style>.tatsu-o--f54bam_ .tatsu-section-pad{padding: 90px 0px 90px 0px;}.tatsu-o--f54bam_ .tatsu-section-offset-wrap{transform: translateY(-0px);}.tatsu-o--f54bam_ > .tatsu-bottom-divider{z-index: 9999;}.tatsu-o--f54bam_ > .tatsu-top-divider{z-index: 9999;}.tatsu-o--f54bam_ .tatsu-section-overlay{mix-blend-mode: normal;}<\/style><\/div>\n","protected":false},"excerpt":{"rendered":"<div><a href=\"https:\/\/fle-nl.com\/fr\/presentation\/certifications-et-formations\/\" class=\"exp-read-more exp-read-more-underlined\">Read More<\/a><\/div>\n","protected":false},"author":1,"featured_media":0,"parent":6049,"menu_order":0,"comment_status":"closed","ping_status":"closed","template":"","meta":{"footnotes":""},"class_list":["post-6069","page","type-page","status-publish","hentry"],"yoast_head":"<!-- This site is optimized with the Yoast SEO plugin v27.4 - https:\/\/yoast.com\/product\/yoast-seo-wordpress\/ -->\n<title>Certifications et formations - Freight Line Europe<\/title>\n<meta name=\"robots\" content=\"index, follow, max-snippet:-1, max-image-preview:large, max-video-preview:-1\" \/>\n<link rel=\"canonical\" href=\"https:\/\/fle-nl.com\/fr\/presentation\/certifications-et-formations\/\" \/>\n<meta property=\"og:locale\" content=\"fr_FR\" \/>\n<meta property=\"og:type\" content=\"article\" \/>\n<meta property=\"og:title\" content=\"Certifications et formations - Freight Line Europe\" \/>\n<meta property=\"og:description\" content=\"Read More\" \/>\n<meta property=\"og:url\" content=\"https:\/\/fle-nl.com\/fr\/presentation\/certifications-et-formations\/\" \/>\n<meta property=\"og:site_name\" content=\"Freight Line Europe\" \/>\n<meta property=\"article:publisher\" content=\"https:\/\/www.facebook.com\/freightlineeurope\/\" \/>\n<meta property=\"article:modified_time\" content=\"2024-08-20T12:30:45+00:00\" \/>\n<meta name=\"twitter:card\" content=\"summary_large_image\" \/>\n<meta name=\"twitter:label1\" content=\"Dur\u00e9e de lecture estim\u00e9e\" \/>\n\t<meta name=\"twitter:data1\" content=\"13 minutes\" \/>\n<!-- \/ Yoast SEO plugin. -->","yoast_head_json":{"title":"Certifications et formations - Freight Line Europe","robots":{"index":"index","follow":"follow","max-snippet":"max-snippet:-1","max-image-preview":"max-image-preview:large","max-video-preview":"max-video-preview:-1"},"canonical":"https:\/\/fle-nl.com\/fr\/presentation\/certifications-et-formations\/","og_locale":"fr_FR","og_type":"article","og_title":"Certifications et formations - Freight Line Europe","og_description":"Read More","og_url":"https:\/\/fle-nl.com\/fr\/presentation\/certifications-et-formations\/","og_site_name":"Freight Line Europe","article_publisher":"https:\/\/www.facebook.com\/freightlineeurope\/","article_modified_time":"2024-08-20T12:30:45+00:00","twitter_card":"summary_large_image","twitter_misc":{"Dur\u00e9e de lecture estim\u00e9e":"13 minutes"},"schema":{"@context":"https:\/\/schema.org","@graph":[{"@type":"WebPage","@id":"https:\/\/fle-nl.com\/fr\/presentation\/certifications-et-formations\/","url":"https:\/\/fle-nl.com\/fr\/presentation\/certifications-et-formations\/","name":"Certifications et formations - Freight Line Europe","isPartOf":{"@id":"https:\/\/fle-nl.com\/#website"},"datePublished":"2020-09-16T14:52:48+00:00","dateModified":"2024-08-20T12:30:45+00:00","breadcrumb":{"@id":"https:\/\/fle-nl.com\/fr\/presentation\/certifications-et-formations\/#breadcrumb"},"inLanguage":"fr-FR","potentialAction":[{"@type":"ReadAction","target":["https:\/\/fle-nl.com\/fr\/presentation\/certifications-et-formations\/"]}]},{"@type":"BreadcrumbList","@id":"https:\/\/fle-nl.com\/fr\/presentation\/certifications-et-formations\/#breadcrumb","itemListElement":[{"@type":"ListItem","position":1,"name":"Geconditioneerd transport","item":"https:\/\/fle-nl.com\/fr\/"},{"@type":"ListItem","position":2,"name":"Pr\u00e9sentation","item":"https:\/\/fle-nl.com\/fr\/presentation\/"},{"@type":"ListItem","position":3,"name":"Certifications et formations"}]},{"@type":"WebSite","@id":"https:\/\/fle-nl.com\/#website","url":"https:\/\/fle-nl.com\/","name":"Freight Line Europe","description":"Votre partenaire de confiance pour le transport frigorifique!","publisher":{"@id":"https:\/\/fle-nl.com\/#organization"},"potentialAction":[{"@type":"SearchAction","target":{"@type":"EntryPoint","urlTemplate":"https:\/\/fle-nl.com\/?s={search_term_string}"},"query-input":{"@type":"PropertyValueSpecification","valueRequired":true,"valueName":"search_term_string"}}],"inLanguage":"fr-FR"},{"@type":"Organization","@id":"https:\/\/fle-nl.com\/#organization","name":"Freight Line Europe","url":"https:\/\/fle-nl.com\/","logo":{"@type":"ImageObject","inLanguage":"fr-FR","@id":"https:\/\/fle-nl.com\/#\/schema\/logo\/image\/","url":"https:\/\/fle-nl.com\/wp-content\/uploads\/2024\/09\/FLE_BLAUWaRTBOARD-1-cropped.png","contentUrl":"https:\/\/fle-nl.com\/wp-content\/uploads\/2024\/09\/FLE_BLAUWaRTBOARD-1-cropped.png","width":856,"height":679,"caption":"Freight Line Europe"},"image":{"@id":"https:\/\/fle-nl.com\/#\/schema\/logo\/image\/"},"sameAs":["https:\/\/www.facebook.com\/freightlineeurope\/","https:\/\/instagram.com\/freightlineeurope","https:\/\/linkedin.com\/freightlineeurope","https:\/\/www.youtube.com\/@freightlineeurope"]}]}},"_links":{"self":[{"href":"https:\/\/fle-nl.com\/fr\/wp-json\/wp\/v2\/pages\/6069","targetHints":{"allow":["GET"]}}],"collection":[{"href":"https:\/\/fle-nl.com\/fr\/wp-json\/wp\/v2\/pages"}],"about":[{"href":"https:\/\/fle-nl.com\/fr\/wp-json\/wp\/v2\/types\/page"}],"author":[{"embeddable":true,"href":"https:\/\/fle-nl.com\/fr\/wp-json\/wp\/v2\/users\/1"}],"replies":[{"embeddable":true,"href":"https:\/\/fle-nl.com\/fr\/wp-json\/wp\/v2\/comments?post=6069"}],"version-history":[{"count":5,"href":"https:\/\/fle-nl.com\/fr\/wp-json\/wp\/v2\/pages\/6069\/revisions"}],"predecessor-version":[{"id":8965,"href":"https:\/\/fle-nl.com\/fr\/wp-json\/wp\/v2\/pages\/6069\/revisions\/8965"}],"up":[{"embeddable":true,"href":"https:\/\/fle-nl.com\/fr\/wp-json\/wp\/v2\/pages\/6049"}],"wp:attachment":[{"href":"https:\/\/fle-nl.com\/fr\/wp-json\/wp\/v2\/media?parent=6069"}],"curies":[{"name":"wp","href":"https:\/\/api.w.org\/{rel}","templated":true}]}}