{"id":8469,"date":"2024-02-16T11:13:14","date_gmt":"2024-02-16T10:13:14","guid":{"rendered":"http:\/\/fle-nl.com\/?page_id=8469"},"modified":"2025-02-18T12:53:00","modified_gmt":"2025-02-18T11:53:00","slug":"transport-de-produits-surgeles","status":"publish","type":"page","link":"https:\/\/fle-nl.com\/fr\/transport-de-produits-surgeles\/","title":{"rendered":"Transport de produits surgel\u00e9s"},"content":{"rendered":"<div  class=\"tatsu-v-OWrlFud tatsu-section  tatsu-section-custom-height tatsu-bg-overlay   tatsu-clearfix\" data-title=\"\"  data-headerscheme=\"background--dark\"><div class = \"tatsu-custom-height-wrap\"><div class='tatsu-section-pad clearfix' data-padding='{\"d\":\"50px 0% 50px 0%\"}' data-padding-top='50px'><div class=\"tatsu-row-wrap  tatsu-wrap tatsu-row-one-col tatsu-row-has-one-cols tatsu-medium-gutter tatsu-reg-cols  tatsu-clearfix tatsu-jSvSrXaTdr\" ><div  class=\"tatsu-row \" ><div  class=\"tatsu-column  tatsu-column-no-bg tatsu-one-col tatsu-column-image-none tatsu-column-effect-none  tatsu-Bfyqj_IiWl\"  data-parallax-speed=\"0\" style=\"\"><div class=\"tatsu-column-inner \" ><div class=\"tatsu-column-pad-wrap\"><div class=\"tatsu-column-pad\" ><div  class=\"tatsu-module tatsu-inline-text clearfix tatsu-8cHBD5t6am   \" ><style>.tatsu-8cHBD5t6am .tatsu-inline-text-inner{width: 100%;text-align: left;}@media only screen and (max-width: 767px) {.tatsu-8cHBD5t6am .tatsu-inline-text-inner{width: 100%;}}<\/style><div class=\"tatsu-inline-text-inner tatsu-align-center\">\n<h1 style=\"text-align: center;\"><span class=\"tatsu-inline-link-style2\"><span class=\"\" style=\"color: #ffffff;\">Transport de produits surgel\u00e9s<br \/>\n<\/span><\/span><\/h1>\n<\/div><\/div><\/div><\/div><div class = \"tatsu-column-bg-image-wrap\"><div class = \"tatsu-column-bg-image tatsu-bg-lazyload\" data-src = \"\"><\/div><\/div><\/div><style>.tatsu-row > .tatsu-Bfyqj_IiWl.tatsu-column{width: 100%;}.tatsu-Bfyqj_IiWl.tatsu-column > .tatsu-column-inner > .tatsu-column-overlay{mix-blend-mode: none;}.tatsu-Bfyqj_IiWl > .tatsu-column-inner > .tatsu-top-divider{z-index: 9999;}.tatsu-Bfyqj_IiWl > .tatsu-column-inner > .tatsu-bottom-divider{z-index: 9999;}.tatsu-Bfyqj_IiWl > .tatsu-column-inner > .tatsu-left-divider{z-index: 9999;}.tatsu-Bfyqj_IiWl > .tatsu-column-inner > .tatsu-right-divider{z-index: 9999;}<\/style><\/div><\/div><\/div><\/div><div class=\"tatsu-section-background-wrap\"><div class = \"tatsu-section-background tatsu-bg-lazyload\" data-src = \"\"><\/div><\/div><div class=\"tatsu-overlay tatsu-section-overlay\"><\/div><\/div><style>.tatsu-v-OWrlFud .tatsu-section-pad{padding: 50px 0% 50px 0%;}.tatsu-v-OWrlFud > .tatsu-bottom-divider{z-index: 1000;}.tatsu-v-OWrlFud > .tatsu-top-divider{z-index: 9999;}.tatsu-v-OWrlFud .tatsu-section-overlay{background: rgba(0,161,230,1);mix-blend-mode: normal;}.tatsu-v-OWrlFud .tatsu-custom-height-wrap{align-items: center;min-height: 10vh;}<\/style><\/div><div  class=\"tatsu-J_QCr47unv tatsu-section  tatsu-bg-overlay   tatsu-clearfix\" data-title=\"\"  data-headerscheme=\"background--dark\"><div class='tatsu-section-pad clearfix' data-padding='{\"d\":\"90px 0px 90px 0px\"}' data-padding-top='90px'><div class=\"tatsu-row-wrap  tatsu-wrap tatsu-row-has-one-half tatsu-row-has-two-cols tatsu-large-gutter tatsu-reg-cols  tatsu-clearfix tatsu-SRLiqyI4u7\" ><div  class=\"tatsu-row \" ><div  class=\"tatsu-column  tatsu-bg-overlay tatsu-one-half tatsu-column-image-none tatsu-column-effect-none  tatsu-BqZO9EL4a\"  data-parallax-speed=\"0\" style=\"\"><div class=\"tatsu-column-inner \" ><div class=\"tatsu-column-pad-wrap\"><div class=\"tatsu-column-pad\" ><div  class=\"tatsu-module tatsu-text-block-wrap tatsu-Hk_SOApRh  \"><div class=\"tatsu-text-inner tatsu-align-center  clearfix\" ><style>.tatsu-Hk_SOApRh.tatsu-text-block-wrap .tatsu-text-inner{width: 100%;text-align: left;color: rgba(0,161,230,1) ;}.tatsu-Hk_SOApRh .tatsu-text-inner *{color: rgba(0,161,230,1) ;}<\/style>\n<h2>Transport de produits surgel\u00e9s<\/h2>\n<\/div><\/div><div  class=\"tatsu-module tatsu-inline-text clearfix tatsu-TBJuJ3Kq2   \" ><style>.tatsu-TBJuJ3Kq2 .tatsu-inline-text-inner{width: 100%;text-align: left;}@media only screen and (max-width: 767px) {.tatsu-TBJuJ3Kq2 .tatsu-inline-text-inner{width: 100%;}}<\/style><div class=\"tatsu-inline-text-inner tatsu-align-center\">\n<p class=\"MsoNormal\"><span class=\"palette-0 MsoNormal\">Vous cherchez un partenaire fiable qui peut prendre en charge vos transports de produits surgel\u00e9s et r\u00e9frig\u00e9r\u00e9s? Freight Line Europe est le principal prestataire logistique sp\u00e9cialis\u00e9 dans le transport de produits surgel\u00e9s et dans la fourniture de solutions de transport r\u00e9frig\u00e9r\u00e9 de haute qualit\u00e9. Gr\u00e2ce \u00e0 notre vaste exp\u00e9rience et \u00e0 notre engagement en faveur de la qualit\u00e9, nous sommes le partenaire id\u00e9al pour livrer vos produits surgel\u00e9s de valeur, de mani\u00e8re s\u00fbre et efficace.<br \/>\n<\/span><\/p>\n<\/div><\/div><div  class=\"tatsu-single-image tatsu-module tatsu-image-lazyload tatsu-external-image tatsu-BknyUTD93  \" ><div class=\"tatsu-single-image-inner \" style=\"\" ><div class = \"tatsu-single-image-padding-wrap\" style = \"\" ><\/div><img class = \"tatsu-gradient-border\" data-src = \"http:\/\/fle-nl.com\/wp-content\/uploads\/2023\/07\/Copy-of-Copy-of-Copy-of-Copy-of-a.png\" alt =\" \"  src =\"data:image\/png;base64,iVBORw0KGgoAAAANSUhEUgAAAAEAAAABCAQAAAC1HAwCAAAAC0lEQVR42mNkYAAAAAYAAjCB0C8AAAAASUVORK5CYII=\"  \/><\/div><style>.tatsu-BknyUTD93 .tatsu-single-image-inner{border-style: solid;max-width: 100%;}.tatsu-BknyUTD93.tatsu-single-image{transform: translate3d(0px,0px, 0);}<\/style><\/div><\/div><\/div><div class = \"tatsu-column-bg-image-wrap\"><div class = \"tatsu-column-bg-image tatsu-bg-lazyload\" data-src = \"\"><\/div><\/div><div class=\"tatsu-overlay tatsu-column-overlay tatsu-animate-none\" ><\/div><\/div><style>.tatsu-row > .tatsu-BqZO9EL4a.tatsu-column{width: 50%;}.tatsu-BqZO9EL4a.tatsu-column > .tatsu-column-inner > .tatsu-column-overlay{mix-blend-mode: normal;}.tatsu-BqZO9EL4a > .tatsu-column-inner > .tatsu-top-divider{z-index: 9999;}.tatsu-BqZO9EL4a > .tatsu-column-inner > .tatsu-bottom-divider{z-index: 9999;}.tatsu-BqZO9EL4a > .tatsu-column-inner > .tatsu-left-divider{z-index: 9999;}.tatsu-BqZO9EL4a > .tatsu-column-inner > .tatsu-right-divider{z-index: 9999;}@media only screen and (max-width:1377px) {.tatsu-row > .tatsu-BqZO9EL4a.tatsu-column{width: 50%;}}@media only screen and (min-width:768px) and (max-width: 1024px) {.tatsu-row > .tatsu-BqZO9EL4a.tatsu-column{width: 50%;}}@media only screen and (max-width: 767px) {.tatsu-row > .tatsu-BqZO9EL4a.tatsu-column{width: 100%;}}<\/style><\/div><div  class=\"tatsu-column  tatsu-bg-overlay tatsu-one-half tatsu-column-image-none tatsu-column-effect-none  tatsu-irxyaVaffw\"  data-parallax-speed=\"0\" style=\"\"><div class=\"tatsu-column-inner \" ><div class=\"tatsu-column-pad-wrap\"><div class=\"tatsu-column-pad\" ><div  class=\"tatsu-module tatsu-text-block-wrap tatsu-H1wv_0p0h  \"><div class=\"tatsu-text-inner tatsu-align-center  clearfix\" ><style>.tatsu-H1wv_0p0h.tatsu-text-block-wrap .tatsu-text-inner{width: 100%;text-align: left;color: rgba(0,161,230,1) ;}.tatsu-H1wv_0p0h .tatsu-text-inner *{color: rgba(0,161,230,1) ;}<\/style>\n<h3><strong>Choisir Freight Line Europe<br \/>\n<\/strong><\/h3>\n<\/div><\/div><div  class=\"tatsu-module tatsu-inline-text clearfix tatsu-UFRoRSNdE   \" ><style>.tatsu-UFRoRSNdE .tatsu-inline-text-inner{width: 100%;text-align: left;}@media only screen and (max-width: 767px) {.tatsu-UFRoRSNdE .tatsu-inline-text-inner{width: 100%;}}<\/style><div class=\"tatsu-inline-text-inner tatsu-align-center\">\n<p class=\"MsoNormal\"><span class=\"palette-0 MsoNormal\"><strong>1. <em><u>Expertise en mati\u00e8re de transport frigorifique<br \/>\n<\/u><\/em><\/strong><\/span><span class=\"palette-0 MsoNormal\">Nous comprenons les d\u00e9fis uniques que pose le transport de produits surgel\u00e9s. Notre \u00e9quipe est tr\u00e8s exp\u00e9riment\u00e9e dans la manipulation de cargaisons sensibles \u00e0 la temp\u00e9rature et s&rsquo;assure que vos produits surgel\u00e9s restent dans des conditions optimales pendant le transport.<br \/>\n<\/span><\/p>\n<p class=\"MsoNormal\"><span class=\"palette-0 MsoNormal\"><strong>2. <em><u> Des installations de transport r\u00e9frig\u00e9r\u00e9 et congel\u00e9 \u00e0 la pointe de la technologie <\/u><\/em><\/strong><\/span><br \/>\n<span class=\"palette-0 MsoNormal\">Chez Freight Line Europe, nous investissons continuellement dans des moyens de transport modernes et des syst\u00e8mes de r\u00e9frig\u00e9ration et de cong\u00e9lation avanc\u00e9s. Nos camions et nos conteneurs sont \u00e9quip\u00e9s des syst\u00e8mes les plus r\u00e9cents pour maintenir une temp\u00e9rature stable et contr\u00f4l\u00e9e, m\u00eame pendant les longs trajets.<br \/>\n<\/span><\/p>\n<p class=\"MsoNormal\"><span class=\"palette-0 MsoNormal\"><strong>3.\u00a0<\/strong><em><u><strong>Respect strict des normes de s\u00e9curit\u00e9 alimentaire<\/strong><br \/>\n<\/u><\/em>Nous comprenons l&rsquo;importance de la s\u00e9curit\u00e9 alimentaire et de l&rsquo;hygi\u00e8ne dans le transport r\u00e9frig\u00e9r\u00e9 et congel\u00e9. Nous nous conformons \u00e0 toutes les r\u00e9glementations nationales et internationales pertinentes et avons la certification BRC. Nous avons des protocoles stricts pour le nettoyage et la d\u00e9sinfection de nos \u00e9quipements afin de garantir la qualit\u00e9 de vos produits.<em><u><br \/>\n<\/u><\/em><\/span><\/p>\n<p class=\"MsoNormal\"><span class=\"palette-0 MsoNormal\"><strong>4. <em><u> Des horaires de livraison flexibles et fiables <\/u><\/em><\/strong><\/span><br \/>\n<span class=\"palette-0 MsoNormal\">Le respect des d\u00e9lais est essentiel lors de la livraison de produits surgel\u00e9s. Nous proposons des horaires de livraison flexibles adapt\u00e9s \u00e0 vos besoins sp\u00e9cifiques. Nos experts en logistique veillent \u00e0 ce que vos marchandises arrivent \u00e0 temps, o\u00f9 qu&rsquo;elles se trouvent.<br \/>\n<\/span><\/p>\n<p class=\"MsoNormal\"><span class=\"palette-0 MsoNormal\"><strong>5. <em><u> Tra\u00e7abilit\u00e9 compl\u00e8te et suivi en temps r\u00e9el <\/u><\/em><\/strong><\/span><br \/>\n<span class=\"palette-0 MsoNormal\">Nous savons \u00e0 quel point il est important de suivre l&#8217;emplacement et le statut de vos exp\u00e9ditions de produits surgel\u00e9s. C&rsquo;est pourquoi nous offrons une tra\u00e7abilit\u00e9 compl\u00e8te et un suivi en temps r\u00e9el de vos marchandises. Vous pouvez \u00eatre assur\u00e9 que vos marchandises surgel\u00e9es sont toujours sous notre contr\u00f4le \u00e9troit.<br \/>\n<\/span><\/p>\n<\/div><\/div><\/div><\/div><div class = \"tatsu-column-bg-image-wrap\"><div class = \"tatsu-column-bg-image tatsu-bg-lazyload\" data-src = \"\"><\/div><\/div><div class=\"tatsu-overlay tatsu-column-overlay tatsu-animate-none\" ><\/div><\/div><style>.tatsu-row > .tatsu-irxyaVaffw.tatsu-column{width: 50%;}.tatsu-irxyaVaffw.tatsu-column > .tatsu-column-inner > .tatsu-column-overlay{mix-blend-mode: normal;}.tatsu-irxyaVaffw > .tatsu-column-inner > .tatsu-top-divider{z-index: 9999;}.tatsu-irxyaVaffw > .tatsu-column-inner > .tatsu-bottom-divider{z-index: 9999;}.tatsu-irxyaVaffw > .tatsu-column-inner > .tatsu-left-divider{z-index: 9999;}.tatsu-irxyaVaffw > .tatsu-column-inner > .tatsu-right-divider{z-index: 9999;}@media only screen and (max-width:1377px) {.tatsu-row > .tatsu-irxyaVaffw.tatsu-column{width: 50%;}}@media only screen and (min-width:768px) and (max-width: 1024px) {.tatsu-row > .tatsu-irxyaVaffw.tatsu-column{width: 50%;}}@media only screen and (max-width: 767px) {.tatsu-row > .tatsu-irxyaVaffw.tatsu-column{width: 100%;}}<\/style><\/div><\/div><\/div><\/div><div class=\"tatsu-section-background-wrap\"><div class = \"tatsu-section-background tatsu-bg-lazyload\" data-src = \"\"><\/div><\/div><div class=\"tatsu-overlay tatsu-section-overlay\"><\/div><style>.tatsu-J_QCr47unv .tatsu-section-pad{padding: 90px 0px 90px 0px;}.tatsu-J_QCr47unv .tatsu-section-offset-wrap{transform: translateY(-0px);}.tatsu-J_QCr47unv > .tatsu-bottom-divider{z-index: 9999;}.tatsu-J_QCr47unv > .tatsu-top-divider{z-index: 9999;}.tatsu-J_QCr47unv .tatsu-section-overlay{mix-blend-mode: normal;}<\/style><\/div><div  class=\"tatsu-gZqu-V1SYU tatsu-section  tatsu-bg-overlay   tatsu-clearfix\" data-title=\"\"  data-headerscheme=\"background--dark\"><div class='tatsu-section-pad clearfix' data-padding='{\"d\":\"90px 0px 90px 0px\"}' data-padding-top='90px'><div class=\"tatsu-row-wrap  tatsu-wrap tatsu-row-one-col tatsu-row-has-one-cols tatsu-medium-gutter tatsu-reg-cols  tatsu-clearfix tatsu-A56R30ARbd\" ><div  class=\"tatsu-row \" ><div  class=\"tatsu-column  tatsu-bg-overlay tatsu-one-col tatsu-column-image-none tatsu-column-effect-none  tatsu-Ji8fbbSW1\"  data-parallax-speed=\"0\" style=\"\"><div class=\"tatsu-column-inner \" ><div class=\"tatsu-column-pad-wrap\"><div class=\"tatsu-column-pad\" ><div  class=\"tatsu-module tatsu-text-block-wrap tatsu-ByfYd0p0h  \"><div class=\"tatsu-text-inner tatsu-align-center  clearfix\" ><style>.tatsu-ByfYd0p0h.tatsu-text-block-wrap .tatsu-text-inner{width: 100%;text-align: left;color: rgba(255,255,255,1) ;}.tatsu-ByfYd0p0h .tatsu-text-inner *{color: rgba(255,255,255,1) ;}<\/style>\n<h3><strong>L&rsquo;expert en transport de produits surgel\u00e9s<br \/>\n<\/strong><\/h3>\n<\/div><\/div><div  class=\"tatsu-module tatsu-inline-text clearfix tatsu-O2n_lfvXE   \" ><style>.tatsu-O2n_lfvXE .tatsu-inline-text-inner{width: 100%;text-align: left;}@media only screen and (max-width: 767px) {.tatsu-O2n_lfvXE .tatsu-inline-text-inner{width: 100%;}}<\/style><div class=\"tatsu-inline-text-inner tatsu-align-center\">\n<p class=\"MsoNormal\"><span style=\"color: #ffffff;\">Que vous soyez producteur, distributeur ou d\u00e9taillant de produits surgel\u00e9s, Freight Line Europe poss\u00e8de l&rsquo;expertise et les ressources n\u00e9cessaires pour r\u00e9pondre \u00e0 vos besoins en mati\u00e8re de transport de produits surgel\u00e9s. Nos solutions logistiques compl\u00e8tes comprennent des itin\u00e9raires de transport nationaux et internationaux, ce qui nous permet de livrer vos produits surgel\u00e9s en toute s\u00e9curit\u00e9 et de mani\u00e8re efficace, o\u00f9 qu&rsquo;ils se trouvent.<br \/>\n<\/span><\/p>\n<\/div><\/div><\/div><\/div><div class = \"tatsu-column-bg-image-wrap\"><div class = \"tatsu-column-bg-image tatsu-bg-lazyload\" data-src = \"\"><\/div><\/div><div class=\"tatsu-overlay tatsu-column-overlay tatsu-animate-none\" ><\/div><\/div><style>.tatsu-row > .tatsu-Ji8fbbSW1.tatsu-column{width: 100%;}.tatsu-Ji8fbbSW1.tatsu-column > .tatsu-column-inner > .tatsu-column-overlay{mix-blend-mode: normal;}.tatsu-Ji8fbbSW1 > .tatsu-column-inner > .tatsu-top-divider{z-index: 9999;}.tatsu-Ji8fbbSW1 > .tatsu-column-inner > .tatsu-bottom-divider{z-index: 9999;}.tatsu-Ji8fbbSW1 > .tatsu-column-inner > .tatsu-left-divider{z-index: 9999;}.tatsu-Ji8fbbSW1 > .tatsu-column-inner > .tatsu-right-divider{z-index: 9999;}@media only screen and (max-width:1377px) {.tatsu-row > .tatsu-Ji8fbbSW1.tatsu-column{width: 100%;}}@media only screen and (min-width:768px) and (max-width: 1024px) {.tatsu-row > .tatsu-Ji8fbbSW1.tatsu-column{width: 100%;}}@media only screen and (max-width: 767px) {.tatsu-row > .tatsu-Ji8fbbSW1.tatsu-column{width: 100%;}}<\/style><\/div><\/div><\/div><\/div><div class=\"tatsu-section-background-wrap\"><div class = \"tatsu-section-background tatsu-bg-lazyload\" data-src = \"\"><\/div><\/div><div class=\"tatsu-overlay tatsu-section-overlay\"><\/div><style>.tatsu-gZqu-V1SYU.tatsu-section{background-color: rgba(0,161,230,1);}.tatsu-gZqu-V1SYU .tatsu-section-pad{padding: 90px 0px 90px 0px;}.tatsu-gZqu-V1SYU .tatsu-section-offset-wrap{transform: translateY(-0px);}.tatsu-gZqu-V1SYU > .tatsu-bottom-divider{z-index: 9999;}.tatsu-gZqu-V1SYU > .tatsu-top-divider{z-index: 9999;}.tatsu-gZqu-V1SYU .tatsu-section-overlay{mix-blend-mode: normal;}<\/style><\/div>\n","protected":false},"excerpt":{"rendered":"<div><a href=\"https:\/\/fle-nl.com\/fr\/transport-de-produits-surgeles\/\" class=\"exp-read-more exp-read-more-underlined\">Read More<\/a><\/div>\n","protected":false},"author":6,"featured_media":0,"parent":0,"menu_order":0,"comment_status":"closed","ping_status":"closed","template":"","meta":{"footnotes":""},"class_list":["post-8469","page","type-page","status-publish","hentry"],"yoast_head":"<!-- This site is optimized with the Yoast SEO plugin v27.4 - https:\/\/yoast.com\/product\/yoast-seo-wordpress\/ -->\n<title>Transport de produits congel\u00e9s - Freight Line Europe<\/title>\n<meta name=\"description\" content=\"Vous avez besoin d&#039;un transport congel\u00e9 fiable? D\u00e9couvrez nos solutions. Nous garantissons des temp\u00e9ratures contr\u00f4l\u00e9es, ce qui permet \u00e0 vos produits d&#039;arriver \u00e0 bon port\" \/>\n<meta name=\"robots\" content=\"index, follow, max-snippet:-1, max-image-preview:large, max-video-preview:-1\" \/>\n<link rel=\"canonical\" href=\"https:\/\/fle-nl.com\/fr\/transport-de-produits-surgeles\/\" \/>\n<meta property=\"og:locale\" content=\"fr_FR\" \/>\n<meta property=\"og:type\" content=\"article\" \/>\n<meta property=\"og:title\" content=\"Transport de produits congel\u00e9s - Freight Line Europe\" \/>\n<meta property=\"og:description\" content=\"Vous avez besoin d&#039;un transport congel\u00e9 fiable? D\u00e9couvrez nos solutions. Nous garantissons des temp\u00e9ratures contr\u00f4l\u00e9es, ce qui permet \u00e0 vos produits d&#039;arriver \u00e0 bon port\" \/>\n<meta property=\"og:url\" content=\"https:\/\/fle-nl.com\/fr\/transport-de-produits-surgeles\/\" \/>\n<meta property=\"og:site_name\" content=\"Freight Line Europe\" \/>\n<meta property=\"article:publisher\" content=\"https:\/\/www.facebook.com\/freightlineeurope\/\" \/>\n<meta property=\"article:modified_time\" content=\"2025-02-18T11:53:00+00:00\" \/>\n<meta name=\"twitter:card\" content=\"summary_large_image\" \/>\n<meta name=\"twitter:label1\" content=\"Dur\u00e9e de lecture estim\u00e9e\" \/>\n\t<meta name=\"twitter:data1\" content=\"9 minutes\" \/>\n<!-- \/ Yoast SEO plugin. -->","yoast_head_json":{"title":"Transport de produits congel\u00e9s - Freight Line Europe","description":"Vous avez besoin d'un transport congel\u00e9 fiable? D\u00e9couvrez nos solutions. Nous garantissons des temp\u00e9ratures contr\u00f4l\u00e9es, ce qui permet \u00e0 vos produits d'arriver \u00e0 bon port","robots":{"index":"index","follow":"follow","max-snippet":"max-snippet:-1","max-image-preview":"max-image-preview:large","max-video-preview":"max-video-preview:-1"},"canonical":"https:\/\/fle-nl.com\/fr\/transport-de-produits-surgeles\/","og_locale":"fr_FR","og_type":"article","og_title":"Transport de produits congel\u00e9s - Freight Line Europe","og_description":"Vous avez besoin d'un transport congel\u00e9 fiable? D\u00e9couvrez nos solutions. Nous garantissons des temp\u00e9ratures contr\u00f4l\u00e9es, ce qui permet \u00e0 vos produits d'arriver \u00e0 bon port","og_url":"https:\/\/fle-nl.com\/fr\/transport-de-produits-surgeles\/","og_site_name":"Freight Line Europe","article_publisher":"https:\/\/www.facebook.com\/freightlineeurope\/","article_modified_time":"2025-02-18T11:53:00+00:00","twitter_card":"summary_large_image","twitter_misc":{"Dur\u00e9e de lecture estim\u00e9e":"9 minutes"},"schema":{"@context":"https:\/\/schema.org","@graph":[{"@type":"WebPage","@id":"https:\/\/fle-nl.com\/fr\/transport-de-produits-surgeles\/","url":"https:\/\/fle-nl.com\/fr\/transport-de-produits-surgeles\/","name":"Transport de produits congel\u00e9s - Freight Line Europe","isPartOf":{"@id":"https:\/\/fle-nl.com\/#website"},"datePublished":"2024-02-16T10:13:14+00:00","dateModified":"2025-02-18T11:53:00+00:00","description":"Vous avez besoin d'un transport congel\u00e9 fiable? D\u00e9couvrez nos solutions. Nous garantissons des temp\u00e9ratures contr\u00f4l\u00e9es, ce qui permet \u00e0 vos produits d'arriver \u00e0 bon port","breadcrumb":{"@id":"https:\/\/fle-nl.com\/fr\/transport-de-produits-surgeles\/#breadcrumb"},"inLanguage":"fr-FR","potentialAction":[{"@type":"ReadAction","target":["https:\/\/fle-nl.com\/fr\/transport-de-produits-surgeles\/"]}]},{"@type":"BreadcrumbList","@id":"https:\/\/fle-nl.com\/fr\/transport-de-produits-surgeles\/#breadcrumb","itemListElement":[{"@type":"ListItem","position":1,"name":"Geconditioneerd transport","item":"https:\/\/fle-nl.com\/fr\/"},{"@type":"ListItem","position":2,"name":"Transport de produits surgel\u00e9s"}]},{"@type":"WebSite","@id":"https:\/\/fle-nl.com\/#website","url":"https:\/\/fle-nl.com\/","name":"Freight Line Europe","description":"Votre partenaire de confiance pour le transport frigorifique!","publisher":{"@id":"https:\/\/fle-nl.com\/#organization"},"potentialAction":[{"@type":"SearchAction","target":{"@type":"EntryPoint","urlTemplate":"https:\/\/fle-nl.com\/?s={search_term_string}"},"query-input":{"@type":"PropertyValueSpecification","valueRequired":true,"valueName":"search_term_string"}}],"inLanguage":"fr-FR"},{"@type":"Organization","@id":"https:\/\/fle-nl.com\/#organization","name":"Freight Line Europe","url":"https:\/\/fle-nl.com\/","logo":{"@type":"ImageObject","inLanguage":"fr-FR","@id":"https:\/\/fle-nl.com\/#\/schema\/logo\/image\/","url":"https:\/\/fle-nl.com\/wp-content\/uploads\/2024\/09\/FLE_BLAUWaRTBOARD-1-cropped.png","contentUrl":"https:\/\/fle-nl.com\/wp-content\/uploads\/2024\/09\/FLE_BLAUWaRTBOARD-1-cropped.png","width":856,"height":679,"caption":"Freight Line Europe"},"image":{"@id":"https:\/\/fle-nl.com\/#\/schema\/logo\/image\/"},"sameAs":["https:\/\/www.facebook.com\/freightlineeurope\/","https:\/\/instagram.com\/freightlineeurope","https:\/\/linkedin.com\/freightlineeurope","https:\/\/www.youtube.com\/@freightlineeurope"]}]}},"_links":{"self":[{"href":"https:\/\/fle-nl.com\/fr\/wp-json\/wp\/v2\/pages\/8469","targetHints":{"allow":["GET"]}}],"collection":[{"href":"https:\/\/fle-nl.com\/fr\/wp-json\/wp\/v2\/pages"}],"about":[{"href":"https:\/\/fle-nl.com\/fr\/wp-json\/wp\/v2\/types\/page"}],"author":[{"embeddable":true,"href":"https:\/\/fle-nl.com\/fr\/wp-json\/wp\/v2\/users\/6"}],"replies":[{"embeddable":true,"href":"https:\/\/fle-nl.com\/fr\/wp-json\/wp\/v2\/comments?post=8469"}],"version-history":[{"count":5,"href":"https:\/\/fle-nl.com\/fr\/wp-json\/wp\/v2\/pages\/8469\/revisions"}],"predecessor-version":[{"id":8498,"href":"https:\/\/fle-nl.com\/fr\/wp-json\/wp\/v2\/pages\/8469\/revisions\/8498"}],"wp:attachment":[{"href":"https:\/\/fle-nl.com\/fr\/wp-json\/wp\/v2\/media?parent=8469"}],"curies":[{"name":"wp","href":"https:\/\/api.w.org\/{rel}","templated":true}]}}