{"id":8475,"date":"2024-02-16T11:38:28","date_gmt":"2024-02-16T10:38:28","guid":{"rendered":"http:\/\/fle-nl.com\/?page_id=8475"},"modified":"2025-02-18T12:53:03","modified_gmt":"2025-02-18T11:53:03","slug":"transport-de-fruits","status":"publish","type":"page","link":"https:\/\/fle-nl.com\/fr\/transport-de-fruits\/","title":{"rendered":"Transport de fruits"},"content":{"rendered":"<div  class=\"tatsu-v-OWrlFud tatsu-section  tatsu-section-custom-height tatsu-bg-overlay   tatsu-clearfix\" data-title=\"\"  data-headerscheme=\"background--dark\"><div class = \"tatsu-custom-height-wrap\"><div class='tatsu-section-pad clearfix' data-padding='{\"d\":\"50px 0% 50px 0%\"}' data-padding-top='50px'><div class=\"tatsu-row-wrap  tatsu-wrap tatsu-row-one-col tatsu-row-has-one-cols tatsu-medium-gutter tatsu-reg-cols  tatsu-clearfix tatsu-jSvSrXaTdr\" ><div  class=\"tatsu-row \" ><div  class=\"tatsu-column  tatsu-column-no-bg tatsu-one-col tatsu-column-image-none tatsu-column-effect-none  tatsu-Bfyqj_IiWl\"  data-parallax-speed=\"0\" style=\"\"><div class=\"tatsu-column-inner \" ><div class=\"tatsu-column-pad-wrap\"><div class=\"tatsu-column-pad\" ><div  class=\"tatsu-module tatsu-inline-text clearfix tatsu-8cHBD5t6am   \" ><style>.tatsu-8cHBD5t6am .tatsu-inline-text-inner{width: 100%;text-align: left;}@media only screen and (max-width: 767px) {.tatsu-8cHBD5t6am .tatsu-inline-text-inner{width: 100%;}}<\/style><div class=\"tatsu-inline-text-inner tatsu-align-center\">\n<h1 style=\"text-align: center;\"><span class=\"tatsu-inline-link-style2\"><span class=\"\" style=\"color: #ffffff;\">Transport de fruits<\/span><\/span><\/h1>\n<\/div><\/div><\/div><\/div><div class = \"tatsu-column-bg-image-wrap\"><div class = \"tatsu-column-bg-image tatsu-bg-lazyload\" data-src = \"\"><\/div><\/div><\/div><style>.tatsu-row > .tatsu-Bfyqj_IiWl.tatsu-column{width: 100%;}.tatsu-Bfyqj_IiWl.tatsu-column > .tatsu-column-inner > .tatsu-column-overlay{mix-blend-mode: none;}.tatsu-Bfyqj_IiWl > .tatsu-column-inner > .tatsu-top-divider{z-index: 9999;}.tatsu-Bfyqj_IiWl > .tatsu-column-inner > .tatsu-bottom-divider{z-index: 9999;}.tatsu-Bfyqj_IiWl > .tatsu-column-inner > .tatsu-left-divider{z-index: 9999;}.tatsu-Bfyqj_IiWl > .tatsu-column-inner > .tatsu-right-divider{z-index: 9999;}<\/style><\/div><\/div><\/div><\/div><div class=\"tatsu-section-background-wrap\"><div class = \"tatsu-section-background tatsu-bg-lazyload\" data-src = \"\"><\/div><\/div><div class=\"tatsu-overlay tatsu-section-overlay\"><\/div><\/div><style>.tatsu-v-OWrlFud .tatsu-section-pad{padding: 50px 0% 50px 0%;}.tatsu-v-OWrlFud > .tatsu-bottom-divider{z-index: 1000;}.tatsu-v-OWrlFud > .tatsu-top-divider{z-index: 9999;}.tatsu-v-OWrlFud .tatsu-section-overlay{background: rgba(0,161,230,1);mix-blend-mode: normal;}.tatsu-v-OWrlFud .tatsu-custom-height-wrap{align-items: center;min-height: 10vh;}<\/style><\/div><div  class=\"tatsu-J_QCr47unv tatsu-section  tatsu-bg-overlay   tatsu-clearfix\" data-title=\"\"  data-headerscheme=\"background--dark\"><div class='tatsu-section-pad clearfix' data-padding='{\"d\":\"90px 0px 90px 0px\"}' data-padding-top='90px'><div class=\"tatsu-row-wrap  tatsu-wrap tatsu-row-has-one-half tatsu-row-has-two-cols tatsu-large-gutter tatsu-reg-cols  tatsu-clearfix tatsu-SRLiqyI4u7\" ><div  class=\"tatsu-row \" ><div  class=\"tatsu-column  tatsu-bg-overlay tatsu-one-half tatsu-column-image-none tatsu-column-effect-none  tatsu-BqZO9EL4a\"  data-parallax-speed=\"0\" style=\"\"><div class=\"tatsu-column-inner \" ><div class=\"tatsu-column-pad-wrap\"><div class=\"tatsu-column-pad\" ><div  class=\"tatsu-module tatsu-text-block-wrap tatsu-Hy5hu0aA3  \"><div class=\"tatsu-text-inner tatsu-align-center  clearfix\" ><style>.tatsu-Hy5hu0aA3.tatsu-text-block-wrap .tatsu-text-inner{width: 100%;text-align: left;color: rgba(0,161,230,1) ;}.tatsu-Hy5hu0aA3 .tatsu-text-inner *{color: rgba(0,161,230,1) ;}<\/style>\n<h2>Transport de fruits<\/h2>\n<\/div><\/div><div  class=\"tatsu-module tatsu-inline-text clearfix tatsu-TBJuJ3Kq2   \" ><style>.tatsu-TBJuJ3Kq2 .tatsu-inline-text-inner{width: 100%;text-align: left;}@media only screen and (max-width: 767px) {.tatsu-TBJuJ3Kq2 .tatsu-inline-text-inner{width: 100%;}}<\/style><div class=\"tatsu-inline-text-inner tatsu-align-center\">\n<p class=\"MsoNormal\"><span class=\"palette-0 MsoNormal\">Pour le transport conditionn\u00e9 de fruits, nous comprenons mieux que quiconque les exigences et les d\u00e9fis sp\u00e9cifiques. Nous nous sommes sp\u00e9cialis\u00e9s dans le transport \u00e0 destination et en provenance de la France et du Royaume-Uni, en recherchant une efficacit\u00e9 et une fiabilit\u00e9 maximales.<br \/>\n<\/span><\/p>\n<p class=\"MsoNormal\"><span class=\"palette-0 MsoNormal\">En nous confiant vos transports de fruits, vous b\u00e9n\u00e9ficiez de notre vaste exp\u00e9rience en mati\u00e8re de transport vers la France et le Royaume-Uni. Nous connaissons l&rsquo;infrastructure logistique et les r\u00e9glementations de ces pays, ce qui nous permet de planifier les itin\u00e9raires les plus rapides et les plus efficaces.<br \/>\n<\/span><\/p>\n<\/div><\/div><div  class=\"tatsu-single-image tatsu-module tatsu-image-lazyload tatsu-external-image tatsu-BknyUTD93  \" ><div class=\"tatsu-single-image-inner \" style=\"\" ><div class = \"tatsu-single-image-padding-wrap\" style = \"\" ><\/div><img class = \"tatsu-gradient-border\" data-src = \"http:\/\/fle-nl.com\/wp-content\/uploads\/2023\/07\/FLE-078-min-scaled.jpg\" alt =\" \"  src =\"data:image\/png;base64,iVBORw0KGgoAAAANSUhEUgAAAAEAAAABCAQAAAC1HAwCAAAAC0lEQVR42mNkYAAAAAYAAjCB0C8AAAAASUVORK5CYII=\"  \/><\/div><style>.tatsu-BknyUTD93 .tatsu-single-image-inner{border-style: solid;max-width: 100%;}.tatsu-BknyUTD93.tatsu-single-image{transform: translate3d(0px,0px, 0);}<\/style><\/div><\/div><\/div><div class = \"tatsu-column-bg-image-wrap\"><div class = \"tatsu-column-bg-image tatsu-bg-lazyload\" data-src = \"\"><\/div><\/div><div class=\"tatsu-overlay tatsu-column-overlay tatsu-animate-none\" ><\/div><\/div><style>.tatsu-row > .tatsu-BqZO9EL4a.tatsu-column{width: 50%;}.tatsu-BqZO9EL4a.tatsu-column > .tatsu-column-inner > .tatsu-column-overlay{mix-blend-mode: normal;}.tatsu-BqZO9EL4a > .tatsu-column-inner > .tatsu-top-divider{z-index: 9999;}.tatsu-BqZO9EL4a > .tatsu-column-inner > .tatsu-bottom-divider{z-index: 9999;}.tatsu-BqZO9EL4a > .tatsu-column-inner > .tatsu-left-divider{z-index: 9999;}.tatsu-BqZO9EL4a > .tatsu-column-inner > .tatsu-right-divider{z-index: 9999;}@media only screen and (max-width:1377px) {.tatsu-row > .tatsu-BqZO9EL4a.tatsu-column{width: 50%;}}@media only screen and (min-width:768px) and (max-width: 1024px) {.tatsu-row > .tatsu-BqZO9EL4a.tatsu-column{width: 50%;}}@media only screen and (max-width: 767px) {.tatsu-row > .tatsu-BqZO9EL4a.tatsu-column{width: 100%;}}<\/style><\/div><div  class=\"tatsu-column  tatsu-bg-overlay tatsu-one-half tatsu-column-image-none tatsu-column-effect-none  tatsu-irxyaVaffw\"  data-parallax-speed=\"0\" style=\"\"><div class=\"tatsu-column-inner \" ><div class=\"tatsu-column-pad-wrap\"><div class=\"tatsu-column-pad\" ><div  class=\"tatsu-module tatsu-text-block-wrap tatsu-Hy-WFCp0h  \"><div class=\"tatsu-text-inner tatsu-align-center  clearfix\" ><style>.tatsu-Hy-WFCp0h.tatsu-text-block-wrap .tatsu-text-inner{width: 100%;text-align: left;color: rgba(0,161,230,1) ;}.tatsu-Hy-WFCp0h .tatsu-text-inner *{color: rgba(0,161,230,1) ;}<\/style>\n<h3><strong>Syst\u00e8mes de r\u00e9frig\u00e9ration avanc\u00e9s<br \/>\n<\/strong><\/h3>\n<\/div><\/div><div  class=\"tatsu-module tatsu-inline-text clearfix tatsu-UFRoRSNdE   \" ><style>.tatsu-UFRoRSNdE .tatsu-inline-text-inner{width: 100%;text-align: left;}@media only screen and (max-width: 767px) {.tatsu-UFRoRSNdE .tatsu-inline-text-inner{width: 100%;}}<\/style><div class=\"tatsu-inline-text-inner tatsu-align-center\">\n<p class=\"MsoNormal\"><span class=\"palette-0 MsoNormal\">L&rsquo;efficacit\u00e9 est essentielle dans le transport de denr\u00e9es alimentaires. Chez Freight Line Europe, nous avons investi dans des camions et des remorques modernes \u00e9quip\u00e9s de syst\u00e8mes de r\u00e9frig\u00e9ration avanc\u00e9s afin de garantir une temp\u00e9rature et une humidit\u00e9 optimales pour vos fruits. Nous savons que chaque type de fruit a ses propres exigences. C&rsquo;est pourquoi nos chauffeurs experts veillent \u00e0 ce que la cargaison soit manipul\u00e9e avec soin, afin de pr\u00e9server la fra\u00eecheur et la qualit\u00e9 des fruits.<br \/>\n<\/span><\/p>\n<p class=\"MsoNormal\"><span class=\"palette-0 MsoNormal\">Nos camions sont \u00e9quip\u00e9s de syst\u00e8mes sophistiqu\u00e9s qui permettent de surveiller en temps r\u00e9el la temp\u00e9rature, l&#8217;emplacement et d&rsquo;autres param\u00e8tres cl\u00e9s. Cela nous permet d&rsquo;intervenir de mani\u00e8re proactive en cas d&rsquo;anomalie et de prendre les mesures n\u00e9cessaires pour garantir la qualit\u00e9 de votre cargaison. Avec nous, vous pouvez \u00eatre s\u00fbr que votre transport de fruits est entre de bonnes mains.<br \/>\n<\/span><\/p>\n<\/div><\/div><\/div><\/div><div class = \"tatsu-column-bg-image-wrap\"><div class = \"tatsu-column-bg-image tatsu-bg-lazyload\" data-src = \"\"><\/div><\/div><div class=\"tatsu-overlay tatsu-column-overlay tatsu-animate-none\" ><\/div><\/div><style>.tatsu-row > .tatsu-irxyaVaffw.tatsu-column{width: 50%;}.tatsu-irxyaVaffw.tatsu-column > .tatsu-column-inner > .tatsu-column-overlay{mix-blend-mode: normal;}.tatsu-irxyaVaffw > .tatsu-column-inner > .tatsu-top-divider{z-index: 9999;}.tatsu-irxyaVaffw > .tatsu-column-inner > .tatsu-bottom-divider{z-index: 9999;}.tatsu-irxyaVaffw > .tatsu-column-inner > .tatsu-left-divider{z-index: 9999;}.tatsu-irxyaVaffw > .tatsu-column-inner > .tatsu-right-divider{z-index: 9999;}@media only screen and (max-width:1377px) {.tatsu-row > .tatsu-irxyaVaffw.tatsu-column{width: 50%;}}@media only screen and (min-width:768px) and (max-width: 1024px) {.tatsu-row > .tatsu-irxyaVaffw.tatsu-column{width: 50%;}}@media only screen and (max-width: 767px) {.tatsu-row > .tatsu-irxyaVaffw.tatsu-column{width: 100%;}}<\/style><\/div><\/div><\/div><\/div><div class=\"tatsu-section-background-wrap\"><div class = \"tatsu-section-background tatsu-bg-lazyload\" data-src = \"\"><\/div><\/div><div class=\"tatsu-overlay tatsu-section-overlay\"><\/div><style>.tatsu-J_QCr47unv .tatsu-section-pad{padding: 90px 0px 90px 0px;}.tatsu-J_QCr47unv .tatsu-section-offset-wrap{transform: translateY(-0px);}.tatsu-J_QCr47unv > .tatsu-bottom-divider{z-index: 9999;}.tatsu-J_QCr47unv > .tatsu-top-divider{z-index: 9999;}.tatsu-J_QCr47unv .tatsu-section-overlay{mix-blend-mode: normal;}<\/style><\/div><div  class=\"tatsu-gZqu-V1SYU tatsu-section  tatsu-bg-overlay   tatsu-clearfix\" data-title=\"\"  data-headerscheme=\"background--dark\"><div class='tatsu-section-pad clearfix' data-padding='{\"d\":\"90px 0px 90px 0px\"}' data-padding-top='90px'><div class=\"tatsu-row-wrap  tatsu-wrap tatsu-row-one-col tatsu-row-has-one-cols tatsu-medium-gutter tatsu-reg-cols  tatsu-clearfix tatsu-A56R30ARbd\" ><div  class=\"tatsu-row \" ><div  class=\"tatsu-column  tatsu-bg-overlay tatsu-one-col tatsu-column-image-none tatsu-column-effect-none  tatsu-Ji8fbbSW1\"  data-parallax-speed=\"0\" style=\"\"><div class=\"tatsu-column-inner \" ><div class=\"tatsu-column-pad-wrap\"><div class=\"tatsu-column-pad\" ><div  class=\"tatsu-module tatsu-text-block-wrap tatsu-rkh7K06Rn  \"><div class=\"tatsu-text-inner tatsu-align-center  clearfix\" ><style>.tatsu-rkh7K06Rn.tatsu-text-block-wrap .tatsu-text-inner{width: 100%;text-align: left;color: rgba(255,255,255,1) ;}.tatsu-rkh7K06Rn .tatsu-text-inner *{color: rgba(255,255,255,1) ;}<\/style>\n<h3><strong>Services \u00e0 valeur ajout\u00e9e<br \/>\n<\/strong><\/h3>\n<\/div><\/div><div  class=\"tatsu-module tatsu-inline-text clearfix tatsu-O2n_lfvXE   \" ><style>.tatsu-O2n_lfvXE .tatsu-inline-text-inner{width: 100%;text-align: left;}@media only screen and (max-width: 767px) {.tatsu-O2n_lfvXE .tatsu-inline-text-inner{width: 100%;}}<\/style><div class=\"tatsu-inline-text-inner tatsu-align-center\">\n<p class=\"MsoNormal\"><span style=\"color: #ffffff;\">Nous proposons \u00e9galement des services \u00e0 valeur ajout\u00e9e pour optimiser votre transport de fruits. Nous mettons \u00e9galement \u00e0 votre disposition des installations de stockage climatis\u00e9es dans nos centres de distribution afin de conserver vos fruits dans des conditions optimales jusqu&rsquo;\u00e0 ce qu&rsquo;ils soient pr\u00eats \u00e0 \u00eatre livr\u00e9s. Nos services int\u00e9gr\u00e9s vous offrent une solution logistique transparente et efficace, du transport \u00e0 la livraison.<br \/>\n<\/span><\/p>\n<p class=\"MsoNormal\"><span style=\"color: #ffffff;\">Nous sommes sp\u00e9cialis\u00e9s dans le transport de divers types de fruits (mous), notamment les agrumes, les baies, les pommes, les poires, les melons et les fruits exotiques. Notre expertise en mati\u00e8re de <span style=\"color: #ffffff;\"><a style=\"color: #ffffff;\" href=\"..\/transport-conditionne\/\" target=\"_self\" rel=\"noopener\">transport conditionn\u00e9<\/a><\/span> nous permet d&rsquo;effectuer le transport de fruits, <a href=\"..\/transport-de-legumes\/\" target=\"_self\" rel=\"noopener\"><span style=\"color: #ffffff;\">de l\u00e9gumes<\/span><\/a> et <span style=\"color: #ffffff;\"><a style=\"color: #ffffff;\" href=\"..\/transport-de-produits-surgeles\/\" target=\"_self\" rel=\"noopener\">de produits surgel\u00e9s<\/a><\/span> de mani\u00e8re s\u00fbre et efficace.<br \/>\n<\/span><\/p>\n<p class=\"MsoNormal\"><span style=\"color: #ffffff;\">Nous sommes le partenaire id\u00e9al pour le transport conditionn\u00e9 de fruits au d\u00e9part et \u00e0 destination des Pays-Bas, de la France et du Royaume-Uni. Gr\u00e2ce \u00e0 notre d\u00e9vouement, nous veillons \u00e0 ce que vos fruits arrivent frais et intacts \u00e0 destination.<br \/>\n<\/span><\/p>\n<\/div><\/div><\/div><\/div><div class = \"tatsu-column-bg-image-wrap\"><div class = \"tatsu-column-bg-image tatsu-bg-lazyload\" data-src = \"\"><\/div><\/div><div class=\"tatsu-overlay tatsu-column-overlay tatsu-animate-none\" ><\/div><\/div><style>.tatsu-row > .tatsu-Ji8fbbSW1.tatsu-column{width: 100%;}.tatsu-Ji8fbbSW1.tatsu-column > .tatsu-column-inner > .tatsu-column-overlay{mix-blend-mode: normal;}.tatsu-Ji8fbbSW1 > .tatsu-column-inner > .tatsu-top-divider{z-index: 9999;}.tatsu-Ji8fbbSW1 > .tatsu-column-inner > .tatsu-bottom-divider{z-index: 9999;}.tatsu-Ji8fbbSW1 > .tatsu-column-inner > .tatsu-left-divider{z-index: 9999;}.tatsu-Ji8fbbSW1 > .tatsu-column-inner > .tatsu-right-divider{z-index: 9999;}@media only screen and (max-width:1377px) {.tatsu-row > .tatsu-Ji8fbbSW1.tatsu-column{width: 100%;}}@media only screen and (min-width:768px) and (max-width: 1024px) {.tatsu-row > .tatsu-Ji8fbbSW1.tatsu-column{width: 100%;}}@media only screen and (max-width: 767px) {.tatsu-row > .tatsu-Ji8fbbSW1.tatsu-column{width: 100%;}}<\/style><\/div><\/div><\/div><\/div><div class=\"tatsu-section-background-wrap\"><div class = \"tatsu-section-background tatsu-bg-lazyload\" data-src = \"\"><\/div><\/div><div class=\"tatsu-overlay tatsu-section-overlay\"><\/div><style>.tatsu-gZqu-V1SYU.tatsu-section{background-color: rgba(0,161,230,1);}.tatsu-gZqu-V1SYU .tatsu-section-pad{padding: 90px 0px 90px 0px;}.tatsu-gZqu-V1SYU .tatsu-section-offset-wrap{transform: translateY(-0px);}.tatsu-gZqu-V1SYU > .tatsu-bottom-divider{z-index: 9999;}.tatsu-gZqu-V1SYU > .tatsu-top-divider{z-index: 9999;}.tatsu-gZqu-V1SYU .tatsu-section-overlay{mix-blend-mode: normal;}<\/style><\/div>\n","protected":false},"excerpt":{"rendered":"<div><a href=\"https:\/\/fle-nl.com\/fr\/transport-de-fruits\/\" class=\"exp-read-more exp-read-more-underlined\">Read More<\/a><\/div>\n","protected":false},"author":6,"featured_media":0,"parent":0,"menu_order":0,"comment_status":"closed","ping_status":"closed","template":"","meta":{"footnotes":""},"class_list":["post-8475","page","type-page","status-publish","hentry"],"yoast_head":"<!-- This site is optimized with the Yoast SEO plugin v27.4 - https:\/\/yoast.com\/product\/yoast-seo-wordpress\/ -->\n<title>Transport de fruits - Freight Line Europe<\/title>\n<meta name=\"description\" content=\"A la recherche d&#039;un transport de fruits fiable ? D\u00e9couvrez nos solutions. Nous garantissons des temp\u00e9ratures contr\u00f4l\u00e9es, ce qui permet \u00e0 vos produits d&#039;arriver frais et en toute s\u00e9curit\u00e9.\" \/>\n<meta name=\"robots\" content=\"index, follow, max-snippet:-1, max-image-preview:large, max-video-preview:-1\" \/>\n<link rel=\"canonical\" href=\"https:\/\/fle-nl.com\/fr\/transport-de-fruits\/\" \/>\n<meta property=\"og:locale\" content=\"fr_FR\" \/>\n<meta property=\"og:type\" content=\"article\" \/>\n<meta property=\"og:title\" content=\"Transport de fruits - Freight Line Europe\" \/>\n<meta property=\"og:description\" content=\"A la recherche d&#039;un transport de fruits fiable ? D\u00e9couvrez nos solutions. Nous garantissons des temp\u00e9ratures contr\u00f4l\u00e9es, ce qui permet \u00e0 vos produits d&#039;arriver frais et en toute s\u00e9curit\u00e9.\" \/>\n<meta property=\"og:url\" content=\"https:\/\/fle-nl.com\/fr\/transport-de-fruits\/\" \/>\n<meta property=\"og:site_name\" content=\"Freight Line Europe\" \/>\n<meta property=\"article:publisher\" content=\"https:\/\/www.facebook.com\/freightlineeurope\/\" \/>\n<meta property=\"article:modified_time\" content=\"2025-02-18T11:53:03+00:00\" \/>\n<meta name=\"twitter:card\" content=\"summary_large_image\" \/>\n<meta name=\"twitter:label1\" content=\"Dur\u00e9e de lecture estim\u00e9e\" \/>\n\t<meta name=\"twitter:data1\" content=\"9 minutes\" \/>\n<!-- \/ Yoast SEO plugin. -->","yoast_head_json":{"title":"Transport de fruits - Freight Line Europe","description":"A la recherche d'un transport de fruits fiable ? D\u00e9couvrez nos solutions. Nous garantissons des temp\u00e9ratures contr\u00f4l\u00e9es, ce qui permet \u00e0 vos produits d'arriver frais et en toute s\u00e9curit\u00e9.","robots":{"index":"index","follow":"follow","max-snippet":"max-snippet:-1","max-image-preview":"max-image-preview:large","max-video-preview":"max-video-preview:-1"},"canonical":"https:\/\/fle-nl.com\/fr\/transport-de-fruits\/","og_locale":"fr_FR","og_type":"article","og_title":"Transport de fruits - Freight Line Europe","og_description":"A la recherche d'un transport de fruits fiable ? D\u00e9couvrez nos solutions. Nous garantissons des temp\u00e9ratures contr\u00f4l\u00e9es, ce qui permet \u00e0 vos produits d'arriver frais et en toute s\u00e9curit\u00e9.","og_url":"https:\/\/fle-nl.com\/fr\/transport-de-fruits\/","og_site_name":"Freight Line Europe","article_publisher":"https:\/\/www.facebook.com\/freightlineeurope\/","article_modified_time":"2025-02-18T11:53:03+00:00","twitter_card":"summary_large_image","twitter_misc":{"Dur\u00e9e de lecture estim\u00e9e":"9 minutes"},"schema":{"@context":"https:\/\/schema.org","@graph":[{"@type":"WebPage","@id":"https:\/\/fle-nl.com\/fr\/transport-de-fruits\/","url":"https:\/\/fle-nl.com\/fr\/transport-de-fruits\/","name":"Transport de fruits - Freight Line Europe","isPartOf":{"@id":"https:\/\/fle-nl.com\/#website"},"datePublished":"2024-02-16T10:38:28+00:00","dateModified":"2025-02-18T11:53:03+00:00","description":"A la recherche d'un transport de fruits fiable ? D\u00e9couvrez nos solutions. Nous garantissons des temp\u00e9ratures contr\u00f4l\u00e9es, ce qui permet \u00e0 vos produits d'arriver frais et en toute s\u00e9curit\u00e9.","breadcrumb":{"@id":"https:\/\/fle-nl.com\/fr\/transport-de-fruits\/#breadcrumb"},"inLanguage":"fr-FR","potentialAction":[{"@type":"ReadAction","target":["https:\/\/fle-nl.com\/fr\/transport-de-fruits\/"]}]},{"@type":"BreadcrumbList","@id":"https:\/\/fle-nl.com\/fr\/transport-de-fruits\/#breadcrumb","itemListElement":[{"@type":"ListItem","position":1,"name":"Geconditioneerd transport","item":"https:\/\/fle-nl.com\/fr\/"},{"@type":"ListItem","position":2,"name":"Transport de fruits"}]},{"@type":"WebSite","@id":"https:\/\/fle-nl.com\/#website","url":"https:\/\/fle-nl.com\/","name":"Freight Line Europe","description":"Votre partenaire de confiance pour le transport frigorifique!","publisher":{"@id":"https:\/\/fle-nl.com\/#organization"},"potentialAction":[{"@type":"SearchAction","target":{"@type":"EntryPoint","urlTemplate":"https:\/\/fle-nl.com\/?s={search_term_string}"},"query-input":{"@type":"PropertyValueSpecification","valueRequired":true,"valueName":"search_term_string"}}],"inLanguage":"fr-FR"},{"@type":"Organization","@id":"https:\/\/fle-nl.com\/#organization","name":"Freight Line Europe","url":"https:\/\/fle-nl.com\/","logo":{"@type":"ImageObject","inLanguage":"fr-FR","@id":"https:\/\/fle-nl.com\/#\/schema\/logo\/image\/","url":"https:\/\/fle-nl.com\/wp-content\/uploads\/2024\/09\/FLE_BLAUWaRTBOARD-1-cropped.png","contentUrl":"https:\/\/fle-nl.com\/wp-content\/uploads\/2024\/09\/FLE_BLAUWaRTBOARD-1-cropped.png","width":856,"height":679,"caption":"Freight Line Europe"},"image":{"@id":"https:\/\/fle-nl.com\/#\/schema\/logo\/image\/"},"sameAs":["https:\/\/www.facebook.com\/freightlineeurope\/","https:\/\/instagram.com\/freightlineeurope","https:\/\/linkedin.com\/freightlineeurope","https:\/\/www.youtube.com\/@freightlineeurope"]}]}},"_links":{"self":[{"href":"https:\/\/fle-nl.com\/fr\/wp-json\/wp\/v2\/pages\/8475","targetHints":{"allow":["GET"]}}],"collection":[{"href":"https:\/\/fle-nl.com\/fr\/wp-json\/wp\/v2\/pages"}],"about":[{"href":"https:\/\/fle-nl.com\/fr\/wp-json\/wp\/v2\/types\/page"}],"author":[{"embeddable":true,"href":"https:\/\/fle-nl.com\/fr\/wp-json\/wp\/v2\/users\/6"}],"replies":[{"embeddable":true,"href":"https:\/\/fle-nl.com\/fr\/wp-json\/wp\/v2\/comments?post=8475"}],"version-history":[{"count":5,"href":"https:\/\/fle-nl.com\/fr\/wp-json\/wp\/v2\/pages\/8475\/revisions"}],"predecessor-version":[{"id":8499,"href":"https:\/\/fle-nl.com\/fr\/wp-json\/wp\/v2\/pages\/8475\/revisions\/8499"}],"wp:attachment":[{"href":"https:\/\/fle-nl.com\/fr\/wp-json\/wp\/v2\/media?parent=8475"}],"curies":[{"name":"wp","href":"https:\/\/api.w.org\/{rel}","templated":true}]}}