{"id":8486,"date":"2024-02-16T12:05:40","date_gmt":"2024-02-16T11:05:40","guid":{"rendered":"http:\/\/fle-nl.com\/?page_id=8486"},"modified":"2025-02-18T12:53:09","modified_gmt":"2025-02-18T11:53:09","slug":"transport-de-legumes","status":"publish","type":"page","link":"https:\/\/fle-nl.com\/fr\/transport-de-legumes\/","title":{"rendered":"Transport de l\u00e9gumes"},"content":{"rendered":"<div  class=\"tatsu-v-OWrlFud tatsu-section  tatsu-section-custom-height tatsu-bg-overlay   tatsu-clearfix\" data-title=\"\"  data-headerscheme=\"background--dark\"><div class = \"tatsu-custom-height-wrap\"><div class='tatsu-section-pad clearfix' data-padding='{\"d\":\"50px 0% 50px 0%\"}' data-padding-top='50px'><div class=\"tatsu-row-wrap  tatsu-wrap tatsu-row-one-col tatsu-row-has-one-cols tatsu-medium-gutter tatsu-reg-cols  tatsu-clearfix tatsu-jSvSrXaTdr\" ><div  class=\"tatsu-row \" ><div  class=\"tatsu-column  tatsu-column-no-bg tatsu-one-col tatsu-column-image-none tatsu-column-effect-none  tatsu-Bfyqj_IiWl\"  data-parallax-speed=\"0\" style=\"\"><div class=\"tatsu-column-inner \" ><div class=\"tatsu-column-pad-wrap\"><div class=\"tatsu-column-pad\" ><div  class=\"tatsu-module tatsu-inline-text clearfix tatsu-8cHBD5t6am   \" ><style>.tatsu-8cHBD5t6am .tatsu-inline-text-inner{width: 100%;text-align: left;}@media only screen and (max-width: 767px) {.tatsu-8cHBD5t6am .tatsu-inline-text-inner{width: 100%;}}<\/style><div class=\"tatsu-inline-text-inner tatsu-align-center\">\n<h1 style=\"text-align: center;\"><span class=\"tatsu-inline-link-style2\"><span class=\"\" style=\"color: #ffffff;\">Transport de l\u00e9gumes<\/span><\/span><\/h1>\n<\/div><\/div><\/div><\/div><div class = \"tatsu-column-bg-image-wrap\"><div class = \"tatsu-column-bg-image tatsu-bg-lazyload\" data-src = \"\"><\/div><\/div><\/div><style>.tatsu-row > .tatsu-Bfyqj_IiWl.tatsu-column{width: 100%;}.tatsu-Bfyqj_IiWl.tatsu-column > .tatsu-column-inner > .tatsu-column-overlay{mix-blend-mode: none;}.tatsu-Bfyqj_IiWl > .tatsu-column-inner > .tatsu-top-divider{z-index: 9999;}.tatsu-Bfyqj_IiWl > .tatsu-column-inner > .tatsu-bottom-divider{z-index: 9999;}.tatsu-Bfyqj_IiWl > .tatsu-column-inner > .tatsu-left-divider{z-index: 9999;}.tatsu-Bfyqj_IiWl > .tatsu-column-inner > .tatsu-right-divider{z-index: 9999;}<\/style><\/div><\/div><\/div><\/div><div class=\"tatsu-section-background-wrap\"><div class = \"tatsu-section-background tatsu-bg-lazyload\" data-src = \"\"><\/div><\/div><div class=\"tatsu-overlay tatsu-section-overlay\"><\/div><\/div><style>.tatsu-v-OWrlFud .tatsu-section-pad{padding: 50px 0% 50px 0%;}.tatsu-v-OWrlFud > .tatsu-bottom-divider{z-index: 1000;}.tatsu-v-OWrlFud > .tatsu-top-divider{z-index: 9999;}.tatsu-v-OWrlFud .tatsu-section-overlay{background: rgba(0,161,230,1);mix-blend-mode: normal;}.tatsu-v-OWrlFud .tatsu-custom-height-wrap{align-items: center;min-height: 10vh;}<\/style><\/div><div  class=\"tatsu-J_QCr47unv tatsu-section  tatsu-bg-overlay   tatsu-clearfix\" data-title=\"\"  data-headerscheme=\"background--dark\"><div class='tatsu-section-pad clearfix' data-padding='{\"d\":\"91px 0px 90px 0px\"}' data-padding-top='91px'><div class=\"tatsu-row-wrap  tatsu-wrap tatsu-row-has-one-half tatsu-row-has-two-cols tatsu-large-gutter tatsu-reg-cols  tatsu-clearfix tatsu-SRLiqyI4u7\" ><div  class=\"tatsu-row \" ><div  class=\"tatsu-column  tatsu-bg-overlay tatsu-one-half tatsu-column-image-none tatsu-column-effect-none  tatsu-BqZO9EL4a\"  data-parallax-speed=\"0\" style=\"\"><div class=\"tatsu-column-inner \" ><div class=\"tatsu-column-pad-wrap\"><div class=\"tatsu-column-pad\" ><div  class=\"tatsu-module tatsu-text-block-wrap tatsu-B1xE5ApC3  \"><div class=\"tatsu-text-inner tatsu-align-center  clearfix\" ><style>.tatsu-B1xE5ApC3.tatsu-text-block-wrap .tatsu-text-inner{width: 100%;text-align: left;color: rgba(0,161,230,1) ;}.tatsu-B1xE5ApC3 .tatsu-text-inner *{color: rgba(0,161,230,1) ;}<\/style>\n<h3><strong><em>Transport de l\u00e9gumes<\/em><\/strong><\/h3>\n<\/div><\/div><div  class=\"tatsu-module tatsu-inline-text clearfix tatsu-TBJuJ3Kq2   \" ><style>.tatsu-TBJuJ3Kq2 .tatsu-inline-text-inner{width: 100%;text-align: left;}@media only screen and (max-width: 767px) {.tatsu-TBJuJ3Kq2 .tatsu-inline-text-inner{width: 100%;}}<\/style><div class=\"tatsu-inline-text-inner tatsu-align-center\">\n<p class=\"MsoNormal\"><span class=\"palette-0 MsoNormal\"> Le transport de l\u00e9gumes pr\u00e9sente des d\u00e9fis uniques. C&rsquo;est pourquoi nous proposons des solutions logistiques sur mesure pour r\u00e9pondre \u00e0 vos besoins sp\u00e9cifiques. Gr\u00e2ce \u00e0 nos ann\u00e9es d&rsquo;exp\u00e9rience et \u00e0 notre engagement \u00e0 satisfaire nos clients, nous sommes le partenaire fiable pour tous vos besoins en mati\u00e8re de transport de l\u00e9gumes. <\/span><\/p>\n<p class=\"MsoNormal\"><span class=\"swatch-blue MsoNormal palette-0\">Nous avons une grande exp\u00e9rience du transport de l\u00e9gumes. Nous comprenons la sensibilit\u00e9 des l\u00e9gumes \u00e0 la temp\u00e9rature, \u00e0 l&rsquo;humidit\u00e9 et \u00e0 d&rsquo;autres facteurs environnementaux, et nous prenons toutes les pr\u00e9cautions n\u00e9cessaires pour maintenir la qualit\u00e9 et la fra\u00eecheur de vos l\u00e9gumes pendant le processus de transport. Nos professionnels veillent \u00e0 ce que vos l\u00e9gumes soient transport\u00e9s dans des conditions optimales afin qu&rsquo;ils arrivent \u00e0 destination en excellent \u00e9tat.<br \/>\n<\/span><\/p>\n<p class=\"MsoNormal\"><span class=\"swatch-blue MsoNormal palette-0\">Le transport de denr\u00e9es alimentaires implique des d\u00e9lais serr\u00e9s et des exigences sp\u00e9cifiques. Notre \u00e9quipe travaille avec vous pour vous proposer des solutions logistiques sur mesure, adapt\u00e9es \u00e0 vos besoins. Qu&rsquo;il s&rsquo;agisse de livraisons juste \u00e0 temps ou de <a href=\"..\/transport-frigorifique\/\" target=\"_self\" rel=\"noopener\">transports conditionn\u00e9s<\/a>, nous nous en chargeons pour vous.<br \/>\n<\/span><\/p>\n<\/div><\/div><\/div><\/div><div class = \"tatsu-column-bg-image-wrap\"><div class = \"tatsu-column-bg-image tatsu-bg-lazyload\" data-src = \"\"><\/div><\/div><div class=\"tatsu-overlay tatsu-column-overlay tatsu-animate-none\" ><\/div><\/div><style>.tatsu-row > .tatsu-BqZO9EL4a.tatsu-column{width: 50%;}.tatsu-BqZO9EL4a.tatsu-column > .tatsu-column-inner > .tatsu-column-overlay{mix-blend-mode: normal;}.tatsu-BqZO9EL4a > .tatsu-column-inner > .tatsu-top-divider{z-index: 9999;}.tatsu-BqZO9EL4a > .tatsu-column-inner > .tatsu-bottom-divider{z-index: 9999;}.tatsu-BqZO9EL4a > .tatsu-column-inner > .tatsu-left-divider{z-index: 9999;}.tatsu-BqZO9EL4a > .tatsu-column-inner > .tatsu-right-divider{z-index: 9999;}@media only screen and (max-width:1377px) {.tatsu-row > .tatsu-BqZO9EL4a.tatsu-column{width: 50%;}}@media only screen and (min-width:768px) and (max-width: 1024px) {.tatsu-row > .tatsu-BqZO9EL4a.tatsu-column{width: 50%;}}@media only screen and (max-width: 767px) {.tatsu-row > .tatsu-BqZO9EL4a.tatsu-column{width: 100%;}}<\/style><\/div><div  class=\"tatsu-column  tatsu-bg-overlay tatsu-one-half tatsu-column-image-none tatsu-column-effect-none  tatsu-irxyaVaffw\"  data-parallax-speed=\"0\" style=\"\"><div class=\"tatsu-column-inner \" ><div class=\"tatsu-column-pad-wrap\"><div class=\"tatsu-column-pad\" ><div  class=\"tatsu-module tatsu-text-block-wrap tatsu-Bk4D9CTRn  \"><div class=\"tatsu-text-inner tatsu-align-center  clearfix\" ><style>.tatsu-Bk4D9CTRn.tatsu-text-block-wrap .tatsu-text-inner{width: 100%;text-align: left;color: rgba(0,161,230,1) ;}.tatsu-Bk4D9CTRn .tatsu-text-inner *{color: rgba(0,161,230,1) ;}<\/style>\n<h3><strong>Une flotte moderne<br \/>\n<\/strong><\/h3>\n<\/div><\/div><div  class=\"tatsu-module tatsu-inline-text clearfix tatsu-UFRoRSNdE   \" ><style>.tatsu-UFRoRSNdE .tatsu-inline-text-inner{width: 100%;text-align: left;}@media only screen and (max-width: 767px) {.tatsu-UFRoRSNdE .tatsu-inline-text-inner{width: 100%;}}<\/style><div class=\"tatsu-inline-text-inner tatsu-align-center\">\n<p class=\"MsoNormal\"><span class=\"palette-0 MsoNormal\">Chez Freight Line Europe, nous disposons d&rsquo;une flotte moderne \u00e9quip\u00e9e de syst\u00e8mes de r\u00e9frig\u00e9ration sp\u00e9ciaux pour assurer un contr\u00f4le optimal de la temp\u00e9rature. Qu&rsquo;il s&rsquo;agisse de <a href=\"..\/transport-de-fruits\/\" target=\"_self\" rel=\"noopener\">transport de fruits<\/a>, <a href=\"..\/transport-de-produits-surgeles\/\" target=\"_self\" rel=\"noopener\">de produits surgel\u00e9s<\/a> ou de l\u00e9gumes, nous disposons des v\u00e9hicules ad\u00e9quats pour transporter vos produits en toute s\u00e9curit\u00e9 et en toute fra\u00eecheur. Nos syst\u00e8mes de r\u00e9frig\u00e9ration avanc\u00e9s garantissent que votre cargaison soit conserv\u00e9e dans des conditions id\u00e9ales, ce qui est essentiel pour maintenir sa fra\u00eecheur et sa qualit\u00e9.<br \/>\n<\/span><\/p>\n<\/div><\/div><div  class=\"tatsu-single-image tatsu-module tatsu-image-lazyload tatsu-external-image tatsu-H16NVRD92  \" ><div class=\"tatsu-single-image-inner \" style=\"\" ><div class = \"tatsu-single-image-padding-wrap\" style = \"\" ><\/div><img class = \"tatsu-gradient-border\" data-src = \"http:\/\/fle-nl.com\/wp-content\/uploads\/2023\/07\/FreightLine_deel2_SylvanaLansu-110-min-scaled.jpg\" alt =\" \"  src =\"data:image\/png;base64,iVBORw0KGgoAAAANSUhEUgAAAAEAAAABCAQAAAC1HAwCAAAAC0lEQVR42mNkYAAAAAYAAjCB0C8AAAAASUVORK5CYII=\"  \/><\/div><style>.tatsu-H16NVRD92 .tatsu-single-image-inner{border-style: solid;max-width: 100%;}.tatsu-H16NVRD92.tatsu-single-image{transform: translate3d(0px,0px, 0);}<\/style><\/div><\/div><\/div><div class = \"tatsu-column-bg-image-wrap\"><div class = \"tatsu-column-bg-image tatsu-bg-lazyload\" data-src = \"\"><\/div><\/div><div class=\"tatsu-overlay tatsu-column-overlay tatsu-animate-none\" ><\/div><\/div><style>.tatsu-row > .tatsu-irxyaVaffw.tatsu-column{width: 50%;}.tatsu-irxyaVaffw.tatsu-column > .tatsu-column-inner > .tatsu-column-overlay{mix-blend-mode: normal;}.tatsu-irxyaVaffw > .tatsu-column-inner > .tatsu-top-divider{z-index: 9999;}.tatsu-irxyaVaffw > .tatsu-column-inner > .tatsu-bottom-divider{z-index: 9999;}.tatsu-irxyaVaffw > .tatsu-column-inner > .tatsu-left-divider{z-index: 9999;}.tatsu-irxyaVaffw > .tatsu-column-inner > .tatsu-right-divider{z-index: 9999;}@media only screen and (max-width:1377px) {.tatsu-row > .tatsu-irxyaVaffw.tatsu-column{width: 50%;}}@media only screen and (min-width:768px) and (max-width: 1024px) {.tatsu-row > .tatsu-irxyaVaffw.tatsu-column{width: 50%;}}@media only screen and (max-width: 767px) {.tatsu-row > .tatsu-irxyaVaffw.tatsu-column{width: 100%;}}<\/style><\/div><\/div><\/div><\/div><div class=\"tatsu-section-background-wrap\"><div class = \"tatsu-section-background tatsu-bg-lazyload\" data-src = \"\"><\/div><\/div><div class=\"tatsu-overlay tatsu-section-overlay\"><\/div><style>.tatsu-J_QCr47unv .tatsu-section-pad{padding: 91px 0px 90px 0px;}.tatsu-J_QCr47unv .tatsu-section-offset-wrap{transform: translateY(-0px);}.tatsu-J_QCr47unv > .tatsu-bottom-divider{z-index: 9999;}.tatsu-J_QCr47unv > .tatsu-top-divider{z-index: 9999;}.tatsu-J_QCr47unv .tatsu-section-overlay{mix-blend-mode: normal;}<\/style><\/div><div  class=\"tatsu-gZqu-V1SYU tatsu-section  tatsu-bg-overlay   tatsu-clearfix\" data-title=\"\"  data-headerscheme=\"background--dark\"><div class='tatsu-section-pad clearfix' data-padding='{\"d\":\"90px 0px 90px 0px\"}' data-padding-top='90px'><div class=\"tatsu-row-wrap  tatsu-wrap tatsu-row-one-col tatsu-row-has-one-cols tatsu-medium-gutter tatsu-reg-cols  tatsu-clearfix tatsu-A56R30ARbd\" ><div  class=\"tatsu-row \" ><div  class=\"tatsu-column  tatsu-bg-overlay tatsu-one-col tatsu-column-image-none tatsu-column-effect-none  tatsu-Ji8fbbSW1\"  data-parallax-speed=\"0\" style=\"\"><div class=\"tatsu-column-inner \" ><div class=\"tatsu-column-pad-wrap\"><div class=\"tatsu-column-pad\" ><div  class=\"tatsu-module tatsu-text-block-wrap tatsu-Hy4TqRT03  \"><div class=\"tatsu-text-inner tatsu-align-center  clearfix\" ><style>.tatsu-Hy4TqRT03.tatsu-text-block-wrap .tatsu-text-inner{width: 100%;text-align: left;color: rgba(255,255,255,1) ;}.tatsu-Hy4TqRT03 .tatsu-text-inner *{color: rgba(255,255,255,1) ;}<\/style>\n<h3><strong>Vaste r\u00e9seau de transporteurs<br \/>\n<\/strong><\/h3>\n<\/div><\/div><div  class=\"tatsu-module tatsu-inline-text clearfix tatsu-O2n_lfvXE   \" ><style>.tatsu-O2n_lfvXE .tatsu-inline-text-inner{width: 100%;text-align: left;}@media only screen and (max-width: 767px) {.tatsu-O2n_lfvXE .tatsu-inline-text-inner{width: 100%;}}<\/style><div class=\"tatsu-inline-text-inner tatsu-align-center\">\n<p class=\"MsoNormal\"><span style=\"color: #ffffff;\">Nous disposons d&rsquo;un vaste r\u00e9seau de transporteurs, de partenaires logistiques et de centres de distribution, ce qui nous permet de livrer vos l\u00e9gumes partout en Europe. Qu&rsquo;il s&rsquo;agisse de livraisons locales dans une ville ou de transports internationaux vers diff\u00e9rents pays, nous assurons une livraison rapide et efficace. Notre r\u00e9seau nous permet d&rsquo;agir avec souplesse et de r\u00e9pondre \u00e0 vos besoins sp\u00e9cifiques en mati\u00e8re de transport.<br \/>\n<\/span><\/p>\n<p class=\"MsoNormal\"><span style=\"color: #ffffff;\">Que vous soyez grossiste, fabricant ou distributeur, nous sommes pr\u00eats \u00e0 vous aider. Notre \u00e9quipe de professionnels veillera \u00e0 ce que la logistique se d\u00e9roule sans probl\u00e8me et vous permettra de vous concentrer sur votre c\u0153ur de m\u00e9tier.<br \/>\n<\/span><\/p>\n<p class=\"MsoNormal\"><span style=\"color: #ffffff;\">Contactez-nous d\u00e8s aujourd&rsquo;hui pour toutes vos questions sur le transport de l\u00e9gumes. Nous sommes fiers d&rsquo;\u00eatre votre partenaire de confiance et de garantir votre satisfaction.<br \/>\n<\/span><\/p>\n<\/div><\/div><\/div><\/div><div class = \"tatsu-column-bg-image-wrap\"><div class = \"tatsu-column-bg-image tatsu-bg-lazyload\" data-src = \"\"><\/div><\/div><div class=\"tatsu-overlay tatsu-column-overlay tatsu-animate-none\" ><\/div><\/div><style>.tatsu-row > .tatsu-Ji8fbbSW1.tatsu-column{width: 100%;}.tatsu-Ji8fbbSW1.tatsu-column > .tatsu-column-inner > .tatsu-column-overlay{mix-blend-mode: normal;}.tatsu-Ji8fbbSW1 > .tatsu-column-inner > .tatsu-top-divider{z-index: 9999;}.tatsu-Ji8fbbSW1 > .tatsu-column-inner > .tatsu-bottom-divider{z-index: 9999;}.tatsu-Ji8fbbSW1 > .tatsu-column-inner > .tatsu-left-divider{z-index: 9999;}.tatsu-Ji8fbbSW1 > .tatsu-column-inner > .tatsu-right-divider{z-index: 9999;}@media only screen and (max-width:1377px) {.tatsu-row > .tatsu-Ji8fbbSW1.tatsu-column{width: 100%;}}@media only screen and (min-width:768px) and (max-width: 1024px) {.tatsu-row > .tatsu-Ji8fbbSW1.tatsu-column{width: 100%;}}@media only screen and (max-width: 767px) {.tatsu-row > .tatsu-Ji8fbbSW1.tatsu-column{width: 100%;}}<\/style><\/div><\/div><\/div><\/div><div class=\"tatsu-section-background-wrap\"><div class = \"tatsu-section-background tatsu-bg-lazyload\" data-src = \"\"><\/div><\/div><div class=\"tatsu-overlay tatsu-section-overlay\"><\/div><style>.tatsu-gZqu-V1SYU.tatsu-section{background-color: rgba(0,161,230,1);}.tatsu-gZqu-V1SYU .tatsu-section-pad{padding: 90px 0px 90px 0px;}.tatsu-gZqu-V1SYU .tatsu-section-offset-wrap{transform: translateY(-0px);}.tatsu-gZqu-V1SYU > .tatsu-bottom-divider{z-index: 9999;}.tatsu-gZqu-V1SYU > .tatsu-top-divider{z-index: 9999;}.tatsu-gZqu-V1SYU .tatsu-section-overlay{mix-blend-mode: normal;}<\/style><\/div>\n","protected":false},"excerpt":{"rendered":"<div><a href=\"https:\/\/fle-nl.com\/fr\/transport-de-legumes\/\" class=\"exp-read-more exp-read-more-underlined\">Read More<\/a><\/div>\n","protected":false},"author":6,"featured_media":0,"parent":0,"menu_order":0,"comment_status":"closed","ping_status":"closed","template":"","meta":{"footnotes":""},"class_list":["post-8486","page","type-page","status-publish","hentry"],"yoast_head":"<!-- This site is optimized with the Yoast SEO plugin v27.4 - https:\/\/yoast.com\/product\/yoast-seo-wordpress\/ -->\n<title>Transport de l\u00e9gumes - Freight Line Europe<\/title>\n<meta name=\"description\" content=\"Vous avez besoin d&#039;un transport de l\u00e9gumes digne de confiance? D\u00e9couvrez nos solutions. Nous garantissons des temp\u00e9ratures contr\u00f4l\u00e9es pour que vos produits arrivent frais et en toute s\u00e9curit\u00e9\" \/>\n<meta name=\"robots\" content=\"index, follow, max-snippet:-1, max-image-preview:large, max-video-preview:-1\" \/>\n<link rel=\"canonical\" href=\"https:\/\/fle-nl.com\/fr\/transport-de-legumes\/\" \/>\n<meta property=\"og:locale\" content=\"fr_FR\" \/>\n<meta property=\"og:type\" content=\"article\" \/>\n<meta property=\"og:title\" content=\"Transport de l\u00e9gumes - Freight Line Europe\" \/>\n<meta property=\"og:description\" content=\"Vous avez besoin d&#039;un transport de l\u00e9gumes digne de confiance? D\u00e9couvrez nos solutions. Nous garantissons des temp\u00e9ratures contr\u00f4l\u00e9es pour que vos produits arrivent frais et en toute s\u00e9curit\u00e9\" \/>\n<meta property=\"og:url\" content=\"https:\/\/fle-nl.com\/fr\/transport-de-legumes\/\" \/>\n<meta property=\"og:site_name\" content=\"Freight Line Europe\" \/>\n<meta property=\"article:publisher\" content=\"https:\/\/www.facebook.com\/freightlineeurope\/\" \/>\n<meta property=\"article:modified_time\" content=\"2025-02-18T11:53:09+00:00\" \/>\n<meta name=\"twitter:card\" content=\"summary_large_image\" \/>\n<meta name=\"twitter:label1\" content=\"Dur\u00e9e de lecture estim\u00e9e\" \/>\n\t<meta name=\"twitter:data1\" content=\"9 minutes\" \/>\n<!-- \/ Yoast SEO plugin. -->","yoast_head_json":{"title":"Transport de l\u00e9gumes - Freight Line Europe","description":"Vous avez besoin d'un transport de l\u00e9gumes digne de confiance? D\u00e9couvrez nos solutions. Nous garantissons des temp\u00e9ratures contr\u00f4l\u00e9es pour que vos produits arrivent frais et en toute s\u00e9curit\u00e9","robots":{"index":"index","follow":"follow","max-snippet":"max-snippet:-1","max-image-preview":"max-image-preview:large","max-video-preview":"max-video-preview:-1"},"canonical":"https:\/\/fle-nl.com\/fr\/transport-de-legumes\/","og_locale":"fr_FR","og_type":"article","og_title":"Transport de l\u00e9gumes - Freight Line Europe","og_description":"Vous avez besoin d'un transport de l\u00e9gumes digne de confiance? D\u00e9couvrez nos solutions. Nous garantissons des temp\u00e9ratures contr\u00f4l\u00e9es pour que vos produits arrivent frais et en toute s\u00e9curit\u00e9","og_url":"https:\/\/fle-nl.com\/fr\/transport-de-legumes\/","og_site_name":"Freight Line Europe","article_publisher":"https:\/\/www.facebook.com\/freightlineeurope\/","article_modified_time":"2025-02-18T11:53:09+00:00","twitter_card":"summary_large_image","twitter_misc":{"Dur\u00e9e de lecture estim\u00e9e":"9 minutes"},"schema":{"@context":"https:\/\/schema.org","@graph":[{"@type":"WebPage","@id":"https:\/\/fle-nl.com\/fr\/transport-de-legumes\/","url":"https:\/\/fle-nl.com\/fr\/transport-de-legumes\/","name":"Transport de l\u00e9gumes - Freight Line Europe","isPartOf":{"@id":"https:\/\/fle-nl.com\/#website"},"datePublished":"2024-02-16T11:05:40+00:00","dateModified":"2025-02-18T11:53:09+00:00","description":"Vous avez besoin d'un transport de l\u00e9gumes digne de confiance? D\u00e9couvrez nos solutions. Nous garantissons des temp\u00e9ratures contr\u00f4l\u00e9es pour que vos produits arrivent frais et en toute s\u00e9curit\u00e9","breadcrumb":{"@id":"https:\/\/fle-nl.com\/fr\/transport-de-legumes\/#breadcrumb"},"inLanguage":"fr-FR","potentialAction":[{"@type":"ReadAction","target":["https:\/\/fle-nl.com\/fr\/transport-de-legumes\/"]}]},{"@type":"BreadcrumbList","@id":"https:\/\/fle-nl.com\/fr\/transport-de-legumes\/#breadcrumb","itemListElement":[{"@type":"ListItem","position":1,"name":"Geconditioneerd transport","item":"https:\/\/fle-nl.com\/fr\/"},{"@type":"ListItem","position":2,"name":"Transport de l\u00e9gumes"}]},{"@type":"WebSite","@id":"https:\/\/fle-nl.com\/#website","url":"https:\/\/fle-nl.com\/","name":"Freight Line Europe","description":"Votre partenaire de confiance pour le transport frigorifique!","publisher":{"@id":"https:\/\/fle-nl.com\/#organization"},"potentialAction":[{"@type":"SearchAction","target":{"@type":"EntryPoint","urlTemplate":"https:\/\/fle-nl.com\/?s={search_term_string}"},"query-input":{"@type":"PropertyValueSpecification","valueRequired":true,"valueName":"search_term_string"}}],"inLanguage":"fr-FR"},{"@type":"Organization","@id":"https:\/\/fle-nl.com\/#organization","name":"Freight Line Europe","url":"https:\/\/fle-nl.com\/","logo":{"@type":"ImageObject","inLanguage":"fr-FR","@id":"https:\/\/fle-nl.com\/#\/schema\/logo\/image\/","url":"https:\/\/fle-nl.com\/wp-content\/uploads\/2024\/09\/FLE_BLAUWaRTBOARD-1-cropped.png","contentUrl":"https:\/\/fle-nl.com\/wp-content\/uploads\/2024\/09\/FLE_BLAUWaRTBOARD-1-cropped.png","width":856,"height":679,"caption":"Freight Line Europe"},"image":{"@id":"https:\/\/fle-nl.com\/#\/schema\/logo\/image\/"},"sameAs":["https:\/\/www.facebook.com\/freightlineeurope\/","https:\/\/instagram.com\/freightlineeurope","https:\/\/linkedin.com\/freightlineeurope","https:\/\/www.youtube.com\/@freightlineeurope"]}]}},"_links":{"self":[{"href":"https:\/\/fle-nl.com\/fr\/wp-json\/wp\/v2\/pages\/8486","targetHints":{"allow":["GET"]}}],"collection":[{"href":"https:\/\/fle-nl.com\/fr\/wp-json\/wp\/v2\/pages"}],"about":[{"href":"https:\/\/fle-nl.com\/fr\/wp-json\/wp\/v2\/types\/page"}],"author":[{"embeddable":true,"href":"https:\/\/fle-nl.com\/fr\/wp-json\/wp\/v2\/users\/6"}],"replies":[{"embeddable":true,"href":"https:\/\/fle-nl.com\/fr\/wp-json\/wp\/v2\/comments?post=8486"}],"version-history":[{"count":5,"href":"https:\/\/fle-nl.com\/fr\/wp-json\/wp\/v2\/pages\/8486\/revisions"}],"predecessor-version":[{"id":8502,"href":"https:\/\/fle-nl.com\/fr\/wp-json\/wp\/v2\/pages\/8486\/revisions\/8502"}],"wp:attachment":[{"href":"https:\/\/fle-nl.com\/fr\/wp-json\/wp\/v2\/media?parent=8486"}],"curies":[{"name":"wp","href":"https:\/\/api.w.org\/{rel}","templated":true}]}}