{"id":8602,"date":"2024-05-24T14:03:54","date_gmt":"2024-05-24T12:03:54","guid":{"rendered":"http:\/\/fle-nl.com\/?page_id=8602"},"modified":"2025-02-18T12:53:12","modified_gmt":"2025-02-18T11:53:12","slug":"transport-de-fleurs","status":"publish","type":"page","link":"https:\/\/fle-nl.com\/fr\/transport-de-fleurs\/","title":{"rendered":"Transport de fleurs"},"content":{"rendered":"<div  class=\"tatsu-v-OWrlFud tatsu-section  tatsu-section-custom-height tatsu-bg-overlay   tatsu-clearfix\" data-title=\"\"  data-headerscheme=\"background--dark\"><div class = \"tatsu-custom-height-wrap\"><div class='tatsu-section-pad clearfix' data-padding='{\"d\":\"50px 0% 50px 0%\"}' data-padding-top='50px'><div class=\"tatsu-row-wrap  tatsu-wrap tatsu-row-one-col tatsu-row-has-one-cols tatsu-medium-gutter tatsu-reg-cols  tatsu-clearfix tatsu-jSvSrXaTdr\" ><div  class=\"tatsu-row \" ><div  class=\"tatsu-column  tatsu-column-no-bg tatsu-one-col tatsu-column-image-none tatsu-column-effect-none  tatsu-Bfyqj_IiWl\"  data-parallax-speed=\"0\" style=\"\"><div class=\"tatsu-column-inner \" ><div class=\"tatsu-column-pad-wrap\"><div class=\"tatsu-column-pad\" ><div  class=\"tatsu-module tatsu-inline-text clearfix tatsu-8cHBD5t6am   \" ><style>.tatsu-8cHBD5t6am .tatsu-inline-text-inner{width: 100%;text-align: left;}@media only screen and (max-width: 767px) {.tatsu-8cHBD5t6am .tatsu-inline-text-inner{width: 100%;}}<\/style><div class=\"tatsu-inline-text-inner tatsu-align-center\">\n<h1 style=\"text-align: center;\"><span class=\"tatsu-inline-link-style2\"><span class=\"\" style=\"color: #ffffff;\">Transport de fleurs<br \/>\n<\/span><\/span><\/h1>\n<\/div><\/div><\/div><\/div><div class = \"tatsu-column-bg-image-wrap\"><div class = \"tatsu-column-bg-image tatsu-bg-lazyload\" data-src = \"\"><\/div><\/div><\/div><style>.tatsu-row > .tatsu-Bfyqj_IiWl.tatsu-column{width: 100%;}.tatsu-Bfyqj_IiWl.tatsu-column > .tatsu-column-inner > .tatsu-column-overlay{mix-blend-mode: none;}.tatsu-Bfyqj_IiWl > .tatsu-column-inner > .tatsu-top-divider{z-index: 9999;}.tatsu-Bfyqj_IiWl > .tatsu-column-inner > .tatsu-bottom-divider{z-index: 9999;}.tatsu-Bfyqj_IiWl > .tatsu-column-inner > .tatsu-left-divider{z-index: 9999;}.tatsu-Bfyqj_IiWl > .tatsu-column-inner > .tatsu-right-divider{z-index: 9999;}<\/style><\/div><\/div><\/div><\/div><div class=\"tatsu-section-background-wrap\"><div class = \"tatsu-section-background tatsu-bg-lazyload\" data-src = \"\"><\/div><\/div><div class=\"tatsu-overlay tatsu-section-overlay\"><\/div><\/div><style>.tatsu-v-OWrlFud .tatsu-section-pad{padding: 50px 0% 50px 0%;}.tatsu-v-OWrlFud > .tatsu-bottom-divider{z-index: 1000;}.tatsu-v-OWrlFud > .tatsu-top-divider{z-index: 9999;}.tatsu-v-OWrlFud .tatsu-section-overlay{background: rgba(0,161,230,1);mix-blend-mode: normal;}.tatsu-v-OWrlFud .tatsu-custom-height-wrap{align-items: center;min-height: 10vh;}<\/style><\/div><div  class=\"tatsu-J_QCr47unv tatsu-section  tatsu-bg-overlay   tatsu-clearfix\" data-title=\"\"  data-headerscheme=\"background--dark\"><div class='tatsu-section-pad clearfix' data-padding='{\"d\":\"90px 0px 90px 0px\"}' data-padding-top='90px'><div class=\"tatsu-row-wrap  tatsu-wrap tatsu-row-has-one-half tatsu-row-has-two-cols tatsu-large-gutter tatsu-reg-cols  tatsu-clearfix tatsu-SRLiqyI4u7\" ><div  class=\"tatsu-row \" ><div  class=\"tatsu-column  tatsu-bg-overlay tatsu-one-half tatsu-column-image-none tatsu-column-effect-none  tatsu-BqZO9EL4a\"  data-parallax-speed=\"0\" style=\"\"><div class=\"tatsu-column-inner \" ><div class=\"tatsu-column-pad-wrap\"><div class=\"tatsu-column-pad\" ><div  class=\"tatsu-module tatsu-text-block-wrap tatsu-rye4LC6A2  \"><div class=\"tatsu-text-inner tatsu-align-center  clearfix\" ><style>.tatsu-rye4LC6A2.tatsu-text-block-wrap .tatsu-text-inner{width: 100%;text-align: left;color: rgba(0,161,230,1) ;}.tatsu-rye4LC6A2 .tatsu-text-inner *{color: rgba(0,161,230,1) ;}<\/style>\n<h2>Transport de fleurs<\/h2>\n<\/div><\/div><div  class=\"tatsu-module tatsu-inline-text clearfix tatsu-TBJuJ3Kq2   \" ><style>.tatsu-TBJuJ3Kq2 .tatsu-inline-text-inner{width: 100%;text-align: left;}@media only screen and (max-width: 767px) {.tatsu-TBJuJ3Kq2 .tatsu-inline-text-inner{width: 100%;}}<\/style><div class=\"tatsu-inline-text-inner tatsu-align-center\">\n<p class=\"MsoNormal\"><span class=\"palette-0 MsoNormal\">Vous cherchez un partenaire fiable pour le transport de fleurs? Freight Line Europe est le principal prestataire logistique sp\u00e9cialis\u00e9 dans le transport professionnel et efficace de fleurs, de plantes et d&rsquo;autres produits v\u00e9g\u00e9taux ornementaux. Gr\u00e2ce \u00e0 notre exp\u00e9rience et \u00e0 notre engagement en faveur de la qualit\u00e9, nous sommes le choix id\u00e9al pour transport de fleurs et de plantes de haute qualit\u00e9.<\/span><\/p>\n<p class=\"MsoNormal\"><span class=\"palette-0 MsoNormal\"> Nous comprenons les besoins et les d\u00e9fis du transport de fleurs et de plantes. Notre personnel exp\u00e9riment\u00e9 est form\u00e9 pour travailler avec des charges fragiles et s&rsquo;assurer que vos<br \/>\nfleurs et plantes restent dans des conditions optimales pendant le transport. Qu&rsquo;il s&rsquo;agisse de\u2028transport de fleurs fra\u00eeches coup\u00e9es, de plantes en pot ou de boutures, nous disposons de l&rsquo;expertise et des ressources n\u00e9cessaires pour acheminer votre fret \u00e0 destination en toute s\u00e9curit\u00e9 et dans les meilleures conditions.<br \/>\nNous disposons de l&rsquo;expertise et des ressources n\u00e9cessaires pour acheminer votre fret vers sa destination de mani\u00e8re s\u00fbre et correcte. <\/span><\/p>\n<\/div><\/div><\/div><\/div><div class = \"tatsu-column-bg-image-wrap\"><div class = \"tatsu-column-bg-image tatsu-bg-lazyload\" data-src = \"\"><\/div><\/div><div class=\"tatsu-overlay tatsu-column-overlay tatsu-animate-none\" ><\/div><\/div><style>.tatsu-row > .tatsu-BqZO9EL4a.tatsu-column{width: 50%;}.tatsu-BqZO9EL4a.tatsu-column > .tatsu-column-inner > .tatsu-column-overlay{mix-blend-mode: normal;}.tatsu-BqZO9EL4a > .tatsu-column-inner > .tatsu-top-divider{z-index: 9999;}.tatsu-BqZO9EL4a > .tatsu-column-inner > .tatsu-bottom-divider{z-index: 9999;}.tatsu-BqZO9EL4a > .tatsu-column-inner > .tatsu-left-divider{z-index: 9999;}.tatsu-BqZO9EL4a > .tatsu-column-inner > .tatsu-right-divider{z-index: 9999;}@media only screen and (max-width:1377px) {.tatsu-row > .tatsu-BqZO9EL4a.tatsu-column{width: 50%;}}@media only screen and (min-width:768px) and (max-width: 1024px) {.tatsu-row > .tatsu-BqZO9EL4a.tatsu-column{width: 50%;}}@media only screen and (max-width: 767px) {.tatsu-row > .tatsu-BqZO9EL4a.tatsu-column{width: 100%;}}<\/style><\/div><div  class=\"tatsu-column  tatsu-bg-overlay tatsu-one-half tatsu-column-image-none tatsu-column-effect-none  tatsu-irxyaVaffw\"  data-parallax-speed=\"0\" style=\"\"><div class=\"tatsu-column-inner \" ><div class=\"tatsu-column-pad-wrap\"><div class=\"tatsu-column-pad\" ><div  class=\"tatsu-module tatsu-text-block-wrap tatsu-r1sLIA6R2  \"><div class=\"tatsu-text-inner tatsu-align-center  clearfix\" ><style>.tatsu-r1sLIA6R2.tatsu-text-block-wrap .tatsu-text-inner{width: 100%;text-align: left;color: rgba(0,161,230,1) ;}.tatsu-r1sLIA6R2 .tatsu-text-inner *{color: rgba(0,161,230,1) ;}<\/style>\n<h3>Votre partenaire fiable pour le transport de fleurs et de plantes<br \/>\n<\/h3>\n<\/div><\/div><div  class=\"tatsu-module tatsu-inline-text clearfix tatsu-UFRoRSNdE   \" ><style>.tatsu-UFRoRSNdE .tatsu-inline-text-inner{width: 100%;text-align: left;}@media only screen and (max-width: 767px) {.tatsu-UFRoRSNdE .tatsu-inline-text-inner{width: 100%;}}<\/style><div class=\"tatsu-inline-text-inner tatsu-align-center\">\n<p><span class=\"palette-0\" style=\"font-size: 22px; background-color: #ffffff;\">Que vous soyez cultivateur, \u00e9leveur, exportateur, importateur ou grossiste, nous sommes le sp\u00e9cialiste du transport de fleurs. Nos solutions logistiques globales comprennent des itin\u00e9raires de transport nationaux et internationaux, ce qui nous permet de transporter vos chargements de mani\u00e8re s\u00fbre et efficace.<br \/>\n<\/span><\/p>\n<\/div><\/div><div  class=\"tatsu-single-image tatsu-module tatsu-image-lazyload tatsu-external-image tatsu-H1ZOX6Dcn  \" ><div class=\"tatsu-single-image-inner \" style=\"\" ><div class = \"tatsu-single-image-padding-wrap\" style = \"\" ><\/div><img class = \"tatsu-gradient-border\" data-src = \"http:\/\/fle-nl.com\/wp-content\/uploads\/2023\/07\/IMG_9845-min-scaled.jpg\" alt =\" \"  src =\"data:image\/png;base64,iVBORw0KGgoAAAANSUhEUgAAAAEAAAABCAQAAAC1HAwCAAAAC0lEQVR42mNkYAAAAAYAAjCB0C8AAAAASUVORK5CYII=\"  \/><\/div><style>.tatsu-H1ZOX6Dcn .tatsu-single-image-inner{border-style: solid;max-width: 100%;}.tatsu-H1ZOX6Dcn.tatsu-single-image{transform: translate3d(0px,0px, 0);}<\/style><\/div><\/div><\/div><div class = \"tatsu-column-bg-image-wrap\"><div class = \"tatsu-column-bg-image tatsu-bg-lazyload\" data-src = \"\"><\/div><\/div><div class=\"tatsu-overlay tatsu-column-overlay tatsu-animate-none\" ><\/div><\/div><style>.tatsu-row > .tatsu-irxyaVaffw.tatsu-column{width: 50%;}.tatsu-irxyaVaffw.tatsu-column > .tatsu-column-inner > .tatsu-column-overlay{mix-blend-mode: normal;}.tatsu-irxyaVaffw > .tatsu-column-inner > .tatsu-top-divider{z-index: 9999;}.tatsu-irxyaVaffw > .tatsu-column-inner > .tatsu-bottom-divider{z-index: 9999;}.tatsu-irxyaVaffw > .tatsu-column-inner > .tatsu-left-divider{z-index: 9999;}.tatsu-irxyaVaffw > .tatsu-column-inner > .tatsu-right-divider{z-index: 9999;}@media only screen and (max-width:1377px) {.tatsu-row > .tatsu-irxyaVaffw.tatsu-column{width: 50%;}}@media only screen and (min-width:768px) and (max-width: 1024px) {.tatsu-row > .tatsu-irxyaVaffw.tatsu-column{width: 50%;}}@media only screen and (max-width: 767px) {.tatsu-row > .tatsu-irxyaVaffw.tatsu-column{width: 100%;}}<\/style><\/div><\/div><\/div><\/div><div class=\"tatsu-section-background-wrap\"><div class = \"tatsu-section-background tatsu-bg-lazyload\" data-src = \"\"><\/div><\/div><div class=\"tatsu-overlay tatsu-section-overlay\"><\/div><style>.tatsu-J_QCr47unv .tatsu-section-pad{padding: 90px 0px 90px 0px;}.tatsu-J_QCr47unv .tatsu-section-offset-wrap{transform: translateY(-0px);}.tatsu-J_QCr47unv > .tatsu-bottom-divider{z-index: 9999;}.tatsu-J_QCr47unv > .tatsu-top-divider{z-index: 9999;}.tatsu-J_QCr47unv .tatsu-section-overlay{mix-blend-mode: normal;}<\/style><\/div><div  class=\"tatsu-gZqu-V1SYU tatsu-section  tatsu-bg-overlay   tatsu-clearfix\" data-title=\"\"  data-headerscheme=\"background--dark\"><div class='tatsu-section-pad clearfix' data-padding='{\"d\":\"90px 0px 90px 0px\"}' data-padding-top='90px'><div class=\"tatsu-row-wrap  tatsu-wrap tatsu-row-one-col tatsu-row-has-one-cols tatsu-medium-gutter tatsu-reg-cols  tatsu-clearfix tatsu-A56R30ARbd\" ><div  class=\"tatsu-row \" ><div  class=\"tatsu-column  tatsu-bg-overlay tatsu-one-col tatsu-column-image-none tatsu-column-effect-none  tatsu-Ji8fbbSW1\"  data-parallax-speed=\"0\" style=\"\"><div class=\"tatsu-column-inner \" ><div class=\"tatsu-column-pad-wrap\"><div class=\"tatsu-column-pad\" ><div  class=\"tatsu-module tatsu-text-block-wrap tatsu-ry5qLRT0n  \"><div class=\"tatsu-text-inner tatsu-align-center  clearfix\" ><style>.tatsu-ry5qLRT0n.tatsu-text-block-wrap .tatsu-text-inner{width: 100%;text-align: left;color: #f8f8f8 ;}.tatsu-ry5qLRT0n .tatsu-text-inner *{color: #f8f8f8 ;}<\/style>\n<h3><strong>Des installations de transport ultramodernes<br \/>\n<\/strong><\/h3>\n<\/div><\/div><div  class=\"tatsu-module tatsu-inline-text clearfix tatsu-O2n_lfvXE   \" ><style>.tatsu-O2n_lfvXE .tatsu-inline-text-inner{width: 100%;text-align: left;}@media only screen and (max-width: 767px) {.tatsu-O2n_lfvXE .tatsu-inline-text-inner{width: 100%;}}<\/style><div class=\"tatsu-inline-text-inner tatsu-align-center\">\n<p class=\"MsoNormal\"><span style=\"color: #ffffff;\">Chez Freight Line Europe, nous investissons en permanence dans des installations de transport ultramodernes afin de garantir que vos fleurs et plantes sont transport&eacute;es dans de bonnes conditions. Nos camions et nos conteneurs sont &eacute;quip&eacute;s de syst&egrave;mes de r&eacute;frig&eacute;ration avanc&eacute;s qui nous permettent de maintenir une temp&eacute;rature stable pendant le transport. Cela est essentiel pour pr&eacute;server la fra&icirc;cheur et la qualit&eacute; de vos fleurs et plantes, en particulier sur de longues distances. Cela nous permet &eacute;galement d&rsquo;assurer pour vous des <span style=\"color: #ffffff;\"><a style=\"color: #ffffff;\" href=\"..\/transport-conditionne\/\" target=\"_self\" rel=\"noopener\">transports conditionn&eacute;s<\/a><\/span> tels que <span style=\"color: #ffffff;\"><a style=\"color: #ffffff;\" href=\"..\/transport-de-produits-surgeles\/\" target=\"_self\" rel=\"noopener\">le transport de produits congel&eacute;s<\/a><\/span>, <span style=\"color: #ffffff;\"><a style=\"color: #ffffff;\" href=\"..\/transport-de-fruits\/\" target=\"_self\" rel=\"noopener\">le transport de fruits<\/a><\/span> ou <span style=\"color: #ffffff;\"><a style=\"color: #ffffff;\" href=\"..\/transport-de-legumes\/\" target=\"_self\" rel=\"noopener\">le transport de l&eacute;gumes<\/a><\/span>.<br \/><\/span><\/p>\n<\/div><\/div><\/div><\/div><div class = \"tatsu-column-bg-image-wrap\"><div class = \"tatsu-column-bg-image tatsu-bg-lazyload\" data-src = \"\"><\/div><\/div><div class=\"tatsu-overlay tatsu-column-overlay tatsu-animate-none\" ><\/div><\/div><style>.tatsu-row > .tatsu-Ji8fbbSW1.tatsu-column{width: 100%;}.tatsu-Ji8fbbSW1.tatsu-column > .tatsu-column-inner > .tatsu-column-overlay{mix-blend-mode: normal;}.tatsu-Ji8fbbSW1 > .tatsu-column-inner > .tatsu-top-divider{z-index: 9999;}.tatsu-Ji8fbbSW1 > .tatsu-column-inner > .tatsu-bottom-divider{z-index: 9999;}.tatsu-Ji8fbbSW1 > .tatsu-column-inner > .tatsu-left-divider{z-index: 9999;}.tatsu-Ji8fbbSW1 > .tatsu-column-inner > .tatsu-right-divider{z-index: 9999;}@media only screen and (max-width:1377px) {.tatsu-row > .tatsu-Ji8fbbSW1.tatsu-column{width: 100%;}}@media only screen and (min-width:768px) and (max-width: 1024px) {.tatsu-row > .tatsu-Ji8fbbSW1.tatsu-column{width: 100%;}}@media only screen and (max-width: 767px) {.tatsu-row > .tatsu-Ji8fbbSW1.tatsu-column{width: 100%;}}<\/style><\/div><\/div><\/div><\/div><div class=\"tatsu-section-background-wrap\"><div class = \"tatsu-section-background tatsu-bg-lazyload\" data-src = \"\"><\/div><\/div><div class=\"tatsu-overlay tatsu-section-overlay\"><\/div><style>.tatsu-gZqu-V1SYU.tatsu-section{background-color: rgba(0,161,230,1);}.tatsu-gZqu-V1SYU .tatsu-section-pad{padding: 90px 0px 90px 0px;}.tatsu-gZqu-V1SYU .tatsu-section-offset-wrap{transform: translateY(-0px);}.tatsu-gZqu-V1SYU > .tatsu-bottom-divider{z-index: 9999;}.tatsu-gZqu-V1SYU > .tatsu-top-divider{z-index: 9999;}.tatsu-gZqu-V1SYU .tatsu-section-overlay{mix-blend-mode: normal;}<\/style><\/div><div  class=\"tatsu-r1neWTwch tatsu-section  tatsu-bg-overlay   tatsu-clearfix\" data-title=\"\"  data-headerscheme=\"background--dark\"><div class='tatsu-section-pad clearfix' data-padding='{\"d\":\"89px 0px 90px 0px\"}' data-padding-top='89px'><div class=\"tatsu-row-wrap  tatsu-wrap tatsu-row-one-col tatsu-row-has-one-cols tatsu-medium-gutter tatsu-reg-cols  tatsu-clearfix tatsu-rJlnlZav93\" ><div  class=\"tatsu-row \" ><div  class=\"tatsu-column  tatsu-bg-overlay tatsu-one-col tatsu-column-image-none tatsu-column-effect-none  tatsu-Sk-hxb6w5h\"  data-parallax-speed=\"0\" style=\"\"><div class=\"tatsu-column-inner \" ><div class=\"tatsu-column-pad-wrap\"><div class=\"tatsu-column-pad\" ><div  class=\"tatsu-module tatsu-text-block-wrap tatsu-H1diUR602  \"><div class=\"tatsu-text-inner tatsu-align-center  clearfix\" ><style>.tatsu-H1diUR602.tatsu-text-block-wrap .tatsu-text-inner{width: 100%;text-align: left;color: rgba(0,161,230,1) ;}.tatsu-H1diUR602 .tatsu-text-inner *{color: rgba(0,161,230,1) ;}<\/style>\n<h3><strong>S\u00e9curit\u00e9 alimentaire et hygi\u00e8ne<br \/>\n<\/strong><\/h3>\n<\/div><\/div><div  class=\"tatsu-module tatsu-inline-text clearfix tatsu-ByXhx-aP92   \" ><style>.tatsu-ByXhx-aP92 .tatsu-inline-text-inner{width: 100%;text-align: left;}@media only screen and (max-width: 767px) {.tatsu-ByXhx-aP92 .tatsu-inline-text-inner{width: 100%;}}<\/style><div class=\"tatsu-inline-text-inner tatsu-align-center\">\n<p class=\"MsoNormal\"><span class=\"palette-0 MsoNormal\">En tant que transporteur de fleurs, nous attachons une grande importance \u00e0 la s\u00e9curit\u00e9 alimentaire et \u00e0 l&rsquo;hygi\u00e8ne. Nous nous conformons \u00e0 toutes les r\u00e9glementations et normes en vigueur et disposons de protocoles stricts pour le nettoyage et la d\u00e9sinfection de nos moyens de transport. Vous pouvez \u00eatre s\u00fbr que vos fleurs et plantes sont transport\u00e9es dans un environnement propre et s\u00fbr, avec la plus grande attention \u00e0 l&rsquo;int\u00e9grit\u00e9 de vos produits.<br \/>\n<\/span><\/p>\n<p class=\"MsoNormal\"><span class=\"palette-0 MsoNormal\"> Le respect des d\u00e9lais de livraison est essentiel pour le transport de fleurs. Les fleurs et plantes fra\u00eeches ont une dur\u00e9e de vie limit\u00e9e, c&rsquo;est pourquoi nous proposons des horaires de livraison flexibles adapt\u00e9s \u00e0 vos besoins sp\u00e9cifiques. Nos services de livraison fiables garantissent que vos fleurs et plantes arrivent \u00e0 temps, o\u00f9 qu&rsquo;elles soient. <\/span><\/p>\n<\/div><\/div><\/div><\/div><div class = \"tatsu-column-bg-image-wrap\"><div class = \"tatsu-column-bg-image tatsu-bg-lazyload\" data-src = \"\"><\/div><\/div><div class=\"tatsu-overlay tatsu-column-overlay tatsu-animate-none\" ><\/div><\/div><style>.tatsu-row > .tatsu-Sk-hxb6w5h.tatsu-column{width: 100%;}.tatsu-Sk-hxb6w5h.tatsu-column > .tatsu-column-inner > .tatsu-column-overlay{mix-blend-mode: normal;}.tatsu-Sk-hxb6w5h > .tatsu-column-inner > .tatsu-top-divider{z-index: 9999;}.tatsu-Sk-hxb6w5h > .tatsu-column-inner > .tatsu-bottom-divider{z-index: 9999;}.tatsu-Sk-hxb6w5h > .tatsu-column-inner > .tatsu-left-divider{z-index: 9999;}.tatsu-Sk-hxb6w5h > .tatsu-column-inner > .tatsu-right-divider{z-index: 9999;}@media only screen and (max-width:1377px) {.tatsu-row > .tatsu-Sk-hxb6w5h.tatsu-column{width: 100%;}}@media only screen and (min-width:768px) and (max-width: 1024px) {.tatsu-row > .tatsu-Sk-hxb6w5h.tatsu-column{width: 100%;}}@media only screen and (max-width: 767px) {.tatsu-row > .tatsu-Sk-hxb6w5h.tatsu-column{width: 100%;}}<\/style><\/div><\/div><\/div><\/div><div class=\"tatsu-section-background-wrap\"><div class = \"tatsu-section-background tatsu-bg-lazyload\" data-src = \"\"><\/div><\/div><div class=\"tatsu-overlay tatsu-section-overlay\"><\/div><style>.tatsu-r1neWTwch.tatsu-section{background-color: #ffffff;}.tatsu-r1neWTwch .tatsu-section-pad{padding: 89px 0px 90px 0px;}.tatsu-r1neWTwch .tatsu-section-offset-wrap{transform: translateY(-0px);}.tatsu-r1neWTwch > .tatsu-bottom-divider{z-index: 9999;}.tatsu-r1neWTwch > .tatsu-top-divider{z-index: 9999;}.tatsu-r1neWTwch .tatsu-section-overlay{mix-blend-mode: normal;}<\/style><\/div>\n","protected":false},"excerpt":{"rendered":"<div><a href=\"https:\/\/fle-nl.com\/fr\/transport-de-fleurs\/\" class=\"exp-read-more exp-read-more-underlined\">Read More<\/a><\/div>\n","protected":false},"author":6,"featured_media":0,"parent":0,"menu_order":0,"comment_status":"closed","ping_status":"closed","template":"","meta":{"footnotes":""},"class_list":["post-8602","page","type-page","status-publish","hentry"],"yoast_head":"<!-- This site is optimized with the Yoast SEO plugin v27.4 - https:\/\/yoast.com\/product\/yoast-seo-wordpress\/ -->\n<title>Transport des fleurs - Freight Line Europe<\/title>\n<meta name=\"description\" content=\"Vous \u00eates \u00e0 la recherche d&#039;un transport de fleurs fiable ? Nous garantissons des temp\u00e9ratures contr\u00f4l\u00e9es et des conditions optimales.\" \/>\n<meta name=\"robots\" content=\"index, follow, max-snippet:-1, max-image-preview:large, max-video-preview:-1\" \/>\n<link rel=\"canonical\" href=\"https:\/\/fle-nl.com\/fr\/transport-de-fleurs\/\" \/>\n<meta property=\"og:locale\" content=\"fr_FR\" \/>\n<meta property=\"og:type\" content=\"article\" \/>\n<meta property=\"og:title\" content=\"Transport des fleurs - Freight Line Europe\" \/>\n<meta property=\"og:description\" content=\"Vous \u00eates \u00e0 la recherche d&#039;un transport de fleurs fiable ? Nous garantissons des temp\u00e9ratures contr\u00f4l\u00e9es et des conditions optimales.\" \/>\n<meta property=\"og:url\" content=\"https:\/\/fle-nl.com\/fr\/transport-de-fleurs\/\" \/>\n<meta property=\"og:site_name\" content=\"Freight Line Europe\" \/>\n<meta property=\"article:publisher\" content=\"https:\/\/www.facebook.com\/freightlineeurope\/\" \/>\n<meta property=\"article:modified_time\" content=\"2025-02-18T11:53:12+00:00\" \/>\n<meta name=\"twitter:card\" content=\"summary_large_image\" \/>\n<meta name=\"twitter:label1\" content=\"Dur\u00e9e de lecture estim\u00e9e\" \/>\n\t<meta name=\"twitter:data1\" content=\"11 minutes\" \/>\n<!-- \/ Yoast SEO plugin. -->","yoast_head_json":{"title":"Transport des fleurs - Freight Line Europe","description":"Vous \u00eates \u00e0 la recherche d'un transport de fleurs fiable ? Nous garantissons des temp\u00e9ratures contr\u00f4l\u00e9es et des conditions optimales.","robots":{"index":"index","follow":"follow","max-snippet":"max-snippet:-1","max-image-preview":"max-image-preview:large","max-video-preview":"max-video-preview:-1"},"canonical":"https:\/\/fle-nl.com\/fr\/transport-de-fleurs\/","og_locale":"fr_FR","og_type":"article","og_title":"Transport des fleurs - Freight Line Europe","og_description":"Vous \u00eates \u00e0 la recherche d'un transport de fleurs fiable ? Nous garantissons des temp\u00e9ratures contr\u00f4l\u00e9es et des conditions optimales.","og_url":"https:\/\/fle-nl.com\/fr\/transport-de-fleurs\/","og_site_name":"Freight Line Europe","article_publisher":"https:\/\/www.facebook.com\/freightlineeurope\/","article_modified_time":"2025-02-18T11:53:12+00:00","twitter_card":"summary_large_image","twitter_misc":{"Dur\u00e9e de lecture estim\u00e9e":"11 minutes"},"schema":{"@context":"https:\/\/schema.org","@graph":[{"@type":"WebPage","@id":"https:\/\/fle-nl.com\/fr\/transport-de-fleurs\/","url":"https:\/\/fle-nl.com\/fr\/transport-de-fleurs\/","name":"Transport des fleurs - Freight Line Europe","isPartOf":{"@id":"https:\/\/fle-nl.com\/#website"},"datePublished":"2024-05-24T12:03:54+00:00","dateModified":"2025-02-18T11:53:12+00:00","description":"Vous \u00eates \u00e0 la recherche d'un transport de fleurs fiable ? Nous garantissons des temp\u00e9ratures contr\u00f4l\u00e9es et des conditions optimales.","breadcrumb":{"@id":"https:\/\/fle-nl.com\/fr\/transport-de-fleurs\/#breadcrumb"},"inLanguage":"fr-FR","potentialAction":[{"@type":"ReadAction","target":["https:\/\/fle-nl.com\/fr\/transport-de-fleurs\/"]}]},{"@type":"BreadcrumbList","@id":"https:\/\/fle-nl.com\/fr\/transport-de-fleurs\/#breadcrumb","itemListElement":[{"@type":"ListItem","position":1,"name":"Geconditioneerd transport","item":"https:\/\/fle-nl.com\/fr\/"},{"@type":"ListItem","position":2,"name":"Transport de fleurs"}]},{"@type":"WebSite","@id":"https:\/\/fle-nl.com\/#website","url":"https:\/\/fle-nl.com\/","name":"Freight Line Europe","description":"Votre partenaire de confiance pour le transport frigorifique!","publisher":{"@id":"https:\/\/fle-nl.com\/#organization"},"potentialAction":[{"@type":"SearchAction","target":{"@type":"EntryPoint","urlTemplate":"https:\/\/fle-nl.com\/?s={search_term_string}"},"query-input":{"@type":"PropertyValueSpecification","valueRequired":true,"valueName":"search_term_string"}}],"inLanguage":"fr-FR"},{"@type":"Organization","@id":"https:\/\/fle-nl.com\/#organization","name":"Freight Line Europe","url":"https:\/\/fle-nl.com\/","logo":{"@type":"ImageObject","inLanguage":"fr-FR","@id":"https:\/\/fle-nl.com\/#\/schema\/logo\/image\/","url":"https:\/\/fle-nl.com\/wp-content\/uploads\/2024\/09\/FLE_BLAUWaRTBOARD-1-cropped.png","contentUrl":"https:\/\/fle-nl.com\/wp-content\/uploads\/2024\/09\/FLE_BLAUWaRTBOARD-1-cropped.png","width":856,"height":679,"caption":"Freight Line Europe"},"image":{"@id":"https:\/\/fle-nl.com\/#\/schema\/logo\/image\/"},"sameAs":["https:\/\/www.facebook.com\/freightlineeurope\/","https:\/\/instagram.com\/freightlineeurope","https:\/\/linkedin.com\/freightlineeurope","https:\/\/www.youtube.com\/@freightlineeurope"]}]}},"_links":{"self":[{"href":"https:\/\/fle-nl.com\/fr\/wp-json\/wp\/v2\/pages\/8602","targetHints":{"allow":["GET"]}}],"collection":[{"href":"https:\/\/fle-nl.com\/fr\/wp-json\/wp\/v2\/pages"}],"about":[{"href":"https:\/\/fle-nl.com\/fr\/wp-json\/wp\/v2\/types\/page"}],"author":[{"embeddable":true,"href":"https:\/\/fle-nl.com\/fr\/wp-json\/wp\/v2\/users\/6"}],"replies":[{"embeddable":true,"href":"https:\/\/fle-nl.com\/fr\/wp-json\/wp\/v2\/comments?post=8602"}],"version-history":[{"count":5,"href":"https:\/\/fle-nl.com\/fr\/wp-json\/wp\/v2\/pages\/8602\/revisions"}],"predecessor-version":[{"id":8618,"href":"https:\/\/fle-nl.com\/fr\/wp-json\/wp\/v2\/pages\/8602\/revisions\/8618"}],"wp:attachment":[{"href":"https:\/\/fle-nl.com\/fr\/wp-json\/wp\/v2\/media?parent=8602"}],"curies":[{"name":"wp","href":"https:\/\/api.w.org\/{rel}","templated":true}]}}